{"id":78208,"date":"2025-04-13T12:08:24","date_gmt":"2025-04-13T09:08:24","guid":{"rendered":"https:\/\/gohike.lv\/produkts\/julbo-shield-reactiv-saulesbrilles\/"},"modified":"2025-12-30T17:24:22","modified_gmt":"2025-12-30T14:24:22","slug":"julbo-shield-reactiv-saulesbrilles","status":"publish","type":"product","link":"https:\/\/gohike.lv\/en\/produkts\/julbo-shield-reactiv-saulesbrilles\/","title":{"rendered":"Julbo &#8211; Shield Reactiv saulesbrilles"},"content":{"rendered":"<p>Galven\u0101s \u012bpa\u0161\u012bbas:<br \/>\n\u2714 Reactiv 2-4 Polarized l\u0113cas &#8211; autom\u0101tiska piel\u0101go\u0161an\u0101s no 5% l\u012bdz 20% gaismas;<br \/>\n\u2714 Polariz\u0101cija &#8211; nov\u0113r\u0161 atstaro\u0161anos no sniega un \u016bdens virsm\u0101m;<br \/>\n\u2714 Air Flow &#8211; \u012bpa\u0161s pretaizsv\u012b\u0161anas p\u0101rkl\u0101jums, aizkav\u0113 kondens\u0101ta ra\u0161anos un nodro\u0161ina skaidru redzam\u012bbu;<br \/>\n\u2714 No\u0146emami Spandex s\u0101nu aizsargi &#8211; iztur\u012bgi pret \u016bdeni, karstumu un aukstumu;<br \/>\n\u2714 Grip Tech k\u0101ji\u0146as &#8211; komforts un notur\u012bba kust\u012bb\u0101.<br \/>\nTehniskie parametri:<br \/>\nL\u0113cu tips: Reactiv 2-4 Polarized;<br \/>\nGaismas caurlaid\u012bba: 5-20%;<br \/>\nUV aizsardz\u012bba: 100% UV400;<br \/>\nSvars: 32 g;<br \/>\nIzm\u0113rs: L.<br \/>\nIzm\u0113ri:<br \/>\nL\u0113cas augstums: 17 mm;<br \/>\nDeguna balsta platums: 45 mm;<br \/>\nL\u0113cas platums: 59 mm;<br \/>\nK\u0101ji\u0146u garums: 130 mm.<br \/>\nUnik\u0101l\u0101s tehnolo\u0123ijas:<br \/>\n\u2705 Nose Grip &#8211; triecienus absorb\u0113jo\u0161s deguna balsts;<br \/>\n\u2705 Grip Tech Temple &#8211; nesl\u012bdo\u0161i, matiem draudz\u012bgi k\u0101ji\u0146u uzga\u013ci;<br \/>\n\u2705 Cord Attachment &#8211; iesp\u0113ja piestiprin\u0101t aukli\u0146u;<br \/>\n\u2705 Non-Temperature Sensitive &#8211; \u0101tra reakcija jebkuras temperat\u016bras apst\u0101k\u013cos;<br \/>\n\u2705 Anti-fog p\u0101rkl\u0101jums &#8211; nov\u0113r\u0161 kondens\u0101cijas veido\u0161anos;<br \/>\n\u2705 E\u013c\u013cu atgr\u016bdo\u0161s p\u0101rkl\u0101jums &#8211; viegl\u0101k t\u012br\u0101mas.<br \/>\nL\u0113cas \u012bpa\u0161\u012bbas:<br \/>\n\u2022 Br\u016bns tonis &#8211; uzlabo reljefa un kontrastu uztveri;<br \/>\n\u2022 Polariz\u0101cija &#8211; nov\u0113r\u0161 atsp\u012bdumus;<br \/>\n\u2022 Augst\u0101k\u0101s klases aizsardz\u012bba kalnos;<br \/>\n\u2022 Piem\u0113rotas ekstr\u0113miem apst\u0101k\u013ciem (kalni, tuksnesis, j\u016bra).<br \/>\nKomplekt\u0101cij\u0101:<br \/>\nNo\u0146emami Spandex s\u0101nu aizsargi;<br \/>\nJulbo storage pouch &#8211; mikro\u0161\u0137iedras uzglab\u0101\u0161anas maisi\u0146\u0161.<br \/>\nIeteicamie lietojumi:<br \/>\n\u2022 Augstkalnu alp\u012bnisms un k\u0101p\u0161ana;<br \/>\n\u2022 Freeride sl\u0113po\u0161ana un ski mountaineering;<br \/>\n\u2022 Tuksne\u0161a eksped\u012bcijas;<br \/>\n\u2022 J\u016bras sporta veidi;<br \/>\n\u2022 Ekstr\u0113mas ziemas aktivit\u0101tes.<br \/>\nPiez\u012bme: SHIELD Reactiv 2-4 Polarized apvieno Julbo vado\u0161\u0101s tehnolo\u0123ijas, nodro\u0161inot nep\u0101rsp\u0113jamu aizsardz\u012bbu un redzam\u012bbu pat ekstr\u0113mos apst\u0101k\u013cos &#8211; no kalnu virsotn\u0113m l\u012bdz tuksne\u0161iem.<br \/>\n<iframe title=\"How to clean the lenses of your goggles, glasses and helmet&#039;s visor?\" width=\"1200\" height=\"675\" src=\"https:\/\/www.youtube.com\/embed\/ZJZKDECR4cU?feature=oembed\" frameborder=\"0\" allow=\"accelerometer; autoplay; clipboard-write; encrypted-media; gyroscope; picture-in-picture; web-share\" referrerpolicy=\"strict-origin-when-cross-origin\" allowfullscreen><\/iframe><\/p>\n","protected":false},"excerpt":{"rendered":"<p>Augst\u0101k\u0101s klases kalnu saulesbrilles ar Reactiv 2-4 Polarized fotohrom\u0101tiskaj\u0101m l\u0113c\u0101m (5-20% gaismas caurlaid\u012bba), Air Flow ventil\u0101ciju un no\u0146emamiem Spandex s\u0101nu aizsargiem. Ide\u0101las ekstr\u0113miem kalnu apst\u0101k\u013ciem.<\/p>\n","protected":false},"featured_media":78370,"template":"","meta":[],"product_brand":[12860],"product_cat":[6942],"product_tag":[],"class_list":{"0":"post-78208","1":"product","2":"type-product","3":"status-publish","4":"has-post-thumbnail","6":"product_brand-julbo","7":"product_cat-saulesbrilles","8":"pa_produkta-tips-saulesbrilles","10":"first","11":"instock","12":"taxable","13":"shipping-taxable","14":"purchasable","15":"product-type-simple"},"raw_content":{"name":"Julbo - Shield Reactiv saulesbrilles","description":"Galven\u0101s \u012bpa\u0161\u012bbas:\n\u2714 Reactiv 2-4 Polarized l\u0113cas - autom\u0101tiska piel\u0101go\u0161an\u0101s no 5% l\u012bdz 20% gaismas;\n\u2714 Polariz\u0101cija - nov\u0113r\u0161 atstaro\u0161anos no sniega un \u016bdens virsm\u0101m;\n\u2714 Air Flow - \u012bpa\u0161s pretaizsv\u012b\u0161anas p\u0101rkl\u0101jums, aizkav\u0113 kondens\u0101ta ra\u0161anos un nodro\u0161ina skaidru redzam\u012bbu;\n\u2714 No\u0146emami Spandex s\u0101nu aizsargi - iztur\u012bgi pret \u016bdeni, karstumu un aukstumu;\n\u2714 Grip Tech k\u0101ji\u0146as - komforts un notur\u012bba kust\u012bb\u0101.\nTehniskie parametri:\nL\u0113cu tips: Reactiv 2-4 Polarized;\nGaismas caurlaid\u012bba: 5-20%;\nUV aizsardz\u012bba: 100% UV400;\nSvars: 32 g;\nIzm\u0113rs: L.\nIzm\u0113ri:\nL\u0113cas augstums: 17 mm;\nDeguna balsta platums: 45 mm;\nL\u0113cas platums: 59 mm;\nK\u0101ji\u0146u garums: 130 mm.\nUnik\u0101l\u0101s tehnolo\u0123ijas:\n\u2705 Nose Grip - triecienus absorb\u0113jo\u0161s deguna balsts;\n\u2705 Grip Tech Temple - nesl\u012bdo\u0161i, matiem draudz\u012bgi k\u0101ji\u0146u uzga\u013ci;\n\u2705 Cord Attachment - iesp\u0113ja piestiprin\u0101t aukli\u0146u;\n\u2705 Non-Temperature Sensitive - \u0101tra reakcija jebkuras temperat\u016bras apst\u0101k\u013cos;\n\u2705 Anti-fog p\u0101rkl\u0101jums - nov\u0113r\u0161 kondens\u0101cijas veido\u0161anos;\n\u2705 E\u013c\u013cu atgr\u016bdo\u0161s p\u0101rkl\u0101jums - viegl\u0101k t\u012br\u0101mas.\nL\u0113cas \u012bpa\u0161\u012bbas:\n\u2022 Br\u016bns tonis - uzlabo reljefa un kontrastu uztveri;\n\u2022 Polariz\u0101cija - nov\u0113r\u0161 atsp\u012bdumus;\n\u2022 Augst\u0101k\u0101s klases aizsardz\u012bba kalnos;\n\u2022 Piem\u0113rotas ekstr\u0113miem apst\u0101k\u013ciem (kalni, tuksnesis, j\u016bra).\nKomplekt\u0101cij\u0101:\nNo\u0146emami Spandex s\u0101nu aizsargi;\nJulbo storage pouch - mikro\u0161\u0137iedras uzglab\u0101\u0161anas maisi\u0146\u0161.\nIeteicamie lietojumi:\n\u2022 Augstkalnu alp\u012bnisms un k\u0101p\u0161ana;\n\u2022 Freeride sl\u0113po\u0161ana un ski mountaineering;\n\u2022 Tuksne\u0161a eksped\u012bcijas;\n\u2022 J\u016bras sporta veidi;\n\u2022 Ekstr\u0113mas ziemas aktivit\u0101tes.\nPiez\u012bme: SHIELD Reactiv 2-4 Polarized apvieno Julbo vado\u0161\u0101s tehnolo\u0123ijas, nodro\u0161inot nep\u0101rsp\u0113jamu aizsardz\u012bbu un redzam\u012bbu pat ekstr\u0113mos apst\u0101k\u013cos - no kalnu virsotn\u0113m l\u012bdz tuksne\u0161iem.\nhttps:\/\/www.youtube.com\/watch?v=ZJZKDECR4cU","short_description":"Augst\u0101k\u0101s klases kalnu saulesbrilles ar Reactiv 2-4 Polarized fotohrom\u0101tiskaj\u0101m l\u0113c\u0101m (5-20% gaismas caurlaid\u012bba), Air Flow ventil\u0101ciju un no\u0146emamiem Spandex s\u0101nu aizsargiem. Ide\u0101las ekstr\u0113miem kalnu apst\u0101k\u013ciem.","status":"publish","sku":"J5065014","original":78208},"wpml":{"translation_type":0,"has_translations":false,"original":78208,"duplicates":[],"translations":{"lv":78208,"en":null,"ru":null}},"supplier_id":null,"supplier_sku":"","barcode":null,"atum_controlled":true,"out_stock_date":null,"out_stock_threshold":null,"inheritable":false,"inbound_stock":0,"stock_on_hold":0,"sold_today":0,"sales_last_days":0,"reserved_stock":0,"customer_returns":0,"warehouse_damage":0,"lost_in_post":0,"other_logs":0,"out_stock_days":0,"lost_sales":0,"has_location":false,"update_date":"2025-12-30T14:25:12","atum_locations":[],"atum_stock_status":"instock","restock_status":false,"low_stock_amount":"","sales_update_date":"2025-11-13T14:09:05","calc_backorders":null,"yoast_head":"<!-- This site is optimized with the Yoast SEO plugin v27.3 - https:\/\/yoast.com\/product\/yoast-seo-wordpress\/ -->\n<title>Julbo Shield Reactiv saulesbrilles<\/title>\n<meta name=\"description\" content=\"Augst\u0101k\u0101s klases kalnu saulesbrilles ar Reactiv 2-4 Polarized fotohrom\u0101tiskaj\u0101m l\u0113c\u0101m (5-20% gaismas caurlaid\u012bba), Air Flow ventil\u0101ciju un no\u0146emamiem Spandex s\u0101nu aizsargiem. Ide\u0101las ekstr\u0113miem kalnu apst\u0101k\u013ciem.\" \/>\n<meta name=\"robots\" content=\"index, follow, max-snippet:-1, max-image-preview:large, max-video-preview:-1\" \/>\n<link rel=\"canonical\" href=\"https:\/\/gohike.lv\/en\/produkts\/julbo-shield-reactiv-saulesbrilles\/\" \/>\n<meta property=\"og:locale\" content=\"en_US\" \/>\n<meta property=\"og:type\" content=\"article\" \/>\n<meta property=\"og:title\" content=\"Julbo Shield Reactiv saulesbrilles\" \/>\n<meta property=\"og:description\" content=\"Augst\u0101k\u0101s klases kalnu saulesbrilles ar Reactiv 2-4 Polarized fotohrom\u0101tiskaj\u0101m l\u0113c\u0101m (5-20% gaismas caurlaid\u012bba), Air Flow ventil\u0101ciju un no\u0146emamiem Spandex s\u0101nu aizsargiem. Ide\u0101las ekstr\u0113miem kalnu apst\u0101k\u013ciem.\" \/>\n<meta property=\"og:url\" content=\"https:\/\/gohike.lv\/en\/produkts\/julbo-shield-reactiv-saulesbrilles\/\" \/>\n<meta property=\"og:site_name\" content=\"GoHike\" \/>\n<meta property=\"article:publisher\" content=\"https:\/\/www.facebook.com\/gohike.shop\/\" \/>\n<meta property=\"article:modified_time\" content=\"2025-12-30T14:24:22+00:00\" \/>\n<meta property=\"og:image\" content=\"https:\/\/gohike.lv\/wp-content\/uploads\/2025\/04\/ShieldReaktiv_.webp\" \/>\n\t<meta property=\"og:image:width\" content=\"823\" \/>\n\t<meta property=\"og:image:height\" content=\"686\" \/>\n\t<meta property=\"og:image:type\" content=\"image\/webp\" \/>\n<meta name=\"twitter:card\" content=\"summary_large_image\" \/>\n<meta name=\"twitter:title\" content=\"Julbo Shield Reactiv saulesbrilles\" \/>\n<meta name=\"twitter:label1\" content=\"Est. reading time\" \/>\n\t<meta name=\"twitter:data1\" content=\"2 minutes\" \/>\n<script type=\"application\/ld+json\" class=\"yoast-schema-graph\">{\"@context\":\"https:\\\/\\\/schema.org\",\"@graph\":[{\"@type\":[\"WebPage\",\"ItemPage\"],\"@id\":\"https:\\\/\\\/gohike.lv\\\/en\\\/produkts\\\/julbo-shield-reactiv-saulesbrilles\\\/\",\"url\":\"https:\\\/\\\/gohike.lv\\\/en\\\/produkts\\\/julbo-shield-reactiv-saulesbrilles\\\/\",\"name\":\"Julbo Shield Reactiv saulesbrilles\",\"isPartOf\":{\"@id\":\"https:\\\/\\\/gohike.lv\\\/en\\\/#website\"},\"primaryImageOfPage\":{\"@id\":\"https:\\\/\\\/gohike.lv\\\/en\\\/produkts\\\/julbo-shield-reactiv-saulesbrilles\\\/#primaryimage\"},\"image\":{\"@id\":\"https:\\\/\\\/gohike.lv\\\/en\\\/produkts\\\/julbo-shield-reactiv-saulesbrilles\\\/#primaryimage\"},\"thumbnailUrl\":\"https:\\\/\\\/gohike.lv\\\/wp-content\\\/uploads\\\/2025\\\/04\\\/ShieldReaktiv_.webp\",\"datePublished\":\"2025-04-13T09:08:24+00:00\",\"dateModified\":\"2025-12-30T14:24:22+00:00\",\"description\":\"Augst\u0101k\u0101s klases kalnu saulesbrilles ar Reactiv 2-4 Polarized fotohrom\u0101tiskaj\u0101m l\u0113c\u0101m (5-20% gaismas caurlaid\u012bba), Air Flow ventil\u0101ciju un no\u0146emamiem Spandex s\u0101nu aizsargiem. Ide\u0101las ekstr\u0113miem kalnu apst\u0101k\u013ciem.\",\"breadcrumb\":{\"@id\":\"https:\\\/\\\/gohike.lv\\\/en\\\/produkts\\\/julbo-shield-reactiv-saulesbrilles\\\/#breadcrumb\"},\"inLanguage\":\"en-US\",\"potentialAction\":[{\"@type\":\"ReadAction\",\"target\":[\"https:\\\/\\\/gohike.lv\\\/en\\\/produkts\\\/julbo-shield-reactiv-saulesbrilles\\\/\"]}]},{\"@type\":\"ImageObject\",\"inLanguage\":\"en-US\",\"@id\":\"https:\\\/\\\/gohike.lv\\\/en\\\/produkts\\\/julbo-shield-reactiv-saulesbrilles\\\/#primaryimage\",\"url\":\"https:\\\/\\\/gohike.lv\\\/wp-content\\\/uploads\\\/2025\\\/04\\\/ShieldReaktiv_.webp\",\"contentUrl\":\"https:\\\/\\\/gohike.lv\\\/wp-content\\\/uploads\\\/2025\\\/04\\\/ShieldReaktiv_.webp\",\"width\":823,\"height\":686},{\"@type\":\"BreadcrumbList\",\"@id\":\"https:\\\/\\\/gohike.lv\\\/en\\\/produkts\\\/julbo-shield-reactiv-saulesbrilles\\\/#breadcrumb\",\"itemListElement\":[{\"@type\":\"ListItem\",\"position\":1,\"name\":\"Home\",\"item\":\"https:\\\/\\\/gohike.lv\\\/en\\\/\"},{\"@type\":\"ListItem\",\"position\":2,\"name\":\"Product categories\",\"item\":\"https:\\\/\\\/gohike.lv\\\/en\\\/product-categories\\\/\"},{\"@type\":\"ListItem\",\"position\":3,\"name\":\"Julbo &#8211; Shield Reactiv saulesbrilles\"}]},{\"@type\":\"WebSite\",\"@id\":\"https:\\\/\\\/gohike.lv\\\/en\\\/#website\",\"url\":\"https:\\\/\\\/gohike.lv\\\/en\\\/\",\"name\":\"GoHike\",\"description\":\"\",\"publisher\":{\"@id\":\"https:\\\/\\\/gohike.lv\\\/en\\\/#organization\"},\"potentialAction\":[{\"@type\":\"SearchAction\",\"target\":{\"@type\":\"EntryPoint\",\"urlTemplate\":\"https:\\\/\\\/gohike.lv\\\/en\\\/?s={search_term_string}\"},\"query-input\":{\"@type\":\"PropertyValueSpecification\",\"valueRequired\":true,\"valueName\":\"search_term_string\"}}],\"inLanguage\":\"en-US\"},{\"@type\":\"Organization\",\"@id\":\"https:\\\/\\\/gohike.lv\\\/en\\\/#organization\",\"name\":\"GoHike\",\"url\":\"https:\\\/\\\/gohike.lv\\\/en\\\/\",\"logo\":{\"@type\":\"ImageObject\",\"inLanguage\":\"en-US\",\"@id\":\"https:\\\/\\\/gohike.lv\\\/en\\\/#\\\/schema\\\/logo\\\/image\\\/\",\"url\":\"https:\\\/\\\/gohike.lv\\\/wp-content\\\/uploads\\\/2023\\\/08\\\/Logo_GoHike.webp\",\"contentUrl\":\"https:\\\/\\\/gohike.lv\\\/wp-content\\\/uploads\\\/2023\\\/08\\\/Logo_GoHike.webp\",\"width\":512,\"height\":512,\"caption\":\"GoHike\"},\"image\":{\"@id\":\"https:\\\/\\\/gohike.lv\\\/en\\\/#\\\/schema\\\/logo\\\/image\\\/\"},\"sameAs\":[\"https:\\\/\\\/www.facebook.com\\\/gohike.shop\\\/\",\"https:\\\/\\\/www.instagram.com\\\/gohike.shop\\\/\"]}]}<\/script>\n<!-- \/ Yoast SEO plugin. -->","yoast_head_json":{"title":"Julbo Shield Reactiv saulesbrilles","description":"Augst\u0101k\u0101s klases kalnu saulesbrilles ar Reactiv 2-4 Polarized fotohrom\u0101tiskaj\u0101m l\u0113c\u0101m (5-20% gaismas caurlaid\u012bba), Air Flow ventil\u0101ciju un no\u0146emamiem Spandex s\u0101nu aizsargiem. Ide\u0101las ekstr\u0113miem kalnu apst\u0101k\u013ciem.","robots":{"index":"index","follow":"follow","max-snippet":"max-snippet:-1","max-image-preview":"max-image-preview:large","max-video-preview":"max-video-preview:-1"},"canonical":"https:\/\/gohike.lv\/en\/produkts\/julbo-shield-reactiv-saulesbrilles\/","og_locale":"en_US","og_type":"article","og_title":"Julbo Shield Reactiv saulesbrilles","og_description":"Augst\u0101k\u0101s klases kalnu saulesbrilles ar Reactiv 2-4 Polarized fotohrom\u0101tiskaj\u0101m l\u0113c\u0101m (5-20% gaismas caurlaid\u012bba), Air Flow ventil\u0101ciju un no\u0146emamiem Spandex s\u0101nu aizsargiem. Ide\u0101las ekstr\u0113miem kalnu apst\u0101k\u013ciem.","og_url":"https:\/\/gohike.lv\/en\/produkts\/julbo-shield-reactiv-saulesbrilles\/","og_site_name":"GoHike","article_publisher":"https:\/\/www.facebook.com\/gohike.shop\/","article_modified_time":"2025-12-30T14:24:22+00:00","og_image":[{"width":823,"height":686,"url":"https:\/\/gohike.lv\/wp-content\/uploads\/2025\/04\/ShieldReaktiv_.webp","type":"image\/webp"}],"twitter_card":"summary_large_image","twitter_title":"Julbo Shield Reactiv saulesbrilles","twitter_misc":{"Est. reading time":"2 minutes"},"schema":{"@context":"https:\/\/schema.org","@graph":[{"@type":["WebPage","ItemPage"],"@id":"https:\/\/gohike.lv\/en\/produkts\/julbo-shield-reactiv-saulesbrilles\/","url":"https:\/\/gohike.lv\/en\/produkts\/julbo-shield-reactiv-saulesbrilles\/","name":"Julbo Shield Reactiv saulesbrilles","isPartOf":{"@id":"https:\/\/gohike.lv\/en\/#website"},"primaryImageOfPage":{"@id":"https:\/\/gohike.lv\/en\/produkts\/julbo-shield-reactiv-saulesbrilles\/#primaryimage"},"image":{"@id":"https:\/\/gohike.lv\/en\/produkts\/julbo-shield-reactiv-saulesbrilles\/#primaryimage"},"thumbnailUrl":"https:\/\/gohike.lv\/wp-content\/uploads\/2025\/04\/ShieldReaktiv_.webp","datePublished":"2025-04-13T09:08:24+00:00","dateModified":"2025-12-30T14:24:22+00:00","description":"Augst\u0101k\u0101s klases kalnu saulesbrilles ar Reactiv 2-4 Polarized fotohrom\u0101tiskaj\u0101m l\u0113c\u0101m (5-20% gaismas caurlaid\u012bba), Air Flow ventil\u0101ciju un no\u0146emamiem Spandex s\u0101nu aizsargiem. Ide\u0101las ekstr\u0113miem kalnu apst\u0101k\u013ciem.","breadcrumb":{"@id":"https:\/\/gohike.lv\/en\/produkts\/julbo-shield-reactiv-saulesbrilles\/#breadcrumb"},"inLanguage":"en-US","potentialAction":[{"@type":"ReadAction","target":["https:\/\/gohike.lv\/en\/produkts\/julbo-shield-reactiv-saulesbrilles\/"]}]},{"@type":"ImageObject","inLanguage":"en-US","@id":"https:\/\/gohike.lv\/en\/produkts\/julbo-shield-reactiv-saulesbrilles\/#primaryimage","url":"https:\/\/gohike.lv\/wp-content\/uploads\/2025\/04\/ShieldReaktiv_.webp","contentUrl":"https:\/\/gohike.lv\/wp-content\/uploads\/2025\/04\/ShieldReaktiv_.webp","width":823,"height":686},{"@type":"BreadcrumbList","@id":"https:\/\/gohike.lv\/en\/produkts\/julbo-shield-reactiv-saulesbrilles\/#breadcrumb","itemListElement":[{"@type":"ListItem","position":1,"name":"Home","item":"https:\/\/gohike.lv\/en\/"},{"@type":"ListItem","position":2,"name":"Product categories","item":"https:\/\/gohike.lv\/en\/product-categories\/"},{"@type":"ListItem","position":3,"name":"Julbo &#8211; Shield Reactiv saulesbrilles"}]},{"@type":"WebSite","@id":"https:\/\/gohike.lv\/en\/#website","url":"https:\/\/gohike.lv\/en\/","name":"GoHike","description":"","publisher":{"@id":"https:\/\/gohike.lv\/en\/#organization"},"potentialAction":[{"@type":"SearchAction","target":{"@type":"EntryPoint","urlTemplate":"https:\/\/gohike.lv\/en\/?s={search_term_string}"},"query-input":{"@type":"PropertyValueSpecification","valueRequired":true,"valueName":"search_term_string"}}],"inLanguage":"en-US"},{"@type":"Organization","@id":"https:\/\/gohike.lv\/en\/#organization","name":"GoHike","url":"https:\/\/gohike.lv\/en\/","logo":{"@type":"ImageObject","inLanguage":"en-US","@id":"https:\/\/gohike.lv\/en\/#\/schema\/logo\/image\/","url":"https:\/\/gohike.lv\/wp-content\/uploads\/2023\/08\/Logo_GoHike.webp","contentUrl":"https:\/\/gohike.lv\/wp-content\/uploads\/2023\/08\/Logo_GoHike.webp","width":512,"height":512,"caption":"GoHike"},"image":{"@id":"https:\/\/gohike.lv\/en\/#\/schema\/logo\/image\/"},"sameAs":["https:\/\/www.facebook.com\/gohike.shop\/","https:\/\/www.instagram.com\/gohike.shop\/"]}]}},"jetpack_sharing_enabled":true,"_links":{"self":[{"href":"https:\/\/gohike.lv\/en\/wp-json\/wp\/v2\/product\/78208","targetHints":{"allow":["GET"]}}],"collection":[{"href":"https:\/\/gohike.lv\/en\/wp-json\/wp\/v2\/product"}],"about":[{"href":"https:\/\/gohike.lv\/en\/wp-json\/wp\/v2\/types\/product"}],"version-history":[{"count":1,"href":"https:\/\/gohike.lv\/en\/wp-json\/wp\/v2\/product\/78208\/revisions"}],"predecessor-version":[{"id":118778,"href":"https:\/\/gohike.lv\/en\/wp-json\/wp\/v2\/product\/78208\/revisions\/118778"}],"wp:featuredmedia":[{"embeddable":true,"href":"https:\/\/gohike.lv\/en\/wp-json\/wp\/v2\/media\/78370"}],"wp:attachment":[{"href":"https:\/\/gohike.lv\/en\/wp-json\/wp\/v2\/media?parent=78208"}],"wp:term":[{"taxonomy":"product_brand","embeddable":true,"href":"https:\/\/gohike.lv\/en\/wp-json\/wp\/v2\/product_brand?post=78208"},{"taxonomy":"product_cat","embeddable":true,"href":"https:\/\/gohike.lv\/en\/wp-json\/wp\/v2\/product_cat?post=78208"},{"taxonomy":"product_tag","embeddable":true,"href":"https:\/\/gohike.lv\/en\/wp-json\/wp\/v2\/product_tag?post=78208"}],"curies":[{"name":"wp","href":"https:\/\/api.w.org\/{rel}","templated":true}]}}