{"id":77964,"date":"2025-04-04T16:58:26","date_gmt":"2025-04-04T13:58:26","guid":{"rendered":"https:\/\/gohike.lv\/produkts\/gear-aid-ni-glo-gear-gaismas-markieri\/"},"modified":"2026-01-02T07:54:28","modified_gmt":"2026-01-02T04:54:28","slug":"gear-aid-ni-glo-gear-gaismas-markieri","status":"publish","type":"product","link":"https:\/\/gohike.lv\/en\/produkts\/gear-aid-ni-glo-gear-gaismas-markieri\/","title":{"rendered":"GEAR AID &#8211; Ni Glo Gear  gaismas mar\u0137ieri"},"content":{"rendered":"<p>Ni Glo Gear Marker ir univers\u0101ls mar\u0137ieris, kas pal\u012bdz\u0113s atrast savas mantas tums\u0101. Tas uzl\u0101d\u0113jas no saules vai m\u0101ksl\u012bg\u0101s gaismas 10 min\u016b\u0161u laik\u0101 un sp\u012bd visu nakti. Nelielais un \u016bdensiztur\u012bgais dizains (IPX8) padara to ide\u0101lu lieto\u0161anai kemping\u0101, p\u0101rg\u0101jienos, mak\u0161\u0137er\u0113\u0161an\u0101 vai pat nir\u0161an\u0101 l\u012bdz 50 m dzi\u013cum\u0101.<br \/>\nGalven\u0101s \u012bpa\u0161\u012bbas:<br \/>\n\u2714 Uzl\u0101d\u0113jas 10 min\u016bt\u0113s, sp\u012bd l\u012bdz 10 stund\u0101m;<br \/>\n\u2714 Redzams l\u012bdz 7,6 m att\u0101lum\u0101 tums\u0101;<br \/>\n\u2714 IPX8 \u016bdensiztur\u012bba (l\u012bdz 50 m dzi\u013cum\u0101);<br \/>\n\u2714 3 da\u017e\u0101di stiprin\u0101juma varianti: atsl\u0113gas gredzens, siksna, skava;<br \/>\n\u2714 Kompakts izm\u0113rs (5 cm) un viegls (85 g).<br \/>\nTehniskie parametri:<br \/>\nUzl\u0101des laiks: 10 min (minim\u0101lais), 2 h (optim\u0101lais)<br \/>\nSp\u012bd\u0113\u0161anas ilgums: l\u012bdz 10 h<br \/>\nRedzam\u012bbas att\u0101lums: 7,6 m<br \/>\nIzm\u0113ri: 5 cm<br \/>\nSvars:<\/p>\n","protected":false},"excerpt":{"rendered":"<p>Gaismas mar\u0137ieris, kas uzl\u0101d\u0113jas 10 min\u016b\u0161u laik\u0101 no jebkura gaismas avota un sp\u012bd l\u012bdz 10 stund\u0101m.<\/p>\n","protected":false},"featured_media":77966,"template":"","meta":[],"product_brand":[13244],"product_cat":[3335],"product_tag":[],"class_list":{"0":"post-77964","1":"product","2":"type-product","3":"status-publish","4":"has-post-thumbnail","6":"product_brand-gear-aid-en","7":"product_cat-useful-things","8":"pa_izmerscm-12846","9":"pa_produkta-tips-useful-things","10":"pa_spalva-haki","11":"pa_spalva-roza","12":"pa_spalva-green","13":"pa_spalva-zils","15":"first","16":"instock","17":"taxable","18":"shipping-taxable","19":"purchasable","20":"product-type-variable","21":"has-default-attributes"},"raw_content":{"name":"GEAR AID - Ni Glo Gear  gaismas mar\u0137ieri","description":"Ni Glo Gear Marker ir univers\u0101ls mar\u0137ieris, kas pal\u012bdz\u0113s atrast savas mantas tums\u0101. Tas uzl\u0101d\u0113jas no saules vai m\u0101ksl\u012bg\u0101s gaismas 10 min\u016b\u0161u laik\u0101 un sp\u012bd visu nakti. Nelielais un \u016bdensiztur\u012bgais dizains (IPX8) padara to ide\u0101lu lieto\u0161anai kemping\u0101, p\u0101rg\u0101jienos, mak\u0161\u0137er\u0113\u0161an\u0101 vai pat nir\u0161an\u0101 l\u012bdz 50 m dzi\u013cum\u0101.\nGalven\u0101s \u012bpa\u0161\u012bbas:\n\u2714 Uzl\u0101d\u0113jas 10 min\u016bt\u0113s, sp\u012bd l\u012bdz 10 stund\u0101m;\n\u2714 Redzams l\u012bdz 7,6 m att\u0101lum\u0101 tums\u0101;\n\u2714 IPX8 \u016bdensiztur\u012bba (l\u012bdz 50 m dzi\u013cum\u0101);\n\u2714 3 da\u017e\u0101di stiprin\u0101juma varianti: atsl\u0113gas gredzens, siksna, skava;\n\u2714 Kompakts izm\u0113rs (5 cm) un viegls (85 g).\nTehniskie parametri:\nUzl\u0101des laiks: 10 min (minim\u0101lais), 2 h (optim\u0101lais)\nSp\u012bd\u0113\u0161anas ilgums: l\u012bdz 10 h\nRedzam\u012bbas att\u0101lums: 7,6 m\nIzm\u0113ri: 5 cm\nSvars:","short_description":"Gaismas mar\u0137ieris, kas uzl\u0101d\u0113jas 10 min\u016b\u0161u laik\u0101 no jebkura gaismas avota un sp\u012bd l\u012bdz 10 stund\u0101m.","status":"publish","sku":"graid0003","original":77964},"wpml":{"translation_type":0,"has_translations":false,"original":77964,"duplicates":[],"translations":{"lv":77964,"en":null,"ru":null}},"supplier_id":null,"supplier_sku":"","barcode":null,"atum_controlled":true,"out_stock_date":null,"out_stock_threshold":null,"inheritable":true,"inbound_stock":0,"stock_on_hold":0,"sold_today":0,"sales_last_days":0,"reserved_stock":0,"customer_returns":0,"warehouse_damage":0,"lost_in_post":0,"other_logs":0,"out_stock_days":0,"lost_sales":0,"has_location":false,"update_date":"2025-12-30T14:25:12","atum_locations":[],"atum_stock_status":"instock","restock_status":false,"low_stock_amount":"","sales_update_date":"2025-11-13T14:07:39","calc_backorders":null,"yoast_head":"<!-- This site is optimized with the Yoast SEO plugin v27.3 - https:\/\/yoast.com\/product\/yoast-seo-wordpress\/ -->\n<title>GEAR AID Ni Glo Gear gaismas mar\u0137ieri<\/title>\n<meta name=\"description\" content=\"Gaismas mar\u0137ieris, kas uzl\u0101d\u0113jas 10 min\u016b\u0161u laik\u0101 no jebkura gaismas avota un sp\u012bd l\u012bdz 10 stund\u0101m.\" \/>\n<meta name=\"robots\" content=\"index, follow, max-snippet:-1, max-image-preview:large, max-video-preview:-1\" \/>\n<link rel=\"canonical\" href=\"https:\/\/gohike.lv\/en\/produkts\/gear-aid-ni-glo-gear-gaismas-markieri\/\" \/>\n<meta property=\"og:locale\" content=\"en_US\" \/>\n<meta property=\"og:type\" content=\"article\" \/>\n<meta property=\"og:title\" content=\"GEAR AID Ni Glo Gear gaismas mar\u0137ieri\" \/>\n<meta property=\"og:description\" content=\"Gaismas mar\u0137ieris, kas uzl\u0101d\u0113jas 10 min\u016b\u0161u laik\u0101 no jebkura gaismas avota un sp\u012bd l\u012bdz 10 stund\u0101m.\" \/>\n<meta property=\"og:url\" content=\"https:\/\/gohike.lv\/en\/produkts\/gear-aid-ni-glo-gear-gaismas-markieri\/\" \/>\n<meta property=\"og:site_name\" content=\"GoHike\" \/>\n<meta property=\"article:publisher\" content=\"https:\/\/www.facebook.com\/gohike.shop\/\" \/>\n<meta property=\"article:modified_time\" content=\"2026-01-02T04:54:28+00:00\" \/>\n<meta property=\"og:image\" content=\"https:\/\/gohike.lv\/wp-content\/uploads\/2025\/04\/Glow_haki.webp\" \/>\n\t<meta property=\"og:image:width\" content=\"1000\" \/>\n\t<meta property=\"og:image:height\" content=\"1000\" \/>\n\t<meta property=\"og:image:type\" content=\"image\/webp\" \/>\n<meta name=\"twitter:card\" content=\"summary_large_image\" \/>\n<meta name=\"twitter:title\" content=\"GEAR AID Ni Glo Gear gaismas mar\u0137ieri\" \/>\n<meta name=\"twitter:label1\" content=\"Est. reading time\" \/>\n\t<meta name=\"twitter:data1\" content=\"1 minute\" \/>\n<script type=\"application\/ld+json\" class=\"yoast-schema-graph\">{\"@context\":\"https:\\\/\\\/schema.org\",\"@graph\":[{\"@type\":[\"WebPage\",\"ItemPage\"],\"@id\":\"https:\\\/\\\/gohike.lv\\\/en\\\/produkts\\\/gear-aid-ni-glo-gear-gaismas-markieri\\\/\",\"url\":\"https:\\\/\\\/gohike.lv\\\/en\\\/produkts\\\/gear-aid-ni-glo-gear-gaismas-markieri\\\/\",\"name\":\"GEAR AID Ni Glo Gear gaismas mar\u0137ieri\",\"isPartOf\":{\"@id\":\"https:\\\/\\\/gohike.lv\\\/en\\\/#website\"},\"primaryImageOfPage\":{\"@id\":\"https:\\\/\\\/gohike.lv\\\/en\\\/produkts\\\/gear-aid-ni-glo-gear-gaismas-markieri\\\/#primaryimage\"},\"image\":{\"@id\":\"https:\\\/\\\/gohike.lv\\\/en\\\/produkts\\\/gear-aid-ni-glo-gear-gaismas-markieri\\\/#primaryimage\"},\"thumbnailUrl\":\"https:\\\/\\\/gohike.lv\\\/wp-content\\\/uploads\\\/2025\\\/04\\\/Glow_haki.webp\",\"datePublished\":\"2025-04-04T13:58:26+00:00\",\"dateModified\":\"2026-01-02T04:54:28+00:00\",\"description\":\"Gaismas mar\u0137ieris, kas uzl\u0101d\u0113jas 10 min\u016b\u0161u laik\u0101 no jebkura gaismas avota un sp\u012bd l\u012bdz 10 stund\u0101m.\",\"breadcrumb\":{\"@id\":\"https:\\\/\\\/gohike.lv\\\/en\\\/produkts\\\/gear-aid-ni-glo-gear-gaismas-markieri\\\/#breadcrumb\"},\"inLanguage\":\"en-US\",\"potentialAction\":[{\"@type\":\"ReadAction\",\"target\":[\"https:\\\/\\\/gohike.lv\\\/en\\\/produkts\\\/gear-aid-ni-glo-gear-gaismas-markieri\\\/\"]}]},{\"@type\":\"ImageObject\",\"inLanguage\":\"en-US\",\"@id\":\"https:\\\/\\\/gohike.lv\\\/en\\\/produkts\\\/gear-aid-ni-glo-gear-gaismas-markieri\\\/#primaryimage\",\"url\":\"https:\\\/\\\/gohike.lv\\\/wp-content\\\/uploads\\\/2025\\\/04\\\/Glow_haki.webp\",\"contentUrl\":\"https:\\\/\\\/gohike.lv\\\/wp-content\\\/uploads\\\/2025\\\/04\\\/Glow_haki.webp\",\"width\":1000,\"height\":1000},{\"@type\":\"BreadcrumbList\",\"@id\":\"https:\\\/\\\/gohike.lv\\\/en\\\/produkts\\\/gear-aid-ni-glo-gear-gaismas-markieri\\\/#breadcrumb\",\"itemListElement\":[{\"@type\":\"ListItem\",\"position\":1,\"name\":\"Home\",\"item\":\"https:\\\/\\\/gohike.lv\\\/en\\\/\"},{\"@type\":\"ListItem\",\"position\":2,\"name\":\"Product categories\",\"item\":\"https:\\\/\\\/gohike.lv\\\/en\\\/product-categories\\\/\"},{\"@type\":\"ListItem\",\"position\":3,\"name\":\"GEAR AID &#8211; Ni Glo Gear gaismas mar\u0137ieri\"}]},{\"@type\":\"WebSite\",\"@id\":\"https:\\\/\\\/gohike.lv\\\/en\\\/#website\",\"url\":\"https:\\\/\\\/gohike.lv\\\/en\\\/\",\"name\":\"GoHike\",\"description\":\"\",\"publisher\":{\"@id\":\"https:\\\/\\\/gohike.lv\\\/en\\\/#organization\"},\"potentialAction\":[{\"@type\":\"SearchAction\",\"target\":{\"@type\":\"EntryPoint\",\"urlTemplate\":\"https:\\\/\\\/gohike.lv\\\/en\\\/?s={search_term_string}\"},\"query-input\":{\"@type\":\"PropertyValueSpecification\",\"valueRequired\":true,\"valueName\":\"search_term_string\"}}],\"inLanguage\":\"en-US\"},{\"@type\":\"Organization\",\"@id\":\"https:\\\/\\\/gohike.lv\\\/en\\\/#organization\",\"name\":\"GoHike\",\"url\":\"https:\\\/\\\/gohike.lv\\\/en\\\/\",\"logo\":{\"@type\":\"ImageObject\",\"inLanguage\":\"en-US\",\"@id\":\"https:\\\/\\\/gohike.lv\\\/en\\\/#\\\/schema\\\/logo\\\/image\\\/\",\"url\":\"https:\\\/\\\/gohike.lv\\\/wp-content\\\/uploads\\\/2023\\\/08\\\/Logo_GoHike.webp\",\"contentUrl\":\"https:\\\/\\\/gohike.lv\\\/wp-content\\\/uploads\\\/2023\\\/08\\\/Logo_GoHike.webp\",\"width\":512,\"height\":512,\"caption\":\"GoHike\"},\"image\":{\"@id\":\"https:\\\/\\\/gohike.lv\\\/en\\\/#\\\/schema\\\/logo\\\/image\\\/\"},\"sameAs\":[\"https:\\\/\\\/www.facebook.com\\\/gohike.shop\\\/\",\"https:\\\/\\\/www.instagram.com\\\/gohike.shop\\\/\"]}]}<\/script>\n<!-- \/ Yoast SEO plugin. -->","yoast_head_json":{"title":"GEAR AID Ni Glo Gear gaismas mar\u0137ieri","description":"Gaismas mar\u0137ieris, kas uzl\u0101d\u0113jas 10 min\u016b\u0161u laik\u0101 no jebkura gaismas avota un sp\u012bd l\u012bdz 10 stund\u0101m.","robots":{"index":"index","follow":"follow","max-snippet":"max-snippet:-1","max-image-preview":"max-image-preview:large","max-video-preview":"max-video-preview:-1"},"canonical":"https:\/\/gohike.lv\/en\/produkts\/gear-aid-ni-glo-gear-gaismas-markieri\/","og_locale":"en_US","og_type":"article","og_title":"GEAR AID Ni Glo Gear gaismas mar\u0137ieri","og_description":"Gaismas mar\u0137ieris, kas uzl\u0101d\u0113jas 10 min\u016b\u0161u laik\u0101 no jebkura gaismas avota un sp\u012bd l\u012bdz 10 stund\u0101m.","og_url":"https:\/\/gohike.lv\/en\/produkts\/gear-aid-ni-glo-gear-gaismas-markieri\/","og_site_name":"GoHike","article_publisher":"https:\/\/www.facebook.com\/gohike.shop\/","article_modified_time":"2026-01-02T04:54:28+00:00","og_image":[{"width":1000,"height":1000,"url":"https:\/\/gohike.lv\/wp-content\/uploads\/2025\/04\/Glow_haki.webp","type":"image\/webp"}],"twitter_card":"summary_large_image","twitter_title":"GEAR AID Ni Glo Gear gaismas mar\u0137ieri","twitter_misc":{"Est. reading time":"1 minute"},"schema":{"@context":"https:\/\/schema.org","@graph":[{"@type":["WebPage","ItemPage"],"@id":"https:\/\/gohike.lv\/en\/produkts\/gear-aid-ni-glo-gear-gaismas-markieri\/","url":"https:\/\/gohike.lv\/en\/produkts\/gear-aid-ni-glo-gear-gaismas-markieri\/","name":"GEAR AID Ni Glo Gear gaismas mar\u0137ieri","isPartOf":{"@id":"https:\/\/gohike.lv\/en\/#website"},"primaryImageOfPage":{"@id":"https:\/\/gohike.lv\/en\/produkts\/gear-aid-ni-glo-gear-gaismas-markieri\/#primaryimage"},"image":{"@id":"https:\/\/gohike.lv\/en\/produkts\/gear-aid-ni-glo-gear-gaismas-markieri\/#primaryimage"},"thumbnailUrl":"https:\/\/gohike.lv\/wp-content\/uploads\/2025\/04\/Glow_haki.webp","datePublished":"2025-04-04T13:58:26+00:00","dateModified":"2026-01-02T04:54:28+00:00","description":"Gaismas mar\u0137ieris, kas uzl\u0101d\u0113jas 10 min\u016b\u0161u laik\u0101 no jebkura gaismas avota un sp\u012bd l\u012bdz 10 stund\u0101m.","breadcrumb":{"@id":"https:\/\/gohike.lv\/en\/produkts\/gear-aid-ni-glo-gear-gaismas-markieri\/#breadcrumb"},"inLanguage":"en-US","potentialAction":[{"@type":"ReadAction","target":["https:\/\/gohike.lv\/en\/produkts\/gear-aid-ni-glo-gear-gaismas-markieri\/"]}]},{"@type":"ImageObject","inLanguage":"en-US","@id":"https:\/\/gohike.lv\/en\/produkts\/gear-aid-ni-glo-gear-gaismas-markieri\/#primaryimage","url":"https:\/\/gohike.lv\/wp-content\/uploads\/2025\/04\/Glow_haki.webp","contentUrl":"https:\/\/gohike.lv\/wp-content\/uploads\/2025\/04\/Glow_haki.webp","width":1000,"height":1000},{"@type":"BreadcrumbList","@id":"https:\/\/gohike.lv\/en\/produkts\/gear-aid-ni-glo-gear-gaismas-markieri\/#breadcrumb","itemListElement":[{"@type":"ListItem","position":1,"name":"Home","item":"https:\/\/gohike.lv\/en\/"},{"@type":"ListItem","position":2,"name":"Product categories","item":"https:\/\/gohike.lv\/en\/product-categories\/"},{"@type":"ListItem","position":3,"name":"GEAR AID &#8211; Ni Glo Gear gaismas mar\u0137ieri"}]},{"@type":"WebSite","@id":"https:\/\/gohike.lv\/en\/#website","url":"https:\/\/gohike.lv\/en\/","name":"GoHike","description":"","publisher":{"@id":"https:\/\/gohike.lv\/en\/#organization"},"potentialAction":[{"@type":"SearchAction","target":{"@type":"EntryPoint","urlTemplate":"https:\/\/gohike.lv\/en\/?s={search_term_string}"},"query-input":{"@type":"PropertyValueSpecification","valueRequired":true,"valueName":"search_term_string"}}],"inLanguage":"en-US"},{"@type":"Organization","@id":"https:\/\/gohike.lv\/en\/#organization","name":"GoHike","url":"https:\/\/gohike.lv\/en\/","logo":{"@type":"ImageObject","inLanguage":"en-US","@id":"https:\/\/gohike.lv\/en\/#\/schema\/logo\/image\/","url":"https:\/\/gohike.lv\/wp-content\/uploads\/2023\/08\/Logo_GoHike.webp","contentUrl":"https:\/\/gohike.lv\/wp-content\/uploads\/2023\/08\/Logo_GoHike.webp","width":512,"height":512,"caption":"GoHike"},"image":{"@id":"https:\/\/gohike.lv\/en\/#\/schema\/logo\/image\/"},"sameAs":["https:\/\/www.facebook.com\/gohike.shop\/","https:\/\/www.instagram.com\/gohike.shop\/"]}]}},"jetpack_sharing_enabled":true,"_links":{"self":[{"href":"https:\/\/gohike.lv\/en\/wp-json\/wp\/v2\/product\/77964","targetHints":{"allow":["GET"]}}],"collection":[{"href":"https:\/\/gohike.lv\/en\/wp-json\/wp\/v2\/product"}],"about":[{"href":"https:\/\/gohike.lv\/en\/wp-json\/wp\/v2\/types\/product"}],"version-history":[{"count":0,"href":"https:\/\/gohike.lv\/en\/wp-json\/wp\/v2\/product\/77964\/revisions"}],"wp:featuredmedia":[{"embeddable":true,"href":"https:\/\/gohike.lv\/en\/wp-json\/wp\/v2\/media\/77966"}],"wp:attachment":[{"href":"https:\/\/gohike.lv\/en\/wp-json\/wp\/v2\/media?parent=77964"}],"wp:term":[{"taxonomy":"product_brand","embeddable":true,"href":"https:\/\/gohike.lv\/en\/wp-json\/wp\/v2\/product_brand?post=77964"},{"taxonomy":"product_cat","embeddable":true,"href":"https:\/\/gohike.lv\/en\/wp-json\/wp\/v2\/product_cat?post=77964"},{"taxonomy":"product_tag","embeddable":true,"href":"https:\/\/gohike.lv\/en\/wp-json\/wp\/v2\/product_tag?post=77964"}],"curies":[{"name":"wp","href":"https:\/\/api.w.org\/{rel}","templated":true}]}}