{"id":77935,"date":"2025-04-04T16:58:11","date_gmt":"2025-04-04T13:58:11","guid":{"rendered":"https:\/\/gohike.lv\/produkts\/gear-aid-izturiga-550-paracord-virve-9m\/"},"modified":"2026-01-02T07:54:03","modified_gmt":"2026-01-02T04:54:03","slug":"gear-aid-izturiga-550-paracord-virve-9m","status":"publish","type":"product","link":"https:\/\/gohike.lv\/en\/produkts\/gear-aid-izturiga-550-paracord-virve-9m\/","title":{"rendered":"GEAR AID &#8211; Iztur\u012bga 550 Paracord virve, 9m"},"content":{"rendered":"<p>550 Paracord ir augstas kvalit\u0101tes 4 mm diametra nailona virve, kas sast\u0101v no 7 iek\u0161\u0113jiem pavedieniem. T\u0101s iztur\u012bba un daudzpus\u012bba padara to par neaizst\u0101jamu pal\u012bgu kemping\u0101, p\u0101rg\u0101jienos vai \u0101rk\u0101rtas situ\u0101cij\u0101s. Virve iztur l\u012bdz 550 m\u0101rci\u0146u slodzi, t\u0101p\u0113c t\u0101 ir piem\u0113rota da\u017e\u0101diem uzdevumiem \u2013 no tvert\u0146u nostiprin\u0101\u0161anas l\u012bdz r\u0113bju auklu izveidei.<br \/>\nGalven\u0101s \u012bpa\u0161\u012bbas:<br \/>\n\u2714 Iztur 250 kg slodzi (550 m\u0101rci\u0146as);<br \/>\n\u2714 7 atsevi\u0161\u0137i iek\u0161\u0113jie pavedieni daudzpus\u012bgai lieto\u0161anai;<br \/>\n\u2714 Korozijiztur\u012bgs un mitrumiztur\u012bgs neilons;<br \/>\n\u2714 Pieejams da\u017e\u0101d\u0101s kr\u0101s\u0101s, tostarp meln\u0101 un ar atstarojo\u0161iem elementiem;<br \/>\n\u2714 Iek\u013cauta karab\u012bne \u0113rt\u0101kai lieto\u0161anai.<br \/>\nTehniskie parametri:<br \/>\nMateri\u0101ls: 100% neilons;<br \/>\nDiametrs: 4 mm;<br \/>\nMaksim\u0101l\u0101 slodze: 250 kg;<br \/>\nIek\u0161\u0113jie pavedieni: 7 atsevi\u0161\u0137i izmantojami pavedieni.<br \/>\nIzmanto\u0161anas iesp\u0113jas:<br \/>\n\u2022 Tvert\u0146u un ekip\u0113juma nostiprin\u0101\u0161ana;<br \/>\n\u2022 K\u0101 dr\u0113bju \u017e\u0101v\u0113\u0161anas aukla;<br \/>\n\u2022 Septi\u0146us iek\u0161\u0113jos pavedienus var izmantot k\u0101 mak\u0161\u0137erauklu, diegu \u0161\u016b\u0161anai vai zobu diegu.<br \/>\nBr\u012bdin\u0101jums:<br \/>\n\u0160\u012b virve nav paredz\u0113ta k\u0101p\u0161anai vai alp\u012bnismam. T\u0101 ir izstr\u0101d\u0101ta visp\u0101r\u0113jai lieto\u0161anai un izdz\u012bvo\u0161anas situ\u0101cij\u0101m.<br \/>\nKomplekt\u0101cija:<br \/>\n\u2022 Paracord virve izv\u0113l\u0113taj\u0101 garum\u0101;<br \/>\n\u2022 Met\u0101la karab\u012bne.<\/p>\n","protected":false},"excerpt":{"rendered":"<p>550 Paracord ir augstas kvalit\u0101tes 4 mm diametra nailona virve, kas sast\u0101v no 7 iek\u0161\u0113jiem pavedieniem. T\u0101s iztur\u012bba un daudzpus\u012bba padara to par neaizst\u0101jamu pal\u012bgu kemping\u0101, p\u0101rg\u0101jienos vai \u0101rk\u0101rtas situ\u0101cij\u0101s.<\/p>\n","protected":false},"featured_media":77937,"template":"","meta":[],"product_brand":[12836],"product_cat":[1617],"product_tag":[],"class_list":{"0":"post-77935","1":"product","2":"type-product","3":"status-publish","4":"has-post-thumbnail","6":"product_brand-gear-aid","7":"product_cat-instrumenti-un-kopsana","8":"pa_izmerscm-9000-4","9":"pa_materiali-100-neilons","10":"pa_produkta-tips-instrumenti","11":"pa_spalva-haki","12":"pa_spalva-melns","13":"pa_spalva-sarkans","15":"first","16":"outofstock","17":"taxable","18":"shipping-taxable","19":"purchasable","20":"product-type-variable","21":"has-default-attributes"},"raw_content":{"name":"GEAR AID - Iztur\u012bga 550 Paracord virve, 9m","description":"550 Paracord ir augstas kvalit\u0101tes 4 mm diametra nailona virve, kas sast\u0101v no 7 iek\u0161\u0113jiem pavedieniem. T\u0101s iztur\u012bba un daudzpus\u012bba padara to par neaizst\u0101jamu pal\u012bgu kemping\u0101, p\u0101rg\u0101jienos vai \u0101rk\u0101rtas situ\u0101cij\u0101s. Virve iztur l\u012bdz 550 m\u0101rci\u0146u slodzi, t\u0101p\u0113c t\u0101 ir piem\u0113rota da\u017e\u0101diem uzdevumiem \u2013 no tvert\u0146u nostiprin\u0101\u0161anas l\u012bdz r\u0113bju auklu izveidei.\nGalven\u0101s \u012bpa\u0161\u012bbas:\n\u2714 Iztur 250 kg slodzi (550 m\u0101rci\u0146as);\n\u2714 7 atsevi\u0161\u0137i iek\u0161\u0113jie pavedieni daudzpus\u012bgai lieto\u0161anai;\n\u2714 Korozijiztur\u012bgs un mitrumiztur\u012bgs neilons;\n\u2714 Pieejams da\u017e\u0101d\u0101s kr\u0101s\u0101s, tostarp meln\u0101 un ar atstarojo\u0161iem elementiem;\n\u2714 Iek\u013cauta karab\u012bne \u0113rt\u0101kai lieto\u0161anai.\nTehniskie parametri:\nMateri\u0101ls: 100% neilons;\nDiametrs: 4 mm;\nMaksim\u0101l\u0101 slodze: 250 kg;\nIek\u0161\u0113jie pavedieni: 7 atsevi\u0161\u0137i izmantojami pavedieni.\nIzmanto\u0161anas iesp\u0113jas:\n\u2022 Tvert\u0146u un ekip\u0113juma nostiprin\u0101\u0161ana;\n\u2022 K\u0101 dr\u0113bju \u017e\u0101v\u0113\u0161anas aukla;\n\u2022 Septi\u0146us iek\u0161\u0113jos pavedienus var izmantot k\u0101 mak\u0161\u0137erauklu, diegu \u0161\u016b\u0161anai vai zobu diegu.\nBr\u012bdin\u0101jums:\n\u0160\u012b virve nav paredz\u0113ta k\u0101p\u0161anai vai alp\u012bnismam. T\u0101 ir izstr\u0101d\u0101ta visp\u0101r\u0113jai lieto\u0161anai un izdz\u012bvo\u0161anas situ\u0101cij\u0101m.\nKomplekt\u0101cija:\n\u2022 Paracord virve izv\u0113l\u0113taj\u0101 garum\u0101;\n\u2022 Met\u0101la karab\u012bne.","short_description":"","status":"publish","sku":"graid0002","original":77935},"wpml":{"translation_type":0,"has_translations":false,"original":77935,"duplicates":[],"translations":{"lv":77935,"en":null,"ru":null}},"supplier_id":null,"supplier_sku":"","barcode":null,"atum_controlled":true,"out_stock_date":null,"out_stock_threshold":null,"inheritable":true,"inbound_stock":0,"stock_on_hold":0,"sold_today":0,"sales_last_days":0,"reserved_stock":0,"customer_returns":0,"warehouse_damage":0,"lost_in_post":0,"other_logs":0,"out_stock_days":0,"lost_sales":0,"has_location":false,"update_date":"2026-01-02T04:54:04","atum_locations":[],"atum_stock_status":"outofstock","restock_status":false,"low_stock_amount":"","sales_update_date":"2025-11-13T14:07:56","calc_backorders":null,"yoast_head":"<!-- This site is optimized with the Yoast SEO plugin v27.3 - https:\/\/yoast.com\/product\/yoast-seo-wordpress\/ -->\n<title>GEAR AID Iztur\u012bga 550 Paracord virve, 9m<\/title>\n<meta name=\"description\" content=\"Daudzfunkcion\u0101la 4 mm iztur\u012bga nailona virve ar 7 iek\u0161\u0113jiem pavedieniem, ide\u0101la kempingam, p\u0101rg\u0101jieniem un \u0101rk\u0101rtas situ\u0101cij\u0101m.\" \/>\n<meta name=\"robots\" content=\"index, follow, max-snippet:-1, max-image-preview:large, max-video-preview:-1\" \/>\n<link rel=\"canonical\" href=\"https:\/\/gohike.lv\/en\/produkts\/gear-aid-izturiga-550-paracord-virve-9m\/\" \/>\n<meta property=\"og:locale\" content=\"en_US\" \/>\n<meta property=\"og:type\" content=\"article\" \/>\n<meta property=\"og:title\" content=\"GEAR AID Iztur\u012bga 550 Paracord virve, 9m\" \/>\n<meta property=\"og:description\" content=\"Daudzfunkcion\u0101la 4 mm iztur\u012bga nailona virve ar 7 iek\u0161\u0113jiem pavedieniem, ide\u0101la kempingam, p\u0101rg\u0101jieniem un \u0101rk\u0101rtas situ\u0101cij\u0101m.\" \/>\n<meta property=\"og:url\" content=\"https:\/\/gohike.lv\/en\/produkts\/gear-aid-izturiga-550-paracord-virve-9m\/\" \/>\n<meta property=\"og:site_name\" content=\"GoHike\" \/>\n<meta property=\"article:publisher\" content=\"https:\/\/www.facebook.com\/gohike.shop\/\" \/>\n<meta property=\"article:modified_time\" content=\"2026-01-02T04:54:03+00:00\" \/>\n<meta property=\"og:image\" content=\"https:\/\/gohike.lv\/wp-content\/uploads\/2025\/04\/505paracord_haki.webp\" \/>\n\t<meta property=\"og:image:width\" content=\"1200\" \/>\n\t<meta property=\"og:image:height\" content=\"1200\" \/>\n\t<meta property=\"og:image:type\" content=\"image\/webp\" \/>\n<meta name=\"twitter:card\" content=\"summary_large_image\" \/>\n<meta name=\"twitter:title\" content=\"GEAR AID Iztur\u012bga 550 Paracord virve, 9m\" \/>\n<meta name=\"twitter:label1\" content=\"Est. reading time\" \/>\n\t<meta name=\"twitter:data1\" content=\"2 minutes\" \/>\n<script type=\"application\/ld+json\" class=\"yoast-schema-graph\">{\"@context\":\"https:\\\/\\\/schema.org\",\"@graph\":[{\"@type\":[\"WebPage\",\"ItemPage\"],\"@id\":\"https:\\\/\\\/gohike.lv\\\/en\\\/produkts\\\/gear-aid-izturiga-550-paracord-virve-9m\\\/\",\"url\":\"https:\\\/\\\/gohike.lv\\\/en\\\/produkts\\\/gear-aid-izturiga-550-paracord-virve-9m\\\/\",\"name\":\"GEAR AID Iztur\u012bga 550 Paracord virve, 9m\",\"isPartOf\":{\"@id\":\"https:\\\/\\\/gohike.lv\\\/en\\\/#website\"},\"primaryImageOfPage\":{\"@id\":\"https:\\\/\\\/gohike.lv\\\/en\\\/produkts\\\/gear-aid-izturiga-550-paracord-virve-9m\\\/#primaryimage\"},\"image\":{\"@id\":\"https:\\\/\\\/gohike.lv\\\/en\\\/produkts\\\/gear-aid-izturiga-550-paracord-virve-9m\\\/#primaryimage\"},\"thumbnailUrl\":\"https:\\\/\\\/gohike.lv\\\/wp-content\\\/uploads\\\/2025\\\/04\\\/505paracord_haki.webp\",\"datePublished\":\"2025-04-04T13:58:11+00:00\",\"dateModified\":\"2026-01-02T04:54:03+00:00\",\"description\":\"Daudzfunkcion\u0101la 4 mm iztur\u012bga nailona virve ar 7 iek\u0161\u0113jiem pavedieniem, ide\u0101la kempingam, p\u0101rg\u0101jieniem un \u0101rk\u0101rtas situ\u0101cij\u0101m.\",\"breadcrumb\":{\"@id\":\"https:\\\/\\\/gohike.lv\\\/en\\\/produkts\\\/gear-aid-izturiga-550-paracord-virve-9m\\\/#breadcrumb\"},\"inLanguage\":\"en-US\",\"potentialAction\":[{\"@type\":\"ReadAction\",\"target\":[\"https:\\\/\\\/gohike.lv\\\/en\\\/produkts\\\/gear-aid-izturiga-550-paracord-virve-9m\\\/\"]}]},{\"@type\":\"ImageObject\",\"inLanguage\":\"en-US\",\"@id\":\"https:\\\/\\\/gohike.lv\\\/en\\\/produkts\\\/gear-aid-izturiga-550-paracord-virve-9m\\\/#primaryimage\",\"url\":\"https:\\\/\\\/gohike.lv\\\/wp-content\\\/uploads\\\/2025\\\/04\\\/505paracord_haki.webp\",\"contentUrl\":\"https:\\\/\\\/gohike.lv\\\/wp-content\\\/uploads\\\/2025\\\/04\\\/505paracord_haki.webp\",\"width\":1200,\"height\":1200},{\"@type\":\"BreadcrumbList\",\"@id\":\"https:\\\/\\\/gohike.lv\\\/en\\\/produkts\\\/gear-aid-izturiga-550-paracord-virve-9m\\\/#breadcrumb\",\"itemListElement\":[{\"@type\":\"ListItem\",\"position\":1,\"name\":\"Home\",\"item\":\"https:\\\/\\\/gohike.lv\\\/en\\\/\"},{\"@type\":\"ListItem\",\"position\":2,\"name\":\"Product categories\",\"item\":\"https:\\\/\\\/gohike.lv\\\/en\\\/product-categories\\\/\"},{\"@type\":\"ListItem\",\"position\":3,\"name\":\"GEAR AID &#8211; Iztur\u012bga 550 Paracord virve, 9m\"}]},{\"@type\":\"WebSite\",\"@id\":\"https:\\\/\\\/gohike.lv\\\/en\\\/#website\",\"url\":\"https:\\\/\\\/gohike.lv\\\/en\\\/\",\"name\":\"GoHike\",\"description\":\"\",\"publisher\":{\"@id\":\"https:\\\/\\\/gohike.lv\\\/en\\\/#organization\"},\"potentialAction\":[{\"@type\":\"SearchAction\",\"target\":{\"@type\":\"EntryPoint\",\"urlTemplate\":\"https:\\\/\\\/gohike.lv\\\/en\\\/?s={search_term_string}\"},\"query-input\":{\"@type\":\"PropertyValueSpecification\",\"valueRequired\":true,\"valueName\":\"search_term_string\"}}],\"inLanguage\":\"en-US\"},{\"@type\":\"Organization\",\"@id\":\"https:\\\/\\\/gohike.lv\\\/en\\\/#organization\",\"name\":\"GoHike\",\"url\":\"https:\\\/\\\/gohike.lv\\\/en\\\/\",\"logo\":{\"@type\":\"ImageObject\",\"inLanguage\":\"en-US\",\"@id\":\"https:\\\/\\\/gohike.lv\\\/en\\\/#\\\/schema\\\/logo\\\/image\\\/\",\"url\":\"https:\\\/\\\/gohike.lv\\\/wp-content\\\/uploads\\\/2023\\\/08\\\/Logo_GoHike.webp\",\"contentUrl\":\"https:\\\/\\\/gohike.lv\\\/wp-content\\\/uploads\\\/2023\\\/08\\\/Logo_GoHike.webp\",\"width\":512,\"height\":512,\"caption\":\"GoHike\"},\"image\":{\"@id\":\"https:\\\/\\\/gohike.lv\\\/en\\\/#\\\/schema\\\/logo\\\/image\\\/\"},\"sameAs\":[\"https:\\\/\\\/www.facebook.com\\\/gohike.shop\\\/\",\"https:\\\/\\\/www.instagram.com\\\/gohike.shop\\\/\"]}]}<\/script>\n<!-- \/ Yoast SEO plugin. -->","yoast_head_json":{"title":"GEAR AID Iztur\u012bga 550 Paracord virve, 9m","description":"Daudzfunkcion\u0101la 4 mm iztur\u012bga nailona virve ar 7 iek\u0161\u0113jiem pavedieniem, ide\u0101la kempingam, p\u0101rg\u0101jieniem un \u0101rk\u0101rtas situ\u0101cij\u0101m.","robots":{"index":"index","follow":"follow","max-snippet":"max-snippet:-1","max-image-preview":"max-image-preview:large","max-video-preview":"max-video-preview:-1"},"canonical":"https:\/\/gohike.lv\/en\/produkts\/gear-aid-izturiga-550-paracord-virve-9m\/","og_locale":"en_US","og_type":"article","og_title":"GEAR AID Iztur\u012bga 550 Paracord virve, 9m","og_description":"Daudzfunkcion\u0101la 4 mm iztur\u012bga nailona virve ar 7 iek\u0161\u0113jiem pavedieniem, ide\u0101la kempingam, p\u0101rg\u0101jieniem un \u0101rk\u0101rtas situ\u0101cij\u0101m.","og_url":"https:\/\/gohike.lv\/en\/produkts\/gear-aid-izturiga-550-paracord-virve-9m\/","og_site_name":"GoHike","article_publisher":"https:\/\/www.facebook.com\/gohike.shop\/","article_modified_time":"2026-01-02T04:54:03+00:00","og_image":[{"width":1200,"height":1200,"url":"https:\/\/gohike.lv\/wp-content\/uploads\/2025\/04\/505paracord_haki.webp","type":"image\/webp"}],"twitter_card":"summary_large_image","twitter_title":"GEAR AID Iztur\u012bga 550 Paracord virve, 9m","twitter_misc":{"Est. reading time":"2 minutes"},"schema":{"@context":"https:\/\/schema.org","@graph":[{"@type":["WebPage","ItemPage"],"@id":"https:\/\/gohike.lv\/en\/produkts\/gear-aid-izturiga-550-paracord-virve-9m\/","url":"https:\/\/gohike.lv\/en\/produkts\/gear-aid-izturiga-550-paracord-virve-9m\/","name":"GEAR AID Iztur\u012bga 550 Paracord virve, 9m","isPartOf":{"@id":"https:\/\/gohike.lv\/en\/#website"},"primaryImageOfPage":{"@id":"https:\/\/gohike.lv\/en\/produkts\/gear-aid-izturiga-550-paracord-virve-9m\/#primaryimage"},"image":{"@id":"https:\/\/gohike.lv\/en\/produkts\/gear-aid-izturiga-550-paracord-virve-9m\/#primaryimage"},"thumbnailUrl":"https:\/\/gohike.lv\/wp-content\/uploads\/2025\/04\/505paracord_haki.webp","datePublished":"2025-04-04T13:58:11+00:00","dateModified":"2026-01-02T04:54:03+00:00","description":"Daudzfunkcion\u0101la 4 mm iztur\u012bga nailona virve ar 7 iek\u0161\u0113jiem pavedieniem, ide\u0101la kempingam, p\u0101rg\u0101jieniem un \u0101rk\u0101rtas situ\u0101cij\u0101m.","breadcrumb":{"@id":"https:\/\/gohike.lv\/en\/produkts\/gear-aid-izturiga-550-paracord-virve-9m\/#breadcrumb"},"inLanguage":"en-US","potentialAction":[{"@type":"ReadAction","target":["https:\/\/gohike.lv\/en\/produkts\/gear-aid-izturiga-550-paracord-virve-9m\/"]}]},{"@type":"ImageObject","inLanguage":"en-US","@id":"https:\/\/gohike.lv\/en\/produkts\/gear-aid-izturiga-550-paracord-virve-9m\/#primaryimage","url":"https:\/\/gohike.lv\/wp-content\/uploads\/2025\/04\/505paracord_haki.webp","contentUrl":"https:\/\/gohike.lv\/wp-content\/uploads\/2025\/04\/505paracord_haki.webp","width":1200,"height":1200},{"@type":"BreadcrumbList","@id":"https:\/\/gohike.lv\/en\/produkts\/gear-aid-izturiga-550-paracord-virve-9m\/#breadcrumb","itemListElement":[{"@type":"ListItem","position":1,"name":"Home","item":"https:\/\/gohike.lv\/en\/"},{"@type":"ListItem","position":2,"name":"Product categories","item":"https:\/\/gohike.lv\/en\/product-categories\/"},{"@type":"ListItem","position":3,"name":"GEAR AID &#8211; Iztur\u012bga 550 Paracord virve, 9m"}]},{"@type":"WebSite","@id":"https:\/\/gohike.lv\/en\/#website","url":"https:\/\/gohike.lv\/en\/","name":"GoHike","description":"","publisher":{"@id":"https:\/\/gohike.lv\/en\/#organization"},"potentialAction":[{"@type":"SearchAction","target":{"@type":"EntryPoint","urlTemplate":"https:\/\/gohike.lv\/en\/?s={search_term_string}"},"query-input":{"@type":"PropertyValueSpecification","valueRequired":true,"valueName":"search_term_string"}}],"inLanguage":"en-US"},{"@type":"Organization","@id":"https:\/\/gohike.lv\/en\/#organization","name":"GoHike","url":"https:\/\/gohike.lv\/en\/","logo":{"@type":"ImageObject","inLanguage":"en-US","@id":"https:\/\/gohike.lv\/en\/#\/schema\/logo\/image\/","url":"https:\/\/gohike.lv\/wp-content\/uploads\/2023\/08\/Logo_GoHike.webp","contentUrl":"https:\/\/gohike.lv\/wp-content\/uploads\/2023\/08\/Logo_GoHike.webp","width":512,"height":512,"caption":"GoHike"},"image":{"@id":"https:\/\/gohike.lv\/en\/#\/schema\/logo\/image\/"},"sameAs":["https:\/\/www.facebook.com\/gohike.shop\/","https:\/\/www.instagram.com\/gohike.shop\/"]}]}},"jetpack_sharing_enabled":true,"_links":{"self":[{"href":"https:\/\/gohike.lv\/en\/wp-json\/wp\/v2\/product\/77935","targetHints":{"allow":["GET"]}}],"collection":[{"href":"https:\/\/gohike.lv\/en\/wp-json\/wp\/v2\/product"}],"about":[{"href":"https:\/\/gohike.lv\/en\/wp-json\/wp\/v2\/types\/product"}],"version-history":[{"count":0,"href":"https:\/\/gohike.lv\/en\/wp-json\/wp\/v2\/product\/77935\/revisions"}],"wp:featuredmedia":[{"embeddable":true,"href":"https:\/\/gohike.lv\/en\/wp-json\/wp\/v2\/media\/77937"}],"wp:attachment":[{"href":"https:\/\/gohike.lv\/en\/wp-json\/wp\/v2\/media?parent=77935"}],"wp:term":[{"taxonomy":"product_brand","embeddable":true,"href":"https:\/\/gohike.lv\/en\/wp-json\/wp\/v2\/product_brand?post=77935"},{"taxonomy":"product_cat","embeddable":true,"href":"https:\/\/gohike.lv\/en\/wp-json\/wp\/v2\/product_cat?post=77935"},{"taxonomy":"product_tag","embeddable":true,"href":"https:\/\/gohike.lv\/en\/wp-json\/wp\/v2\/product_tag?post=77935"}],"curies":[{"name":"wp","href":"https:\/\/api.w.org\/{rel}","templated":true}]}}