{"id":77888,"date":"2025-04-04T16:24:18","date_gmt":"2025-04-04T13:24:18","guid":{"rendered":"https:\/\/gohike.lv\/produkts\/lightmyfire-mycupn-lid-ekologiska-kruze-ar-vaku-500ml\/"},"modified":"2026-01-02T07:52:16","modified_gmt":"2026-01-02T04:52:16","slug":"lightmyfire-mycupn-lid-ekologiska-kruze-ar-vaku-500ml","status":"publish","type":"product","link":"https:\/\/gohike.lv\/en\/produkts\/lightmyfire-mycupn-lid-ekologiska-kruze-ar-vaku-500ml\/","title":{"rendered":"LightMyFire &#8211; MyCup&#8217;n Lid ekolo\u0123iska kr\u016bze ar v\u0101ku, 500ml"},"content":{"rendered":"<p>Galven\u0101s \u012bpa\u0161\u012bbas:<br \/>\n\u2714 Liela ietilp\u012bba \u2013 500 ml (17 oz);<br \/>\n\u2714 Herm\u0113tisks v\u0101ks \u2013 ar atveri dz\u0113riena lieto\u0161anai un salmi\u0146am;<br \/>\n\u2714 Dro\u0161s materi\u0101ls \u2013 biolo\u0123iski no\u0101rd\u0101ma plastmasa, bez BPA;<br \/>\n\u2714 Kompekts \u2013 \u0113rti glab\u0101t vair\u0101kas kr\u016bzes<br \/>\n\u2714 Viegli t\u012br\u0101ms \u2013 mazg\u0101jams trauku mazg\u0101jamaj\u0101 ma\u0161\u012bn\u0101.<br \/>\nTehniskie parametri:<br \/>\nIzm\u0113ri: 8.5 \u00d7 8.5 \u00d7 15.1 cm;<br \/>\nSvars: 88 g;<br \/>\nMateri\u0101ls: Bio-based plastmasa;<br \/>\nRa\u017eots Zviedrij\u0101.<br \/>\nPielietojums:<br \/>\n\u2022 Ce\u013cojumi un pikniki;<br \/>\n\u2022 Sm\u016btiju un koktei\u013cu lieto\u0161anai \u2013 plata atvere salmi\u0146am;<br \/>\n\u2022 Ikdienas lieto\u0161ana \u2013 iztur karstus dz\u0113rienus (l\u012bdz 100\u00b0C).<\/p>\n","protected":false},"excerpt":{"rendered":"<p>Praktiska kr\u016bze no bioplastmasas ar herm\u0113tisku v\u0101ku. Pi\u0113m\u0113rota karstiem un aukstiem dz\u0113rieniem, var lietot mikrovil\u0146u kr\u0101sn\u012b un trauku mazg\u0101jamaj\u0101 ma\u0161\u012bn\u0101.<\/p>\n","protected":false},"featured_media":77890,"template":"","meta":[],"product_brand":[12815],"product_cat":[1012],"product_tag":[],"class_list":{"0":"post-77888","1":"product","2":"type-product","3":"status-publish","4":"has-post-thumbnail","6":"product_brand-lightmyfire","7":"product_cat-virtuves-piederumi","8":"pa_izmerscm-8-58-51-51","9":"pa_produkta-tips-kruzes-un-blodas","10":"pa_spalva-bruns","11":"pa_spalva-dzeltens","12":"pa_spalva-zils","13":"pa_tilpums-500ml","15":"first","16":"instock","17":"taxable","18":"shipping-taxable","19":"purchasable","20":"product-type-variable"},"raw_content":{"name":"LightMyFire - MyCup'n Lid ekolo\u0123iska kr\u016bze ar v\u0101ku, 500ml","description":"Galven\u0101s \u012bpa\u0161\u012bbas:\n\u2714 Liela ietilp\u012bba \u2013 500 ml (17 oz);\n\u2714 Herm\u0113tisks v\u0101ks \u2013 ar atveri dz\u0113riena lieto\u0161anai un salmi\u0146am;\n\u2714 Dro\u0161s materi\u0101ls \u2013 biolo\u0123iski no\u0101rd\u0101ma plastmasa, bez BPA;\n\u2714 Kompekts \u2013 \u0113rti glab\u0101t vair\u0101kas kr\u016bzes\n\u2714 Viegli t\u012br\u0101ms \u2013 mazg\u0101jams trauku mazg\u0101jamaj\u0101 ma\u0161\u012bn\u0101.\nTehniskie parametri:\nIzm\u0113ri: 8.5 \u00d7 8.5 \u00d7 15.1 cm;\nSvars: 88 g;\nMateri\u0101ls: Bio-based plastmasa;\nRa\u017eots Zviedrij\u0101.\nPielietojums:\n\u2022 Ce\u013cojumi un pikniki;\n\u2022 Sm\u016btiju un koktei\u013cu lieto\u0161anai \u2013 plata atvere salmi\u0146am;\n\u2022 Ikdienas lieto\u0161ana \u2013 iztur karstus dz\u0113rienus (l\u012bdz 100\u00b0C).","short_description":"Praktiska kr\u016bze no bioplastmasas ar herm\u0113tisku v\u0101ku. Pi\u0113m\u0113rota karstiem un aukstiem dz\u0113rieniem, var lietot mikrovil\u0146u kr\u0101sn\u012b un trauku mazg\u0101jamaj\u0101 ma\u0161\u012bn\u0101.","status":"publish","sku":"2459712900","original":77888},"wpml":{"translation_type":0,"has_translations":false,"original":77888,"duplicates":[],"translations":{"lv":77888,"en":null,"ru":null}},"supplier_id":null,"supplier_sku":"","barcode":null,"atum_controlled":true,"out_stock_date":null,"out_stock_threshold":null,"inheritable":true,"inbound_stock":0,"stock_on_hold":0,"sold_today":0,"sales_last_days":0,"reserved_stock":0,"customer_returns":0,"warehouse_damage":0,"lost_in_post":0,"other_logs":0,"out_stock_days":0,"lost_sales":0,"has_location":false,"update_date":"2025-12-30T14:25:12","atum_locations":[],"atum_stock_status":"instock","restock_status":false,"low_stock_amount":"","sales_update_date":"2025-11-13T14:07:35","calc_backorders":null,"yoast_head":"<!-- This site is optimized with the Yoast SEO plugin v27.3 - https:\/\/yoast.com\/product\/yoast-seo-wordpress\/ -->\n<title>LightMyFire MyCup&#039;n Lid ekolo\u0123iska kr\u016bze ar v\u0101ku, 500ml<\/title>\n<meta name=\"description\" content=\"Praktiska kr\u016bze no bioplastmasas ar herm\u0113tisku v\u0101ku. Pi\u0113m\u0113rota karstiem un aukstiem dz\u0113rieniem, var lietot mikrovil\u0146u kr\u0101sn\u012b un trauku mazg\u0101jamaj\u0101 ma\u0161\u012bn\u0101.\" \/>\n<meta name=\"robots\" content=\"index, follow, max-snippet:-1, max-image-preview:large, max-video-preview:-1\" \/>\n<link rel=\"canonical\" href=\"https:\/\/gohike.lv\/en\/produkts\/lightmyfire-mycupn-lid-ekologiska-kruze-ar-vaku-500ml\/\" \/>\n<meta property=\"og:locale\" content=\"en_US\" \/>\n<meta property=\"og:type\" content=\"article\" \/>\n<meta property=\"og:title\" content=\"LightMyFire MyCup&#039;n Lid ekolo\u0123iska kr\u016bze ar v\u0101ku, 500ml\" \/>\n<meta property=\"og:description\" content=\"Praktiska kr\u016bze no bioplastmasas ar herm\u0113tisku v\u0101ku. Pi\u0113m\u0113rota karstiem un aukstiem dz\u0113rieniem, var lietot mikrovil\u0146u kr\u0101sn\u012b un trauku mazg\u0101jamaj\u0101 ma\u0161\u012bn\u0101.\" \/>\n<meta property=\"og:url\" content=\"https:\/\/gohike.lv\/en\/produkts\/lightmyfire-mycupn-lid-ekologiska-kruze-ar-vaku-500ml\/\" \/>\n<meta property=\"og:site_name\" content=\"GoHike\" \/>\n<meta property=\"article:publisher\" content=\"https:\/\/www.facebook.com\/gohike.shop\/\" \/>\n<meta property=\"article:modified_time\" content=\"2026-01-02T04:52:16+00:00\" \/>\n<meta property=\"og:image\" content=\"https:\/\/gohike.lv\/wp-content\/uploads\/2025\/04\/MyCupLidLarge_-4.jpg\" \/>\n\t<meta property=\"og:image:width\" content=\"1000\" \/>\n\t<meta property=\"og:image:height\" content=\"1000\" \/>\n\t<meta property=\"og:image:type\" content=\"image\/jpeg\" \/>\n<meta name=\"twitter:card\" content=\"summary_large_image\" \/>\n<meta name=\"twitter:title\" content=\"LightMyFire MyCup&#039;n Lid ekolo\u0123iska kr\u016bze ar v\u0101ku, 500ml\" \/>\n<meta name=\"twitter:label1\" content=\"Est. reading time\" \/>\n\t<meta name=\"twitter:data1\" content=\"1 minute\" \/>\n<script type=\"application\/ld+json\" class=\"yoast-schema-graph\">{\"@context\":\"https:\\\/\\\/schema.org\",\"@graph\":[{\"@type\":[\"WebPage\",\"ItemPage\"],\"@id\":\"https:\\\/\\\/gohike.lv\\\/en\\\/produkts\\\/lightmyfire-mycupn-lid-ekologiska-kruze-ar-vaku-500ml\\\/\",\"url\":\"https:\\\/\\\/gohike.lv\\\/en\\\/produkts\\\/lightmyfire-mycupn-lid-ekologiska-kruze-ar-vaku-500ml\\\/\",\"name\":\"LightMyFire MyCup'n Lid ekolo\u0123iska kr\u016bze ar v\u0101ku, 500ml\",\"isPartOf\":{\"@id\":\"https:\\\/\\\/gohike.lv\\\/en\\\/#website\"},\"primaryImageOfPage\":{\"@id\":\"https:\\\/\\\/gohike.lv\\\/en\\\/produkts\\\/lightmyfire-mycupn-lid-ekologiska-kruze-ar-vaku-500ml\\\/#primaryimage\"},\"image\":{\"@id\":\"https:\\\/\\\/gohike.lv\\\/en\\\/produkts\\\/lightmyfire-mycupn-lid-ekologiska-kruze-ar-vaku-500ml\\\/#primaryimage\"},\"thumbnailUrl\":\"https:\\\/\\\/gohike.lv\\\/wp-content\\\/uploads\\\/2025\\\/04\\\/MyCupLidLarge_-4.jpg\",\"datePublished\":\"2025-04-04T13:24:18+00:00\",\"dateModified\":\"2026-01-02T04:52:16+00:00\",\"description\":\"Praktiska kr\u016bze no bioplastmasas ar herm\u0113tisku v\u0101ku. Pi\u0113m\u0113rota karstiem un aukstiem dz\u0113rieniem, var lietot mikrovil\u0146u kr\u0101sn\u012b un trauku mazg\u0101jamaj\u0101 ma\u0161\u012bn\u0101.\",\"breadcrumb\":{\"@id\":\"https:\\\/\\\/gohike.lv\\\/en\\\/produkts\\\/lightmyfire-mycupn-lid-ekologiska-kruze-ar-vaku-500ml\\\/#breadcrumb\"},\"inLanguage\":\"en-US\",\"potentialAction\":[{\"@type\":\"ReadAction\",\"target\":[\"https:\\\/\\\/gohike.lv\\\/en\\\/produkts\\\/lightmyfire-mycupn-lid-ekologiska-kruze-ar-vaku-500ml\\\/\"]}]},{\"@type\":\"ImageObject\",\"inLanguage\":\"en-US\",\"@id\":\"https:\\\/\\\/gohike.lv\\\/en\\\/produkts\\\/lightmyfire-mycupn-lid-ekologiska-kruze-ar-vaku-500ml\\\/#primaryimage\",\"url\":\"https:\\\/\\\/gohike.lv\\\/wp-content\\\/uploads\\\/2025\\\/04\\\/MyCupLidLarge_-4.jpg\",\"contentUrl\":\"https:\\\/\\\/gohike.lv\\\/wp-content\\\/uploads\\\/2025\\\/04\\\/MyCupLidLarge_-4.jpg\",\"width\":1000,\"height\":1000},{\"@type\":\"BreadcrumbList\",\"@id\":\"https:\\\/\\\/gohike.lv\\\/en\\\/produkts\\\/lightmyfire-mycupn-lid-ekologiska-kruze-ar-vaku-500ml\\\/#breadcrumb\",\"itemListElement\":[{\"@type\":\"ListItem\",\"position\":1,\"name\":\"Home\",\"item\":\"https:\\\/\\\/gohike.lv\\\/en\\\/\"},{\"@type\":\"ListItem\",\"position\":2,\"name\":\"Product categories\",\"item\":\"https:\\\/\\\/gohike.lv\\\/en\\\/product-categories\\\/\"},{\"@type\":\"ListItem\",\"position\":3,\"name\":\"LightMyFire &#8211; MyCup&#8217;n Lid ekolo\u0123iska kr\u016bze ar v\u0101ku, 500ml\"}]},{\"@type\":\"WebSite\",\"@id\":\"https:\\\/\\\/gohike.lv\\\/en\\\/#website\",\"url\":\"https:\\\/\\\/gohike.lv\\\/en\\\/\",\"name\":\"GoHike\",\"description\":\"\",\"publisher\":{\"@id\":\"https:\\\/\\\/gohike.lv\\\/en\\\/#organization\"},\"potentialAction\":[{\"@type\":\"SearchAction\",\"target\":{\"@type\":\"EntryPoint\",\"urlTemplate\":\"https:\\\/\\\/gohike.lv\\\/en\\\/?s={search_term_string}\"},\"query-input\":{\"@type\":\"PropertyValueSpecification\",\"valueRequired\":true,\"valueName\":\"search_term_string\"}}],\"inLanguage\":\"en-US\"},{\"@type\":\"Organization\",\"@id\":\"https:\\\/\\\/gohike.lv\\\/en\\\/#organization\",\"name\":\"GoHike\",\"url\":\"https:\\\/\\\/gohike.lv\\\/en\\\/\",\"logo\":{\"@type\":\"ImageObject\",\"inLanguage\":\"en-US\",\"@id\":\"https:\\\/\\\/gohike.lv\\\/en\\\/#\\\/schema\\\/logo\\\/image\\\/\",\"url\":\"https:\\\/\\\/gohike.lv\\\/wp-content\\\/uploads\\\/2023\\\/08\\\/Logo_GoHike.webp\",\"contentUrl\":\"https:\\\/\\\/gohike.lv\\\/wp-content\\\/uploads\\\/2023\\\/08\\\/Logo_GoHike.webp\",\"width\":512,\"height\":512,\"caption\":\"GoHike\"},\"image\":{\"@id\":\"https:\\\/\\\/gohike.lv\\\/en\\\/#\\\/schema\\\/logo\\\/image\\\/\"},\"sameAs\":[\"https:\\\/\\\/www.facebook.com\\\/gohike.shop\\\/\",\"https:\\\/\\\/www.instagram.com\\\/gohike.shop\\\/\"]}]}<\/script>\n<!-- \/ Yoast SEO plugin. -->","yoast_head_json":{"title":"LightMyFire MyCup'n Lid ekolo\u0123iska kr\u016bze ar v\u0101ku, 500ml","description":"Praktiska kr\u016bze no bioplastmasas ar herm\u0113tisku v\u0101ku. Pi\u0113m\u0113rota karstiem un aukstiem dz\u0113rieniem, var lietot mikrovil\u0146u kr\u0101sn\u012b un trauku mazg\u0101jamaj\u0101 ma\u0161\u012bn\u0101.","robots":{"index":"index","follow":"follow","max-snippet":"max-snippet:-1","max-image-preview":"max-image-preview:large","max-video-preview":"max-video-preview:-1"},"canonical":"https:\/\/gohike.lv\/en\/produkts\/lightmyfire-mycupn-lid-ekologiska-kruze-ar-vaku-500ml\/","og_locale":"en_US","og_type":"article","og_title":"LightMyFire MyCup'n Lid ekolo\u0123iska kr\u016bze ar v\u0101ku, 500ml","og_description":"Praktiska kr\u016bze no bioplastmasas ar herm\u0113tisku v\u0101ku. Pi\u0113m\u0113rota karstiem un aukstiem dz\u0113rieniem, var lietot mikrovil\u0146u kr\u0101sn\u012b un trauku mazg\u0101jamaj\u0101 ma\u0161\u012bn\u0101.","og_url":"https:\/\/gohike.lv\/en\/produkts\/lightmyfire-mycupn-lid-ekologiska-kruze-ar-vaku-500ml\/","og_site_name":"GoHike","article_publisher":"https:\/\/www.facebook.com\/gohike.shop\/","article_modified_time":"2026-01-02T04:52:16+00:00","og_image":[{"width":1000,"height":1000,"url":"https:\/\/gohike.lv\/wp-content\/uploads\/2025\/04\/MyCupLidLarge_-4.jpg","type":"image\/jpeg"}],"twitter_card":"summary_large_image","twitter_title":"LightMyFire MyCup'n Lid ekolo\u0123iska kr\u016bze ar v\u0101ku, 500ml","twitter_misc":{"Est. reading time":"1 minute"},"schema":{"@context":"https:\/\/schema.org","@graph":[{"@type":["WebPage","ItemPage"],"@id":"https:\/\/gohike.lv\/en\/produkts\/lightmyfire-mycupn-lid-ekologiska-kruze-ar-vaku-500ml\/","url":"https:\/\/gohike.lv\/en\/produkts\/lightmyfire-mycupn-lid-ekologiska-kruze-ar-vaku-500ml\/","name":"LightMyFire MyCup'n Lid ekolo\u0123iska kr\u016bze ar v\u0101ku, 500ml","isPartOf":{"@id":"https:\/\/gohike.lv\/en\/#website"},"primaryImageOfPage":{"@id":"https:\/\/gohike.lv\/en\/produkts\/lightmyfire-mycupn-lid-ekologiska-kruze-ar-vaku-500ml\/#primaryimage"},"image":{"@id":"https:\/\/gohike.lv\/en\/produkts\/lightmyfire-mycupn-lid-ekologiska-kruze-ar-vaku-500ml\/#primaryimage"},"thumbnailUrl":"https:\/\/gohike.lv\/wp-content\/uploads\/2025\/04\/MyCupLidLarge_-4.jpg","datePublished":"2025-04-04T13:24:18+00:00","dateModified":"2026-01-02T04:52:16+00:00","description":"Praktiska kr\u016bze no bioplastmasas ar herm\u0113tisku v\u0101ku. Pi\u0113m\u0113rota karstiem un aukstiem dz\u0113rieniem, var lietot mikrovil\u0146u kr\u0101sn\u012b un trauku mazg\u0101jamaj\u0101 ma\u0161\u012bn\u0101.","breadcrumb":{"@id":"https:\/\/gohike.lv\/en\/produkts\/lightmyfire-mycupn-lid-ekologiska-kruze-ar-vaku-500ml\/#breadcrumb"},"inLanguage":"en-US","potentialAction":[{"@type":"ReadAction","target":["https:\/\/gohike.lv\/en\/produkts\/lightmyfire-mycupn-lid-ekologiska-kruze-ar-vaku-500ml\/"]}]},{"@type":"ImageObject","inLanguage":"en-US","@id":"https:\/\/gohike.lv\/en\/produkts\/lightmyfire-mycupn-lid-ekologiska-kruze-ar-vaku-500ml\/#primaryimage","url":"https:\/\/gohike.lv\/wp-content\/uploads\/2025\/04\/MyCupLidLarge_-4.jpg","contentUrl":"https:\/\/gohike.lv\/wp-content\/uploads\/2025\/04\/MyCupLidLarge_-4.jpg","width":1000,"height":1000},{"@type":"BreadcrumbList","@id":"https:\/\/gohike.lv\/en\/produkts\/lightmyfire-mycupn-lid-ekologiska-kruze-ar-vaku-500ml\/#breadcrumb","itemListElement":[{"@type":"ListItem","position":1,"name":"Home","item":"https:\/\/gohike.lv\/en\/"},{"@type":"ListItem","position":2,"name":"Product categories","item":"https:\/\/gohike.lv\/en\/product-categories\/"},{"@type":"ListItem","position":3,"name":"LightMyFire &#8211; MyCup&#8217;n Lid ekolo\u0123iska kr\u016bze ar v\u0101ku, 500ml"}]},{"@type":"WebSite","@id":"https:\/\/gohike.lv\/en\/#website","url":"https:\/\/gohike.lv\/en\/","name":"GoHike","description":"","publisher":{"@id":"https:\/\/gohike.lv\/en\/#organization"},"potentialAction":[{"@type":"SearchAction","target":{"@type":"EntryPoint","urlTemplate":"https:\/\/gohike.lv\/en\/?s={search_term_string}"},"query-input":{"@type":"PropertyValueSpecification","valueRequired":true,"valueName":"search_term_string"}}],"inLanguage":"en-US"},{"@type":"Organization","@id":"https:\/\/gohike.lv\/en\/#organization","name":"GoHike","url":"https:\/\/gohike.lv\/en\/","logo":{"@type":"ImageObject","inLanguage":"en-US","@id":"https:\/\/gohike.lv\/en\/#\/schema\/logo\/image\/","url":"https:\/\/gohike.lv\/wp-content\/uploads\/2023\/08\/Logo_GoHike.webp","contentUrl":"https:\/\/gohike.lv\/wp-content\/uploads\/2023\/08\/Logo_GoHike.webp","width":512,"height":512,"caption":"GoHike"},"image":{"@id":"https:\/\/gohike.lv\/en\/#\/schema\/logo\/image\/"},"sameAs":["https:\/\/www.facebook.com\/gohike.shop\/","https:\/\/www.instagram.com\/gohike.shop\/"]}]}},"jetpack_sharing_enabled":true,"_links":{"self":[{"href":"https:\/\/gohike.lv\/en\/wp-json\/wp\/v2\/product\/77888","targetHints":{"allow":["GET"]}}],"collection":[{"href":"https:\/\/gohike.lv\/en\/wp-json\/wp\/v2\/product"}],"about":[{"href":"https:\/\/gohike.lv\/en\/wp-json\/wp\/v2\/types\/product"}],"version-history":[{"count":0,"href":"https:\/\/gohike.lv\/en\/wp-json\/wp\/v2\/product\/77888\/revisions"}],"wp:featuredmedia":[{"embeddable":true,"href":"https:\/\/gohike.lv\/en\/wp-json\/wp\/v2\/media\/77890"}],"wp:attachment":[{"href":"https:\/\/gohike.lv\/en\/wp-json\/wp\/v2\/media?parent=77888"}],"wp:term":[{"taxonomy":"product_brand","embeddable":true,"href":"https:\/\/gohike.lv\/en\/wp-json\/wp\/v2\/product_brand?post=77888"},{"taxonomy":"product_cat","embeddable":true,"href":"https:\/\/gohike.lv\/en\/wp-json\/wp\/v2\/product_cat?post=77888"},{"taxonomy":"product_tag","embeddable":true,"href":"https:\/\/gohike.lv\/en\/wp-json\/wp\/v2\/product_tag?post=77888"}],"curies":[{"name":"wp","href":"https:\/\/api.w.org\/{rel}","templated":true}]}}