{"id":77848,"date":"2025-04-04T16:24:18","date_gmt":"2025-04-04T13:24:18","guid":{"rendered":"https:\/\/gohike.lv\/produkts\/lightmyfire-spork-titana-edamriks\/"},"modified":"2026-01-02T07:52:53","modified_gmt":"2026-01-02T04:52:53","slug":"lightmyfire-spork-titana-edamriks","status":"publish","type":"product","link":"https:\/\/gohike.lv\/en\/produkts\/lightmyfire-spork-titana-edamriks\/","title":{"rendered":"LightMyFire &#8211; Spork tit\u0101na \u0113damr\u012bks"},"content":{"rendered":"<p>Galven\u0101s \u012bpa\u0161\u012bbas:<br \/>\n\u2714 3-in-1 dizains \u2013 karote, dak\u0161a un nazis vien\u0101;<br \/>\n\u2714 Materi\u0101ls: 2. klases tit\u0101ns (viegls un gandr\u012bz neizn\u012bcin\u0101ms);<br \/>\n\u2714 Gar\u0161as neitralit\u0101te \u2013 pul\u0113ta virsma nerada met\u0101lisku gar\u0161u;<br \/>\n\u2714 Korozijiztur\u012bgs \u2013 iztur s\u0101li, sk\u0101bes un mitrumu;<br \/>\n\u2714 Viegli t\u012br\u0101ms \u2013 mazg\u0101jams trauku mazg\u0101jamaj\u0101 ma\u0161\u012bn\u0101;<br \/>\n\u2714 Dro\u0161s lieto\u0161anai \u2013 bez BPA, atbilst ES &amp; FDA standartiem.<br \/>\nTehniskie parametri:<br \/>\nGarums: 17 cm;<br \/>\nPlatums: 4 cm;<br \/>\nBiezums: 0,8 mm;<br \/>\nSvars: Tikai 19 g;<br \/>\nRa\u017eots Zviedrij\u0101.<br \/>\nPriek\u0161roc\u012bbas:<br \/>\n\u2705 Iztur\u012bba: nepl\u012bst, nedeform\u0113jas, iztur meh\u0101niskas slodzes;<br \/>\n\u2705 Karstumiztur\u012bgs: ide\u0101ls karstiem \u0113dieniem (neuzsilst k\u0101 plastmasa);<br \/>\n\u2705 Daudzpus\u012bba: der gan kempingam, gan ikdienas lieto\u0161anai;<br \/>\n\u2705 Ekolo\u0123isks: tit\u0101ns ir piln\u012bb\u0101 atjaunojams materi\u0101ls.<br \/>\nIzmanto\u0161anas iesp\u0113jas:<br \/>\n\u2022 Kempings un p\u0101rg\u0101jieni;<br \/>\n\u2022 Darba pusdienas;<br \/>\n\u2022 Ce\u013cojumi un pikniki.<br \/>\nSpork Titanium \u2013 vienk\u0101r\u0161s, bet \u0123eni\u0101ls r\u012bks, kas kalpos gadu desmitiem!<br \/>\nIzv\u0113lieties kvalit\u0101ti \u2013 tit\u0101ns ir 3x iztur\u012bg\u0101ks nek\u0101 t\u0113rauds, bet 2x viegl\u0101ks.<br \/>\n<iframe title=\"SPORK TITANIUM\" width=\"1200\" height=\"675\" src=\"https:\/\/www.youtube.com\/embed\/z0tqPTyMTRE?feature=oembed\" frameborder=\"0\" allow=\"accelerometer; autoplay; clipboard-write; encrypted-media; gyroscope; picture-in-picture; web-share\" referrerpolicy=\"strict-origin-when-cross-origin\" allowfullscreen><\/iframe><\/p>\n","protected":false},"excerpt":{"rendered":"<p>Iztur\u012bgs un viegls tit\u0101na \u0113damr\u012bks (karotes-dak\u0161as-na\u017ea kombin\u0101cija),  17 cm. Piem\u0113rots kempingam, p\u0101rg\u0101jieniem un ikdienai. Bez met\u0101liskas gar\u0161a, korozijiztur\u012bgs un mazg\u0101jams trauku mazg\u0101jamaj\u0101 ma\u0161\u012bn\u0101.<\/p>\n","protected":false},"featured_media":77850,"template":"","meta":[],"product_brand":[12815],"product_cat":[1012],"product_tag":[],"class_list":{"0":"post-77848","1":"product","2":"type-product","3":"status-publish","4":"has-post-thumbnail","6":"product_brand-lightmyfire","7":"product_cat-virtuves-piederumi","8":"pa_izmerscm-1740-08","9":"pa_materiali-titans","10":"pa_produkta-tips-galda-piederumi","12":"first","13":"instock","14":"taxable","15":"shipping-taxable","16":"purchasable","17":"product-type-simple"},"raw_content":{"name":"LightMyFire - Spork tit\u0101na \u0113damr\u012bks","description":"Galven\u0101s \u012bpa\u0161\u012bbas:\n\u2714 3-in-1 dizains \u2013 karote, dak\u0161a un nazis vien\u0101;\n\u2714 Materi\u0101ls: 2. klases tit\u0101ns (viegls un gandr\u012bz neizn\u012bcin\u0101ms);\n\u2714 Gar\u0161as neitralit\u0101te \u2013 pul\u0113ta virsma nerada met\u0101lisku gar\u0161u;\n\u2714 Korozijiztur\u012bgs \u2013 iztur s\u0101li, sk\u0101bes un mitrumu;\n\u2714 Viegli t\u012br\u0101ms \u2013 mazg\u0101jams trauku mazg\u0101jamaj\u0101 ma\u0161\u012bn\u0101;\n\u2714 Dro\u0161s lieto\u0161anai \u2013 bez BPA, atbilst ES &amp; FDA standartiem.\nTehniskie parametri:\nGarums: 17 cm;\nPlatums: 4 cm;\nBiezums: 0,8 mm;\nSvars: Tikai 19 g;\nRa\u017eots Zviedrij\u0101.\nPriek\u0161roc\u012bbas:\n\u2705 Iztur\u012bba: nepl\u012bst, nedeform\u0113jas, iztur meh\u0101niskas slodzes;\n\u2705 Karstumiztur\u012bgs: ide\u0101ls karstiem \u0113dieniem (neuzsilst k\u0101 plastmasa);\n\u2705 Daudzpus\u012bba: der gan kempingam, gan ikdienas lieto\u0161anai;\n\u2705 Ekolo\u0123isks: tit\u0101ns ir piln\u012bb\u0101 atjaunojams materi\u0101ls.\nIzmanto\u0161anas iesp\u0113jas:\n\u2022 Kempings un p\u0101rg\u0101jieni;\n\u2022 Darba pusdienas;\n\u2022 Ce\u013cojumi un pikniki.\nSpork Titanium \u2013 vienk\u0101r\u0161s, bet \u0123eni\u0101ls r\u012bks, kas kalpos gadu desmitiem!\nIzv\u0113lieties kvalit\u0101ti \u2013 tit\u0101ns ir 3x iztur\u012bg\u0101ks nek\u0101 t\u0113rauds, bet 2x viegl\u0101ks.\nhttps:\/\/youtu.be\/z0tqPTyMTRE","short_description":"Iztur\u012bgs un viegls tit\u0101na \u0113damr\u012bks (karotes-dak\u0161as-na\u017ea kombin\u0101cija),  17 cm. Piem\u0113rots kempingam, p\u0101rg\u0101jieniem un ikdienai. Bez met\u0101liskas gar\u0161a, korozijiztur\u012bgs un mazg\u0101jams trauku mazg\u0101jamaj\u0101 ma\u0161\u012bn\u0101.","status":"publish","sku":"4212401110","original":77848},"wpml":{"translation_type":0,"has_translations":false,"original":77848,"duplicates":[],"translations":{"lv":77848,"en":null,"ru":null}},"supplier_id":null,"supplier_sku":"","barcode":null,"atum_controlled":true,"out_stock_date":null,"out_stock_threshold":null,"inheritable":false,"inbound_stock":0,"stock_on_hold":0,"sold_today":0,"sales_last_days":0,"reserved_stock":0,"customer_returns":0,"warehouse_damage":0,"lost_in_post":0,"other_logs":0,"out_stock_days":0,"lost_sales":0,"has_location":false,"update_date":"2026-01-02T04:52:53","atum_locations":[],"atum_stock_status":"instock","restock_status":false,"low_stock_amount":"","sales_update_date":"2025-11-13T14:08:45","calc_backorders":null,"yoast_head":"<!-- This site is optimized with the Yoast SEO plugin v27.3 - https:\/\/yoast.com\/product\/yoast-seo-wordpress\/ -->\n<title>LightMyFire Spork tit\u0101na \u0113damr\u012bks<\/title>\n<meta name=\"description\" content=\"Iztur\u012bgs un viegls tit\u0101na \u0113damr\u012bks (karotes-dak\u0161as-na\u017ea kombin\u0101cija), 17 cm. Piem\u0113rots kempingam, p\u0101rg\u0101jieniem un ikdienai. Bez met\u0101liskas gar\u0161a, korozijiztur\u012bgs un mazg\u0101jams trauku mazg\u0101jamaj\u0101 ma\u0161\u012bn\u0101.\" \/>\n<meta name=\"robots\" content=\"index, follow, max-snippet:-1, max-image-preview:large, max-video-preview:-1\" \/>\n<link rel=\"canonical\" href=\"https:\/\/gohike.lv\/en\/produkts\/lightmyfire-spork-titana-edamriks\/\" \/>\n<meta property=\"og:locale\" content=\"en_US\" \/>\n<meta property=\"og:type\" content=\"article\" \/>\n<meta property=\"og:title\" content=\"LightMyFire Spork tit\u0101na \u0113damr\u012bks\" \/>\n<meta property=\"og:description\" content=\"Iztur\u012bgs un viegls tit\u0101na \u0113damr\u012bks (karotes-dak\u0161as-na\u017ea kombin\u0101cija), 17 cm. Piem\u0113rots kempingam, p\u0101rg\u0101jieniem un ikdienai. Bez met\u0101liskas gar\u0161a, korozijiztur\u012bgs un mazg\u0101jams trauku mazg\u0101jamaj\u0101 ma\u0161\u012bn\u0101.\" \/>\n<meta property=\"og:url\" content=\"https:\/\/gohike.lv\/en\/produkts\/lightmyfire-spork-titana-edamriks\/\" \/>\n<meta property=\"og:site_name\" content=\"GoHike\" \/>\n<meta property=\"article:publisher\" content=\"https:\/\/www.facebook.com\/gohike.shop\/\" \/>\n<meta property=\"article:modified_time\" content=\"2026-01-02T04:52:53+00:00\" \/>\n<meta property=\"og:image\" content=\"https:\/\/gohike.lv\/wp-content\/uploads\/2025\/04\/TitaniumSpork_-4.jpg\" \/>\n\t<meta property=\"og:image:width\" content=\"1000\" \/>\n\t<meta property=\"og:image:height\" content=\"1000\" \/>\n\t<meta property=\"og:image:type\" content=\"image\/jpeg\" \/>\n<meta name=\"twitter:card\" content=\"summary_large_image\" \/>\n<meta name=\"twitter:title\" content=\"LightMyFire Spork tit\u0101na \u0113damr\u012bks\" \/>\n<meta name=\"twitter:label1\" content=\"Est. reading time\" \/>\n\t<meta name=\"twitter:data1\" content=\"1 minute\" \/>\n<script type=\"application\/ld+json\" class=\"yoast-schema-graph\">{\"@context\":\"https:\\\/\\\/schema.org\",\"@graph\":[{\"@type\":[\"WebPage\",\"ItemPage\"],\"@id\":\"https:\\\/\\\/gohike.lv\\\/en\\\/produkts\\\/lightmyfire-spork-titana-edamriks\\\/\",\"url\":\"https:\\\/\\\/gohike.lv\\\/en\\\/produkts\\\/lightmyfire-spork-titana-edamriks\\\/\",\"name\":\"LightMyFire Spork tit\u0101na \u0113damr\u012bks\",\"isPartOf\":{\"@id\":\"https:\\\/\\\/gohike.lv\\\/en\\\/#website\"},\"primaryImageOfPage\":{\"@id\":\"https:\\\/\\\/gohike.lv\\\/en\\\/produkts\\\/lightmyfire-spork-titana-edamriks\\\/#primaryimage\"},\"image\":{\"@id\":\"https:\\\/\\\/gohike.lv\\\/en\\\/produkts\\\/lightmyfire-spork-titana-edamriks\\\/#primaryimage\"},\"thumbnailUrl\":\"https:\\\/\\\/gohike.lv\\\/wp-content\\\/uploads\\\/2025\\\/04\\\/TitaniumSpork_-4.jpg\",\"datePublished\":\"2025-04-04T13:24:18+00:00\",\"dateModified\":\"2026-01-02T04:52:53+00:00\",\"description\":\"Iztur\u012bgs un viegls tit\u0101na \u0113damr\u012bks (karotes-dak\u0161as-na\u017ea kombin\u0101cija), 17 cm. Piem\u0113rots kempingam, p\u0101rg\u0101jieniem un ikdienai. Bez met\u0101liskas gar\u0161a, korozijiztur\u012bgs un mazg\u0101jams trauku mazg\u0101jamaj\u0101 ma\u0161\u012bn\u0101.\",\"breadcrumb\":{\"@id\":\"https:\\\/\\\/gohike.lv\\\/en\\\/produkts\\\/lightmyfire-spork-titana-edamriks\\\/#breadcrumb\"},\"inLanguage\":\"en-US\",\"potentialAction\":[{\"@type\":\"ReadAction\",\"target\":[\"https:\\\/\\\/gohike.lv\\\/en\\\/produkts\\\/lightmyfire-spork-titana-edamriks\\\/\"]}]},{\"@type\":\"ImageObject\",\"inLanguage\":\"en-US\",\"@id\":\"https:\\\/\\\/gohike.lv\\\/en\\\/produkts\\\/lightmyfire-spork-titana-edamriks\\\/#primaryimage\",\"url\":\"https:\\\/\\\/gohike.lv\\\/wp-content\\\/uploads\\\/2025\\\/04\\\/TitaniumSpork_-4.jpg\",\"contentUrl\":\"https:\\\/\\\/gohike.lv\\\/wp-content\\\/uploads\\\/2025\\\/04\\\/TitaniumSpork_-4.jpg\",\"width\":1000,\"height\":1000},{\"@type\":\"BreadcrumbList\",\"@id\":\"https:\\\/\\\/gohike.lv\\\/en\\\/produkts\\\/lightmyfire-spork-titana-edamriks\\\/#breadcrumb\",\"itemListElement\":[{\"@type\":\"ListItem\",\"position\":1,\"name\":\"Home\",\"item\":\"https:\\\/\\\/gohike.lv\\\/en\\\/\"},{\"@type\":\"ListItem\",\"position\":2,\"name\":\"Product categories\",\"item\":\"https:\\\/\\\/gohike.lv\\\/en\\\/product-categories\\\/\"},{\"@type\":\"ListItem\",\"position\":3,\"name\":\"LightMyFire &#8211; Spork tit\u0101na \u0113damr\u012bks\"}]},{\"@type\":\"WebSite\",\"@id\":\"https:\\\/\\\/gohike.lv\\\/en\\\/#website\",\"url\":\"https:\\\/\\\/gohike.lv\\\/en\\\/\",\"name\":\"GoHike\",\"description\":\"\",\"publisher\":{\"@id\":\"https:\\\/\\\/gohike.lv\\\/en\\\/#organization\"},\"potentialAction\":[{\"@type\":\"SearchAction\",\"target\":{\"@type\":\"EntryPoint\",\"urlTemplate\":\"https:\\\/\\\/gohike.lv\\\/en\\\/?s={search_term_string}\"},\"query-input\":{\"@type\":\"PropertyValueSpecification\",\"valueRequired\":true,\"valueName\":\"search_term_string\"}}],\"inLanguage\":\"en-US\"},{\"@type\":\"Organization\",\"@id\":\"https:\\\/\\\/gohike.lv\\\/en\\\/#organization\",\"name\":\"GoHike\",\"url\":\"https:\\\/\\\/gohike.lv\\\/en\\\/\",\"logo\":{\"@type\":\"ImageObject\",\"inLanguage\":\"en-US\",\"@id\":\"https:\\\/\\\/gohike.lv\\\/en\\\/#\\\/schema\\\/logo\\\/image\\\/\",\"url\":\"https:\\\/\\\/gohike.lv\\\/wp-content\\\/uploads\\\/2023\\\/08\\\/Logo_GoHike.webp\",\"contentUrl\":\"https:\\\/\\\/gohike.lv\\\/wp-content\\\/uploads\\\/2023\\\/08\\\/Logo_GoHike.webp\",\"width\":512,\"height\":512,\"caption\":\"GoHike\"},\"image\":{\"@id\":\"https:\\\/\\\/gohike.lv\\\/en\\\/#\\\/schema\\\/logo\\\/image\\\/\"},\"sameAs\":[\"https:\\\/\\\/www.facebook.com\\\/gohike.shop\\\/\",\"https:\\\/\\\/www.instagram.com\\\/gohike.shop\\\/\"]}]}<\/script>\n<!-- \/ Yoast SEO plugin. -->","yoast_head_json":{"title":"LightMyFire Spork tit\u0101na \u0113damr\u012bks","description":"Iztur\u012bgs un viegls tit\u0101na \u0113damr\u012bks (karotes-dak\u0161as-na\u017ea kombin\u0101cija), 17 cm. Piem\u0113rots kempingam, p\u0101rg\u0101jieniem un ikdienai. Bez met\u0101liskas gar\u0161a, korozijiztur\u012bgs un mazg\u0101jams trauku mazg\u0101jamaj\u0101 ma\u0161\u012bn\u0101.","robots":{"index":"index","follow":"follow","max-snippet":"max-snippet:-1","max-image-preview":"max-image-preview:large","max-video-preview":"max-video-preview:-1"},"canonical":"https:\/\/gohike.lv\/en\/produkts\/lightmyfire-spork-titana-edamriks\/","og_locale":"en_US","og_type":"article","og_title":"LightMyFire Spork tit\u0101na \u0113damr\u012bks","og_description":"Iztur\u012bgs un viegls tit\u0101na \u0113damr\u012bks (karotes-dak\u0161as-na\u017ea kombin\u0101cija), 17 cm. Piem\u0113rots kempingam, p\u0101rg\u0101jieniem un ikdienai. Bez met\u0101liskas gar\u0161a, korozijiztur\u012bgs un mazg\u0101jams trauku mazg\u0101jamaj\u0101 ma\u0161\u012bn\u0101.","og_url":"https:\/\/gohike.lv\/en\/produkts\/lightmyfire-spork-titana-edamriks\/","og_site_name":"GoHike","article_publisher":"https:\/\/www.facebook.com\/gohike.shop\/","article_modified_time":"2026-01-02T04:52:53+00:00","og_image":[{"width":1000,"height":1000,"url":"https:\/\/gohike.lv\/wp-content\/uploads\/2025\/04\/TitaniumSpork_-4.jpg","type":"image\/jpeg"}],"twitter_card":"summary_large_image","twitter_title":"LightMyFire Spork tit\u0101na \u0113damr\u012bks","twitter_misc":{"Est. reading time":"1 minute"},"schema":{"@context":"https:\/\/schema.org","@graph":[{"@type":["WebPage","ItemPage"],"@id":"https:\/\/gohike.lv\/en\/produkts\/lightmyfire-spork-titana-edamriks\/","url":"https:\/\/gohike.lv\/en\/produkts\/lightmyfire-spork-titana-edamriks\/","name":"LightMyFire Spork tit\u0101na \u0113damr\u012bks","isPartOf":{"@id":"https:\/\/gohike.lv\/en\/#website"},"primaryImageOfPage":{"@id":"https:\/\/gohike.lv\/en\/produkts\/lightmyfire-spork-titana-edamriks\/#primaryimage"},"image":{"@id":"https:\/\/gohike.lv\/en\/produkts\/lightmyfire-spork-titana-edamriks\/#primaryimage"},"thumbnailUrl":"https:\/\/gohike.lv\/wp-content\/uploads\/2025\/04\/TitaniumSpork_-4.jpg","datePublished":"2025-04-04T13:24:18+00:00","dateModified":"2026-01-02T04:52:53+00:00","description":"Iztur\u012bgs un viegls tit\u0101na \u0113damr\u012bks (karotes-dak\u0161as-na\u017ea kombin\u0101cija), 17 cm. Piem\u0113rots kempingam, p\u0101rg\u0101jieniem un ikdienai. Bez met\u0101liskas gar\u0161a, korozijiztur\u012bgs un mazg\u0101jams trauku mazg\u0101jamaj\u0101 ma\u0161\u012bn\u0101.","breadcrumb":{"@id":"https:\/\/gohike.lv\/en\/produkts\/lightmyfire-spork-titana-edamriks\/#breadcrumb"},"inLanguage":"en-US","potentialAction":[{"@type":"ReadAction","target":["https:\/\/gohike.lv\/en\/produkts\/lightmyfire-spork-titana-edamriks\/"]}]},{"@type":"ImageObject","inLanguage":"en-US","@id":"https:\/\/gohike.lv\/en\/produkts\/lightmyfire-spork-titana-edamriks\/#primaryimage","url":"https:\/\/gohike.lv\/wp-content\/uploads\/2025\/04\/TitaniumSpork_-4.jpg","contentUrl":"https:\/\/gohike.lv\/wp-content\/uploads\/2025\/04\/TitaniumSpork_-4.jpg","width":1000,"height":1000},{"@type":"BreadcrumbList","@id":"https:\/\/gohike.lv\/en\/produkts\/lightmyfire-spork-titana-edamriks\/#breadcrumb","itemListElement":[{"@type":"ListItem","position":1,"name":"Home","item":"https:\/\/gohike.lv\/en\/"},{"@type":"ListItem","position":2,"name":"Product categories","item":"https:\/\/gohike.lv\/en\/product-categories\/"},{"@type":"ListItem","position":3,"name":"LightMyFire &#8211; Spork tit\u0101na \u0113damr\u012bks"}]},{"@type":"WebSite","@id":"https:\/\/gohike.lv\/en\/#website","url":"https:\/\/gohike.lv\/en\/","name":"GoHike","description":"","publisher":{"@id":"https:\/\/gohike.lv\/en\/#organization"},"potentialAction":[{"@type":"SearchAction","target":{"@type":"EntryPoint","urlTemplate":"https:\/\/gohike.lv\/en\/?s={search_term_string}"},"query-input":{"@type":"PropertyValueSpecification","valueRequired":true,"valueName":"search_term_string"}}],"inLanguage":"en-US"},{"@type":"Organization","@id":"https:\/\/gohike.lv\/en\/#organization","name":"GoHike","url":"https:\/\/gohike.lv\/en\/","logo":{"@type":"ImageObject","inLanguage":"en-US","@id":"https:\/\/gohike.lv\/en\/#\/schema\/logo\/image\/","url":"https:\/\/gohike.lv\/wp-content\/uploads\/2023\/08\/Logo_GoHike.webp","contentUrl":"https:\/\/gohike.lv\/wp-content\/uploads\/2023\/08\/Logo_GoHike.webp","width":512,"height":512,"caption":"GoHike"},"image":{"@id":"https:\/\/gohike.lv\/en\/#\/schema\/logo\/image\/"},"sameAs":["https:\/\/www.facebook.com\/gohike.shop\/","https:\/\/www.instagram.com\/gohike.shop\/"]}]}},"jetpack_sharing_enabled":true,"_links":{"self":[{"href":"https:\/\/gohike.lv\/en\/wp-json\/wp\/v2\/product\/77848","targetHints":{"allow":["GET"]}}],"collection":[{"href":"https:\/\/gohike.lv\/en\/wp-json\/wp\/v2\/product"}],"about":[{"href":"https:\/\/gohike.lv\/en\/wp-json\/wp\/v2\/types\/product"}],"version-history":[{"count":0,"href":"https:\/\/gohike.lv\/en\/wp-json\/wp\/v2\/product\/77848\/revisions"}],"wp:featuredmedia":[{"embeddable":true,"href":"https:\/\/gohike.lv\/en\/wp-json\/wp\/v2\/media\/77850"}],"wp:attachment":[{"href":"https:\/\/gohike.lv\/en\/wp-json\/wp\/v2\/media?parent=77848"}],"wp:term":[{"taxonomy":"product_brand","embeddable":true,"href":"https:\/\/gohike.lv\/en\/wp-json\/wp\/v2\/product_brand?post=77848"},{"taxonomy":"product_cat","embeddable":true,"href":"https:\/\/gohike.lv\/en\/wp-json\/wp\/v2\/product_cat?post=77848"},{"taxonomy":"product_tag","embeddable":true,"href":"https:\/\/gohike.lv\/en\/wp-json\/wp\/v2\/product_tag?post=77848"}],"curies":[{"name":"wp","href":"https:\/\/api.w.org\/{rel}","templated":true}]}}