{"id":77294,"date":"2025-04-04T16:00:50","date_gmt":"2025-04-04T13:00:50","guid":{"rendered":"https:\/\/gohike.lv\/produkts\/gear-aid-tenacious-tape-gore-tex-fabric-patches-ielaps\/"},"modified":"2025-12-30T17:24:23","modified_gmt":"2025-12-30T14:24:23","slug":"gear-aid-tenacious-tape-gore-tex-fabric-patches-ielaps","status":"publish","type":"product","link":"https:\/\/gohike.lv\/en\/produkts\/gear-aid-tenacious-tape-gore-tex-fabric-patches-ielaps\/","title":{"rendered":"GEAR AID &#8211; Tenacious Tape GORE-TEX Fabric Patches iel\u0101ps"},"content":{"rendered":"<p>Komplekta saturs:<br \/>\n\u2714 2 GORE-TEX materi\u0101la iel\u0101pi (7,6 cm apa\u013c\u0161 un 10 x 5 cm taisnst\u016brveida);<br \/>\n\u2714 Sp\u0113c\u012bga l\u012bme ar termofiks\u0101cijas iesp\u0113ju.<br \/>\nGalven\u0101s priek\u0161roc\u012bbas:<br \/>\n\u2714 \u012asta GORE-TEX aizsardz\u012bba &#8211; saglab\u0101 ori\u0123in\u0101l\u0101 materi\u0101la \u016bdensiztur\u012bbu un elpojam\u012bbu;<br \/>\n\u2714 Profesion\u0101la stiprin\u0101\u0161ana &#8211; termofiks\u0113jami vai vienk\u0101r\u0161i l\u012bm\u0113jami;<br \/>\n\u2714 Ilgsto\u0161a notur\u012bba &#8211; iztur mazg\u0101\u0161anu ve\u013cas mazg\u0101jamaj\u0101 ma\u0161\u012bn\u0101 un ekstrem\u0101lus laikapst\u0101k\u013cus;<br \/>\n\u2714 Divu izm\u0113ru iel\u0101pi &#8211; piem\u0113roti da\u017e\u0101da lieluma boj\u0101jumiem.<br \/>\nLieto\u0161anas instrukcija:<br \/>\nNot\u012briet boj\u0101to laukumu;<br \/>\nNogrieziet iel\u0101pu nepiecie\u0161amaj\u0101 izm\u0113r\u0101.<br \/>\n-Variants A (vienk\u0101r\u0161s):<br \/>\nNo\u0146emiet aizsargpl\u0113vi;<br \/>\nUzkl\u0101jiet un nospiediet uz 2 min\u016bt\u0113m;<br \/>\n-Variants B (sare\u017e\u0123\u012bt\u0101ks):<br \/>\nUzkl\u0101jiet iel\u0101pu;<br \/>\nP\u0101rkl\u0101jiet to ar dr\u0101nu;<br \/>\nApstr\u0101d\u0101jiet ar gludekli 30-60 sekundes (vid\u0113j\u0101 temperat\u016br\u0101).<br \/>\nTehniskie parametri:<br \/>\n\u25b8 Materi\u0101ls: Aautentisks GORE-TEX audums;<br \/>\n\u25b8 L\u012bme: sp\u0113c\u012bga, \u016bdensiztur\u012bga;<br \/>\n\u25b8 Darba temperat\u016bra: -40\u00b0C l\u012bdz +120\u00b0C;<br \/>\n\u25b8 Notur\u012bba: &gt;50 mazg\u0101\u0161anas ciklu.<br \/>\nIzmanto\u0161anas iesp\u0113jas:<br \/>\n\u2022 \u016adensiztur\u012bgu jaku remonts;<br \/>\n\u2022 Sl\u0113po\u0161anas un kalnu t\u0113rpu labo\u0161ana;<br \/>\n\u2022 Elpojo\u0161u ap\u0123\u0113rbu salabo\u0161ana;<br \/>\n\u2022 Jebkuru GORE-TEX izstr\u0101d\u0101jumu remonts.<br \/>\nPadomi:<br \/>\n\u25ba Maziem caurumiem izmantojiet apa\u013co pl\u0101ksteri;<br \/>\n\u25ba Gariem caurumiem &#8211; taisnst\u016brveida pl\u0101ksteri.<br \/>\nBr\u012bdin\u0101jumi:<br \/>\n\u2022 Izvairieties no iel\u0101pu novieto\u0161anas tie\u0161os saules staros.<br \/>\n\u2022 P\u0101rbaudiet uz neliela laukuma pirms lieto\u0161anas.<br \/>\n\u2022 Glab\u0101t saus\u0101, v\u0113s\u0101 viet\u0101.<br \/>\nAtjaunojiet savu GORE-TEX apr\u012bkojumu un saglab\u0101jiet t\u0101 ori\u0123in\u0101l\u0101s \u012bpa\u0161\u012bbas ar \u0161iem profesion\u0101lajiem remonta pl\u0101ksteriem!<br \/>\n\u0160ie pl\u0101ksteri ir ofici\u0101li ieteikti GORE-TEX ra\u017eot\u0101ju un tiek izmantoti profesion\u0101los remonta centros. Tie ne tikai aizver boj\u0101jumu, bet ar\u012b piln\u012bb\u0101 atjauno izstr\u0101d\u0101juma funkcionalit\u0101ti.<br \/>\n<iframe title=\"Tenacious Tape GORE-TEX\u00ae Fabric Patches by GEAR AID\" width=\"1200\" height=\"675\" src=\"https:\/\/www.youtube.com\/embed\/pw3aRL7cUng?feature=oembed\" frameborder=\"0\" allow=\"accelerometer; autoplay; clipboard-write; encrypted-media; gyroscope; picture-in-picture; web-share\" referrerpolicy=\"strict-origin-when-cross-origin\" allowfullscreen><\/iframe><\/p>\n","protected":false},"excerpt":{"rendered":"<p>\u012apa\u0161i GORE-TEX\u00ae apr\u012bkojumam paredz\u0113ti remonta iel\u0101pi ar \u016bdensiztur\u012bgu aizsardz\u012bbu, kas nodro\u0161ina ilgtsp\u0113j\u012bgus labojumus jak\u0101m, biks\u0113m un cimdiem.<\/p>\n","protected":false},"featured_media":77296,"template":"","meta":[],"product_brand":[12836],"product_cat":[1617,4140],"product_tag":[],"class_list":{"0":"post-77294","1":"product","2":"type-product","3":"status-publish","4":"has-post-thumbnail","6":"product_brand-gear-aid","7":"product_cat-instrumenti-un-kopsana","8":"product_cat-noderigas-lietas","9":"pa_produkta-tips-noderigas-lietas","11":"first","12":"instock","13":"taxable","14":"shipping-taxable","15":"purchasable","16":"product-type-simple"},"raw_content":{"name":"GEAR AID - Tenacious Tape GORE-TEX Fabric Patches iel\u0101ps","description":"Komplekta saturs:\n\u2714 2 GORE-TEX materi\u0101la iel\u0101pi (7,6 cm apa\u013c\u0161 un 10 x 5 cm taisnst\u016brveida);\n\u2714 Sp\u0113c\u012bga l\u012bme ar termofiks\u0101cijas iesp\u0113ju.\nGalven\u0101s priek\u0161roc\u012bbas:\n\u2714 \u012asta GORE-TEX aizsardz\u012bba - saglab\u0101 ori\u0123in\u0101l\u0101 materi\u0101la \u016bdensiztur\u012bbu un elpojam\u012bbu;\n\u2714 Profesion\u0101la stiprin\u0101\u0161ana - termofiks\u0113jami vai vienk\u0101r\u0161i l\u012bm\u0113jami;\n\u2714 Ilgsto\u0161a notur\u012bba - iztur mazg\u0101\u0161anu ve\u013cas mazg\u0101jamaj\u0101 ma\u0161\u012bn\u0101 un ekstrem\u0101lus laikapst\u0101k\u013cus;\n\u2714 Divu izm\u0113ru iel\u0101pi - piem\u0113roti da\u017e\u0101da lieluma boj\u0101jumiem.\nLieto\u0161anas instrukcija:\nNot\u012briet boj\u0101to laukumu;\nNogrieziet iel\u0101pu nepiecie\u0161amaj\u0101 izm\u0113r\u0101.\n-Variants A (vienk\u0101r\u0161s):\nNo\u0146emiet aizsargpl\u0113vi;\nUzkl\u0101jiet un nospiediet uz 2 min\u016bt\u0113m;\n-Variants B (sare\u017e\u0123\u012bt\u0101ks):\nUzkl\u0101jiet iel\u0101pu;\nP\u0101rkl\u0101jiet to ar dr\u0101nu;\nApstr\u0101d\u0101jiet ar gludekli 30-60 sekundes (vid\u0113j\u0101 temperat\u016br\u0101).\nTehniskie parametri:\n\u25b8 Materi\u0101ls: Aautentisks GORE-TEX audums;\n\u25b8 L\u012bme: sp\u0113c\u012bga, \u016bdensiztur\u012bga;\n\u25b8 Darba temperat\u016bra: -40\u00b0C l\u012bdz +120\u00b0C;\n\u25b8 Notur\u012bba: &gt;50 mazg\u0101\u0161anas ciklu.\nIzmanto\u0161anas iesp\u0113jas:\n\u2022 \u016adensiztur\u012bgu jaku remonts;\n\u2022 Sl\u0113po\u0161anas un kalnu t\u0113rpu labo\u0161ana;\n\u2022 Elpojo\u0161u ap\u0123\u0113rbu salabo\u0161ana;\n\u2022 Jebkuru GORE-TEX izstr\u0101d\u0101jumu remonts.\nPadomi:\n\u25ba Maziem caurumiem izmantojiet apa\u013co pl\u0101ksteri;\n\u25ba Gariem caurumiem - taisnst\u016brveida pl\u0101ksteri.\nBr\u012bdin\u0101jumi:\n\u2022 Izvairieties no iel\u0101pu novieto\u0161anas tie\u0161os saules staros.\n\u2022 P\u0101rbaudiet uz neliela laukuma pirms lieto\u0161anas.\n\u2022 Glab\u0101t saus\u0101, v\u0113s\u0101 viet\u0101.\nAtjaunojiet savu GORE-TEX apr\u012bkojumu un saglab\u0101jiet t\u0101 ori\u0123in\u0101l\u0101s \u012bpa\u0161\u012bbas ar \u0161iem profesion\u0101lajiem remonta pl\u0101ksteriem!\n\u0160ie pl\u0101ksteri ir ofici\u0101li ieteikti GORE-TEX ra\u017eot\u0101ju un tiek izmantoti profesion\u0101los remonta centros. Tie ne tikai aizver boj\u0101jumu, bet ar\u012b piln\u012bb\u0101 atjauno izstr\u0101d\u0101juma funkcionalit\u0101ti.\nhttps:\/\/www.youtube.com\/watch?v=pw3aRL7cUng&amp;feature=youtu.be","short_description":"\u012apa\u0161i GORE-TEX\u00ae apr\u012bkojumam paredz\u0113ti remonta iel\u0101pi ar \u016bdensiztur\u012bgu aizsardz\u012bbu, kas nodro\u0161ina ilgtsp\u0113j\u012bgus labojumus jak\u0101m, biks\u0113m un cimdiem.","status":"publish","sku":"21563153118","original":77294},"wpml":{"translation_type":0,"has_translations":false,"original":77294,"duplicates":[],"translations":{"lv":77294,"en":null,"ru":null}},"supplier_id":null,"supplier_sku":"","barcode":null,"atum_controlled":true,"out_stock_date":null,"out_stock_threshold":null,"inheritable":false,"inbound_stock":0,"stock_on_hold":0,"sold_today":0,"sales_last_days":0,"reserved_stock":0,"customer_returns":0,"warehouse_damage":0,"lost_in_post":0,"other_logs":0,"out_stock_days":0,"lost_sales":0,"has_location":false,"update_date":"2025-12-30T14:25:12","atum_locations":[],"atum_stock_status":"instock","restock_status":false,"low_stock_amount":"","sales_update_date":"2025-11-13T14:08:58","calc_backorders":null,"yoast_head":"<!-- This site is optimized with the Yoast SEO plugin v27.3 - https:\/\/yoast.com\/product\/yoast-seo-wordpress\/ -->\n<title>GEAR AID Tenacious Tape GORE-TEX Fabric Patches iel\u0101ps<\/title>\n<meta name=\"description\" content=\"\u012apa\u0161i GORE-TEX\u00ae apr\u012bkojumam paredz\u0113ti remonta iel\u0101pi ar \u016bdensiztur\u012bgu aizsardz\u012bbu, kas nodro\u0161ina ilgtsp\u0113j\u012bgus labojumus jak\u0101m, biks\u0113m un cimdiem.\" \/>\n<meta name=\"robots\" content=\"index, follow, max-snippet:-1, max-image-preview:large, max-video-preview:-1\" \/>\n<link rel=\"canonical\" href=\"https:\/\/gohike.lv\/en\/produkts\/gear-aid-tenacious-tape-gore-tex-fabric-patches-ielaps\/\" \/>\n<meta property=\"og:locale\" content=\"en_US\" \/>\n<meta property=\"og:type\" content=\"article\" \/>\n<meta property=\"og:title\" content=\"GEAR AID Tenacious Tape GORE-TEX Fabric Patches iel\u0101ps\" \/>\n<meta property=\"og:description\" content=\"\u012apa\u0161i GORE-TEX\u00ae apr\u012bkojumam paredz\u0113ti remonta iel\u0101pi ar \u016bdensiztur\u012bgu aizsardz\u012bbu, kas nodro\u0161ina ilgtsp\u0113j\u012bgus labojumus jak\u0101m, biks\u0113m un cimdiem.\" \/>\n<meta property=\"og:url\" content=\"https:\/\/gohike.lv\/en\/produkts\/gear-aid-tenacious-tape-gore-tex-fabric-patches-ielaps\/\" \/>\n<meta property=\"og:site_name\" content=\"GoHike\" \/>\n<meta property=\"article:publisher\" content=\"https:\/\/www.facebook.com\/gohike.shop\/\" \/>\n<meta property=\"article:modified_time\" content=\"2025-12-30T14:24:23+00:00\" \/>\n<meta property=\"og:image\" content=\"https:\/\/gohike.lv\/wp-content\/uploads\/2025\/04\/GoreTexPatches_.webp\" \/>\n\t<meta property=\"og:image:width\" content=\"1400\" \/>\n\t<meta property=\"og:image:height\" content=\"1400\" \/>\n\t<meta property=\"og:image:type\" content=\"image\/webp\" \/>\n<meta name=\"twitter:card\" content=\"summary_large_image\" \/>\n<meta name=\"twitter:title\" content=\"GEAR AID Tenacious Tape GORE-TEX Fabric Patches iel\u0101ps\" \/>\n<meta name=\"twitter:label1\" content=\"Est. reading time\" \/>\n\t<meta name=\"twitter:data1\" content=\"2 minutes\" \/>\n<script type=\"application\/ld+json\" class=\"yoast-schema-graph\">{\"@context\":\"https:\\\/\\\/schema.org\",\"@graph\":[{\"@type\":[\"WebPage\",\"ItemPage\"],\"@id\":\"https:\\\/\\\/gohike.lv\\\/en\\\/produkts\\\/gear-aid-tenacious-tape-gore-tex-fabric-patches-ielaps\\\/\",\"url\":\"https:\\\/\\\/gohike.lv\\\/en\\\/produkts\\\/gear-aid-tenacious-tape-gore-tex-fabric-patches-ielaps\\\/\",\"name\":\"GEAR AID Tenacious Tape GORE-TEX Fabric Patches iel\u0101ps\",\"isPartOf\":{\"@id\":\"https:\\\/\\\/gohike.lv\\\/en\\\/#website\"},\"primaryImageOfPage\":{\"@id\":\"https:\\\/\\\/gohike.lv\\\/en\\\/produkts\\\/gear-aid-tenacious-tape-gore-tex-fabric-patches-ielaps\\\/#primaryimage\"},\"image\":{\"@id\":\"https:\\\/\\\/gohike.lv\\\/en\\\/produkts\\\/gear-aid-tenacious-tape-gore-tex-fabric-patches-ielaps\\\/#primaryimage\"},\"thumbnailUrl\":\"https:\\\/\\\/gohike.lv\\\/wp-content\\\/uploads\\\/2025\\\/04\\\/GoreTexPatches_.webp\",\"datePublished\":\"2025-04-04T13:00:50+00:00\",\"dateModified\":\"2025-12-30T14:24:23+00:00\",\"description\":\"\u012apa\u0161i GORE-TEX\u00ae apr\u012bkojumam paredz\u0113ti remonta iel\u0101pi ar \u016bdensiztur\u012bgu aizsardz\u012bbu, kas nodro\u0161ina ilgtsp\u0113j\u012bgus labojumus jak\u0101m, biks\u0113m un cimdiem.\",\"breadcrumb\":{\"@id\":\"https:\\\/\\\/gohike.lv\\\/en\\\/produkts\\\/gear-aid-tenacious-tape-gore-tex-fabric-patches-ielaps\\\/#breadcrumb\"},\"inLanguage\":\"en-US\",\"potentialAction\":[{\"@type\":\"ReadAction\",\"target\":[\"https:\\\/\\\/gohike.lv\\\/en\\\/produkts\\\/gear-aid-tenacious-tape-gore-tex-fabric-patches-ielaps\\\/\"]}]},{\"@type\":\"ImageObject\",\"inLanguage\":\"en-US\",\"@id\":\"https:\\\/\\\/gohike.lv\\\/en\\\/produkts\\\/gear-aid-tenacious-tape-gore-tex-fabric-patches-ielaps\\\/#primaryimage\",\"url\":\"https:\\\/\\\/gohike.lv\\\/wp-content\\\/uploads\\\/2025\\\/04\\\/GoreTexPatches_.webp\",\"contentUrl\":\"https:\\\/\\\/gohike.lv\\\/wp-content\\\/uploads\\\/2025\\\/04\\\/GoreTexPatches_.webp\",\"width\":1400,\"height\":1400},{\"@type\":\"BreadcrumbList\",\"@id\":\"https:\\\/\\\/gohike.lv\\\/en\\\/produkts\\\/gear-aid-tenacious-tape-gore-tex-fabric-patches-ielaps\\\/#breadcrumb\",\"itemListElement\":[{\"@type\":\"ListItem\",\"position\":1,\"name\":\"Home\",\"item\":\"https:\\\/\\\/gohike.lv\\\/en\\\/\"},{\"@type\":\"ListItem\",\"position\":2,\"name\":\"Product categories\",\"item\":\"https:\\\/\\\/gohike.lv\\\/en\\\/product-categories\\\/\"},{\"@type\":\"ListItem\",\"position\":3,\"name\":\"GEAR AID &#8211; Tenacious Tape GORE-TEX Fabric Patches iel\u0101ps\"}]},{\"@type\":\"WebSite\",\"@id\":\"https:\\\/\\\/gohike.lv\\\/en\\\/#website\",\"url\":\"https:\\\/\\\/gohike.lv\\\/en\\\/\",\"name\":\"GoHike\",\"description\":\"\",\"publisher\":{\"@id\":\"https:\\\/\\\/gohike.lv\\\/en\\\/#organization\"},\"potentialAction\":[{\"@type\":\"SearchAction\",\"target\":{\"@type\":\"EntryPoint\",\"urlTemplate\":\"https:\\\/\\\/gohike.lv\\\/en\\\/?s={search_term_string}\"},\"query-input\":{\"@type\":\"PropertyValueSpecification\",\"valueRequired\":true,\"valueName\":\"search_term_string\"}}],\"inLanguage\":\"en-US\"},{\"@type\":\"Organization\",\"@id\":\"https:\\\/\\\/gohike.lv\\\/en\\\/#organization\",\"name\":\"GoHike\",\"url\":\"https:\\\/\\\/gohike.lv\\\/en\\\/\",\"logo\":{\"@type\":\"ImageObject\",\"inLanguage\":\"en-US\",\"@id\":\"https:\\\/\\\/gohike.lv\\\/en\\\/#\\\/schema\\\/logo\\\/image\\\/\",\"url\":\"https:\\\/\\\/gohike.lv\\\/wp-content\\\/uploads\\\/2023\\\/08\\\/Logo_GoHike.webp\",\"contentUrl\":\"https:\\\/\\\/gohike.lv\\\/wp-content\\\/uploads\\\/2023\\\/08\\\/Logo_GoHike.webp\",\"width\":512,\"height\":512,\"caption\":\"GoHike\"},\"image\":{\"@id\":\"https:\\\/\\\/gohike.lv\\\/en\\\/#\\\/schema\\\/logo\\\/image\\\/\"},\"sameAs\":[\"https:\\\/\\\/www.facebook.com\\\/gohike.shop\\\/\",\"https:\\\/\\\/www.instagram.com\\\/gohike.shop\\\/\"]}]}<\/script>\n<!-- \/ Yoast SEO plugin. -->","yoast_head_json":{"title":"GEAR AID Tenacious Tape GORE-TEX Fabric Patches iel\u0101ps","description":"\u012apa\u0161i GORE-TEX\u00ae apr\u012bkojumam paredz\u0113ti remonta iel\u0101pi ar \u016bdensiztur\u012bgu aizsardz\u012bbu, kas nodro\u0161ina ilgtsp\u0113j\u012bgus labojumus jak\u0101m, biks\u0113m un cimdiem.","robots":{"index":"index","follow":"follow","max-snippet":"max-snippet:-1","max-image-preview":"max-image-preview:large","max-video-preview":"max-video-preview:-1"},"canonical":"https:\/\/gohike.lv\/en\/produkts\/gear-aid-tenacious-tape-gore-tex-fabric-patches-ielaps\/","og_locale":"en_US","og_type":"article","og_title":"GEAR AID Tenacious Tape GORE-TEX Fabric Patches iel\u0101ps","og_description":"\u012apa\u0161i GORE-TEX\u00ae apr\u012bkojumam paredz\u0113ti remonta iel\u0101pi ar \u016bdensiztur\u012bgu aizsardz\u012bbu, kas nodro\u0161ina ilgtsp\u0113j\u012bgus labojumus jak\u0101m, biks\u0113m un cimdiem.","og_url":"https:\/\/gohike.lv\/en\/produkts\/gear-aid-tenacious-tape-gore-tex-fabric-patches-ielaps\/","og_site_name":"GoHike","article_publisher":"https:\/\/www.facebook.com\/gohike.shop\/","article_modified_time":"2025-12-30T14:24:23+00:00","og_image":[{"width":1400,"height":1400,"url":"https:\/\/gohike.lv\/wp-content\/uploads\/2025\/04\/GoreTexPatches_.webp","type":"image\/webp"}],"twitter_card":"summary_large_image","twitter_title":"GEAR AID Tenacious Tape GORE-TEX Fabric Patches iel\u0101ps","twitter_misc":{"Est. reading time":"2 minutes"},"schema":{"@context":"https:\/\/schema.org","@graph":[{"@type":["WebPage","ItemPage"],"@id":"https:\/\/gohike.lv\/en\/produkts\/gear-aid-tenacious-tape-gore-tex-fabric-patches-ielaps\/","url":"https:\/\/gohike.lv\/en\/produkts\/gear-aid-tenacious-tape-gore-tex-fabric-patches-ielaps\/","name":"GEAR AID Tenacious Tape GORE-TEX Fabric Patches iel\u0101ps","isPartOf":{"@id":"https:\/\/gohike.lv\/en\/#website"},"primaryImageOfPage":{"@id":"https:\/\/gohike.lv\/en\/produkts\/gear-aid-tenacious-tape-gore-tex-fabric-patches-ielaps\/#primaryimage"},"image":{"@id":"https:\/\/gohike.lv\/en\/produkts\/gear-aid-tenacious-tape-gore-tex-fabric-patches-ielaps\/#primaryimage"},"thumbnailUrl":"https:\/\/gohike.lv\/wp-content\/uploads\/2025\/04\/GoreTexPatches_.webp","datePublished":"2025-04-04T13:00:50+00:00","dateModified":"2025-12-30T14:24:23+00:00","description":"\u012apa\u0161i GORE-TEX\u00ae apr\u012bkojumam paredz\u0113ti remonta iel\u0101pi ar \u016bdensiztur\u012bgu aizsardz\u012bbu, kas nodro\u0161ina ilgtsp\u0113j\u012bgus labojumus jak\u0101m, biks\u0113m un cimdiem.","breadcrumb":{"@id":"https:\/\/gohike.lv\/en\/produkts\/gear-aid-tenacious-tape-gore-tex-fabric-patches-ielaps\/#breadcrumb"},"inLanguage":"en-US","potentialAction":[{"@type":"ReadAction","target":["https:\/\/gohike.lv\/en\/produkts\/gear-aid-tenacious-tape-gore-tex-fabric-patches-ielaps\/"]}]},{"@type":"ImageObject","inLanguage":"en-US","@id":"https:\/\/gohike.lv\/en\/produkts\/gear-aid-tenacious-tape-gore-tex-fabric-patches-ielaps\/#primaryimage","url":"https:\/\/gohike.lv\/wp-content\/uploads\/2025\/04\/GoreTexPatches_.webp","contentUrl":"https:\/\/gohike.lv\/wp-content\/uploads\/2025\/04\/GoreTexPatches_.webp","width":1400,"height":1400},{"@type":"BreadcrumbList","@id":"https:\/\/gohike.lv\/en\/produkts\/gear-aid-tenacious-tape-gore-tex-fabric-patches-ielaps\/#breadcrumb","itemListElement":[{"@type":"ListItem","position":1,"name":"Home","item":"https:\/\/gohike.lv\/en\/"},{"@type":"ListItem","position":2,"name":"Product categories","item":"https:\/\/gohike.lv\/en\/product-categories\/"},{"@type":"ListItem","position":3,"name":"GEAR AID &#8211; Tenacious Tape GORE-TEX Fabric Patches iel\u0101ps"}]},{"@type":"WebSite","@id":"https:\/\/gohike.lv\/en\/#website","url":"https:\/\/gohike.lv\/en\/","name":"GoHike","description":"","publisher":{"@id":"https:\/\/gohike.lv\/en\/#organization"},"potentialAction":[{"@type":"SearchAction","target":{"@type":"EntryPoint","urlTemplate":"https:\/\/gohike.lv\/en\/?s={search_term_string}"},"query-input":{"@type":"PropertyValueSpecification","valueRequired":true,"valueName":"search_term_string"}}],"inLanguage":"en-US"},{"@type":"Organization","@id":"https:\/\/gohike.lv\/en\/#organization","name":"GoHike","url":"https:\/\/gohike.lv\/en\/","logo":{"@type":"ImageObject","inLanguage":"en-US","@id":"https:\/\/gohike.lv\/en\/#\/schema\/logo\/image\/","url":"https:\/\/gohike.lv\/wp-content\/uploads\/2023\/08\/Logo_GoHike.webp","contentUrl":"https:\/\/gohike.lv\/wp-content\/uploads\/2023\/08\/Logo_GoHike.webp","width":512,"height":512,"caption":"GoHike"},"image":{"@id":"https:\/\/gohike.lv\/en\/#\/schema\/logo\/image\/"},"sameAs":["https:\/\/www.facebook.com\/gohike.shop\/","https:\/\/www.instagram.com\/gohike.shop\/"]}]}},"jetpack_sharing_enabled":true,"_links":{"self":[{"href":"https:\/\/gohike.lv\/en\/wp-json\/wp\/v2\/product\/77294","targetHints":{"allow":["GET"]}}],"collection":[{"href":"https:\/\/gohike.lv\/en\/wp-json\/wp\/v2\/product"}],"about":[{"href":"https:\/\/gohike.lv\/en\/wp-json\/wp\/v2\/types\/product"}],"version-history":[{"count":1,"href":"https:\/\/gohike.lv\/en\/wp-json\/wp\/v2\/product\/77294\/revisions"}],"predecessor-version":[{"id":118973,"href":"https:\/\/gohike.lv\/en\/wp-json\/wp\/v2\/product\/77294\/revisions\/118973"}],"wp:featuredmedia":[{"embeddable":true,"href":"https:\/\/gohike.lv\/en\/wp-json\/wp\/v2\/media\/77296"}],"wp:attachment":[{"href":"https:\/\/gohike.lv\/en\/wp-json\/wp\/v2\/media?parent=77294"}],"wp:term":[{"taxonomy":"product_brand","embeddable":true,"href":"https:\/\/gohike.lv\/en\/wp-json\/wp\/v2\/product_brand?post=77294"},{"taxonomy":"product_cat","embeddable":true,"href":"https:\/\/gohike.lv\/en\/wp-json\/wp\/v2\/product_cat?post=77294"},{"taxonomy":"product_tag","embeddable":true,"href":"https:\/\/gohike.lv\/en\/wp-json\/wp\/v2\/product_tag?post=77294"}],"curies":[{"name":"wp","href":"https:\/\/api.w.org\/{rel}","templated":true}]}}