{"id":77277,"date":"2025-04-04T16:00:50","date_gmt":"2025-04-04T13:00:50","guid":{"rendered":"https:\/\/gohike.lv\/produkts\/gear-aid-tenacious-tape-repair-patches-ielaps\/"},"modified":"2025-12-30T17:24:23","modified_gmt":"2025-12-30T14:24:23","slug":"gear-aid-tenacious-tape-repair-patches-ielaps","status":"publish","type":"product","link":"https:\/\/gohike.lv\/en\/produkts\/gear-aid-tenacious-tape-repair-patches-ielaps\/","title":{"rendered":"GEAR AID &#8211; Tenacious Tape Repair Patches iel\u0101ps"},"content":{"rendered":"<p>Komplekta saturs:<br \/>\n\u2714 2 caursp\u012bd\u012bgi iel\u0101pi (7,6 cm);<br \/>\n\u2714 2 melni neilona iel\u0101pi (7,6 cm).<br \/>\nGalven\u0101s priek\u0161roc\u012bbas:<br \/>\n\u2714 \u0100trs un vienk\u0101r\u0161s lietojums &#8211; nav nepiecie\u0161amas \u0161\u016b\u0161anas prasmes;<br \/>\n\u2714 Profesion\u0101las kvalit\u0101tes remonts &#8211; iztur\u012bgs savienojums;<br \/>\n\u2714 \u016adensiztur\u012bgi un mazg\u0101jami ve\u013cas mazg\u0101jamaj\u0101 ma\u0161\u012bn\u0101;<br \/>\n\u2714 Diskr\u0113ts izskats &#8211; caursp\u012bd\u012bgi un melni varianti.<br \/>\nLieto\u0161anas instrukcija:<br \/>\nNot\u012briet boj\u0101to laukumu;<br \/>\nIzv\u0113lieties atbilsto\u0161u iel\u0101pu (caursp\u012bd\u012bgs\/melns);<br \/>\nNo\u0146emiet aizsargpl\u0113vi;<br \/>\nUzkl\u0101jiet uz boj\u0101t\u0101 laukuma;<br \/>\nPiespiediet uz 30 sekund\u0113m.<br \/>\nTehniskie parametri:<br \/>\n\u25b8 Materi\u0101ls: stiprs neilons ar sp\u0113c\u012bgu l\u012bmi;<br \/>\n\u25b8 Iel\u0101pu izm\u0113rs: 7,6 cm diametr\u0101;<br \/>\n\u25b8 Notur\u012bba: \u016bdensiztur\u012bgs, UV notur\u012bgs;<br \/>\n\u25b8 Darba temperat\u016bra: -40\u00b0C l\u012bdz +90\u00b0C.<br \/>\nIzmanto\u0161anas iesp\u0113jas:<br \/>\n\u2022 Tel\u0161u un tentu remonts;<br \/>\n\u2022 \u016adensiztur\u012bgu ap\u0123\u0113rbu labo\u0161ana;<br \/>\n\u2022 Mugursomu un p\u016b\u0161amo matra\u010du salabo\u0161ana;<br \/>\n\u2022 Jebkuru nailona vai vinila izstr\u0101d\u0101jumu remonts.<br \/>\nGlab\u0101t saus\u0101 viet\u0101, aizsarg\u0101jot no tie\u0161iem saules stariem.<br \/>\nIde\u0101la alternat\u012bva parastajai l\u012bmlentei, nodro\u0161inot daudz est\u0113tisk\u0101ku un iztur\u012bg\u0101ku remontu. Tie ir iztur\u0113ju\u0161i stingrus testus ekstrem\u0101los apst\u0101k\u013cos un tiek ieteikti profesion\u0101liem t\u016bristiem un \u0101ra entuziastiem.<br \/>\n<iframe title=\"Tenacious Tape Ultra-Strong Repair Tape by GEAR AID\" width=\"1200\" height=\"675\" src=\"https:\/\/www.youtube.com\/embed\/yyRCcLi086w?feature=oembed\" frameborder=\"0\" allow=\"accelerometer; autoplay; clipboard-write; encrypted-media; gyroscope; picture-in-picture; web-share\" referrerpolicy=\"strict-origin-when-cross-origin\" allowfullscreen><\/iframe><\/p>\n","protected":false},"excerpt":{"rendered":"<p>Pa\u0161l\u012bm\u0113jo\u0161i, \u016bdensiztur\u012bgi iel\u0101pi \u0101ra apr\u012bkojuma \u0101trai un efekt\u012bvai labo\u0161anai, piem\u0113roti telt\u012bm, jak\u0101m, mugursom\u0101m un gu\u013cammaisiem.<\/p>\n","protected":false},"featured_media":77279,"template":"","meta":[],"product_brand":[12836],"product_cat":[1617,4140],"product_tag":[],"class_list":{"0":"post-77277","1":"product","2":"type-product","3":"status-publish","4":"has-post-thumbnail","6":"product_brand-gear-aid","7":"product_cat-instrumenti-un-kopsana","8":"product_cat-noderigas-lietas","9":"pa_produkta-tips-noderigas-lietas","11":"first","12":"outofstock","13":"taxable","14":"shipping-taxable","15":"purchasable","16":"product-type-simple"},"raw_content":{"name":"GEAR AID - Tenacious Tape Repair Patches iel\u0101ps","description":"Komplekta saturs:\n\u2714 2 caursp\u012bd\u012bgi iel\u0101pi (7,6 cm);\n\u2714 2 melni neilona iel\u0101pi (7,6 cm).\nGalven\u0101s priek\u0161roc\u012bbas:\n\u2714 \u0100trs un vienk\u0101r\u0161s lietojums - nav nepiecie\u0161amas \u0161\u016b\u0161anas prasmes;\n\u2714 Profesion\u0101las kvalit\u0101tes remonts - iztur\u012bgs savienojums;\n\u2714 \u016adensiztur\u012bgi un mazg\u0101jami ve\u013cas mazg\u0101jamaj\u0101 ma\u0161\u012bn\u0101;\n\u2714 Diskr\u0113ts izskats - caursp\u012bd\u012bgi un melni varianti.\nLieto\u0161anas instrukcija:\nNot\u012briet boj\u0101to laukumu;\nIzv\u0113lieties atbilsto\u0161u iel\u0101pu (caursp\u012bd\u012bgs\/melns);\nNo\u0146emiet aizsargpl\u0113vi;\nUzkl\u0101jiet uz boj\u0101t\u0101 laukuma;\nPiespiediet uz 30 sekund\u0113m.\nTehniskie parametri:\n\u25b8 Materi\u0101ls: stiprs neilons ar sp\u0113c\u012bgu l\u012bmi;\n\u25b8 Iel\u0101pu izm\u0113rs: 7,6 cm diametr\u0101;\n\u25b8 Notur\u012bba: \u016bdensiztur\u012bgs, UV notur\u012bgs;\n\u25b8 Darba temperat\u016bra: -40\u00b0C l\u012bdz +90\u00b0C.\nIzmanto\u0161anas iesp\u0113jas:\n\u2022 Tel\u0161u un tentu remonts;\n\u2022 \u016adensiztur\u012bgu ap\u0123\u0113rbu labo\u0161ana;\n\u2022 Mugursomu un p\u016b\u0161amo matra\u010du salabo\u0161ana;\n\u2022 Jebkuru nailona vai vinila izstr\u0101d\u0101jumu remonts.\nGlab\u0101t saus\u0101 viet\u0101, aizsarg\u0101jot no tie\u0161iem saules stariem.\nIde\u0101la alternat\u012bva parastajai l\u012bmlentei, nodro\u0161inot daudz est\u0113tisk\u0101ku un iztur\u012bg\u0101ku remontu. Tie ir iztur\u0113ju\u0161i stingrus testus ekstrem\u0101los apst\u0101k\u013cos un tiek ieteikti profesion\u0101liem t\u016bristiem un \u0101ra entuziastiem.\nhttps:\/\/www.youtube.com\/watch?v=yyRCcLi086w&amp;feature=youtu.be","short_description":"Pa\u0161l\u012bm\u0113jo\u0161i, \u016bdensiztur\u012bgi iel\u0101pi \u0101ra apr\u012bkojuma \u0101trai un efekt\u012bvai labo\u0161anai, piem\u0113roti telt\u012bm, jak\u0101m, mugursom\u0101m un gu\u013cammaisiem.","status":"publish","sku":"21563106763","original":77277},"wpml":{"translation_type":0,"has_translations":false,"original":77277,"duplicates":[],"translations":{"lv":77277,"en":null,"ru":null}},"supplier_id":null,"supplier_sku":"","barcode":null,"atum_controlled":true,"out_stock_date":"2025-07-25 18:42:31","out_stock_threshold":null,"inheritable":false,"inbound_stock":0,"stock_on_hold":0,"sold_today":0,"sales_last_days":0,"reserved_stock":0,"customer_returns":0,"warehouse_damage":0,"lost_in_post":0,"other_logs":0,"out_stock_days":110,"lost_sales":0,"has_location":false,"update_date":"2025-12-30T14:25:12","atum_locations":[],"atum_stock_status":"outofstock","restock_status":false,"low_stock_amount":"","sales_update_date":"2025-11-13T14:08:58","calc_backorders":null,"yoast_head":"<!-- This site is optimized with the Yoast SEO plugin v27.3 - https:\/\/yoast.com\/product\/yoast-seo-wordpress\/ -->\n<title>GEAR AID Tenacious Tape Repair Patches iel\u0101ps<\/title>\n<meta name=\"description\" content=\"Pa\u0161l\u012bm\u0113jo\u0161i, \u016bdensiztur\u012bgi iel\u0101pi \u0101ra apr\u012bkojuma \u0101trai un efekt\u012bvai labo\u0161anai, piem\u0113roti telt\u012bm, jak\u0101m, mugursom\u0101m un gu\u013cammaisiem.\" \/>\n<meta name=\"robots\" content=\"index, follow, max-snippet:-1, max-image-preview:large, max-video-preview:-1\" \/>\n<link rel=\"canonical\" href=\"https:\/\/gohike.lv\/en\/produkts\/gear-aid-tenacious-tape-repair-patches-ielaps\/\" \/>\n<meta property=\"og:locale\" content=\"en_US\" \/>\n<meta property=\"og:type\" content=\"article\" \/>\n<meta property=\"og:title\" content=\"GEAR AID Tenacious Tape Repair Patches iel\u0101ps\" \/>\n<meta property=\"og:description\" content=\"Pa\u0161l\u012bm\u0113jo\u0161i, \u016bdensiztur\u012bgi iel\u0101pi \u0101ra apr\u012bkojuma \u0101trai un efekt\u012bvai labo\u0161anai, piem\u0113roti telt\u012bm, jak\u0101m, mugursom\u0101m un gu\u013cammaisiem.\" \/>\n<meta property=\"og:url\" content=\"https:\/\/gohike.lv\/en\/produkts\/gear-aid-tenacious-tape-repair-patches-ielaps\/\" \/>\n<meta property=\"og:site_name\" content=\"GoHike\" \/>\n<meta property=\"article:publisher\" content=\"https:\/\/www.facebook.com\/gohike.shop\/\" \/>\n<meta property=\"article:modified_time\" content=\"2025-12-30T14:24:23+00:00\" \/>\n<meta property=\"og:image\" content=\"https:\/\/gohike.lv\/wp-content\/uploads\/2025\/04\/RepairPatches_.webp\" \/>\n\t<meta property=\"og:image:width\" content=\"1200\" \/>\n\t<meta property=\"og:image:height\" content=\"1200\" \/>\n\t<meta property=\"og:image:type\" content=\"image\/webp\" \/>\n<meta name=\"twitter:card\" content=\"summary_large_image\" \/>\n<meta name=\"twitter:title\" content=\"GEAR AID Tenacious Tape Repair Patches iel\u0101ps\" \/>\n<meta name=\"twitter:label1\" content=\"Est. reading time\" \/>\n\t<meta name=\"twitter:data1\" content=\"2 minutes\" \/>\n<script type=\"application\/ld+json\" class=\"yoast-schema-graph\">{\"@context\":\"https:\\\/\\\/schema.org\",\"@graph\":[{\"@type\":[\"WebPage\",\"ItemPage\"],\"@id\":\"https:\\\/\\\/gohike.lv\\\/en\\\/produkts\\\/gear-aid-tenacious-tape-repair-patches-ielaps\\\/\",\"url\":\"https:\\\/\\\/gohike.lv\\\/en\\\/produkts\\\/gear-aid-tenacious-tape-repair-patches-ielaps\\\/\",\"name\":\"GEAR AID Tenacious Tape Repair Patches iel\u0101ps\",\"isPartOf\":{\"@id\":\"https:\\\/\\\/gohike.lv\\\/en\\\/#website\"},\"primaryImageOfPage\":{\"@id\":\"https:\\\/\\\/gohike.lv\\\/en\\\/produkts\\\/gear-aid-tenacious-tape-repair-patches-ielaps\\\/#primaryimage\"},\"image\":{\"@id\":\"https:\\\/\\\/gohike.lv\\\/en\\\/produkts\\\/gear-aid-tenacious-tape-repair-patches-ielaps\\\/#primaryimage\"},\"thumbnailUrl\":\"https:\\\/\\\/gohike.lv\\\/wp-content\\\/uploads\\\/2025\\\/04\\\/RepairPatches_.webp\",\"datePublished\":\"2025-04-04T13:00:50+00:00\",\"dateModified\":\"2025-12-30T14:24:23+00:00\",\"description\":\"Pa\u0161l\u012bm\u0113jo\u0161i, \u016bdensiztur\u012bgi iel\u0101pi \u0101ra apr\u012bkojuma \u0101trai un efekt\u012bvai labo\u0161anai, piem\u0113roti telt\u012bm, jak\u0101m, mugursom\u0101m un gu\u013cammaisiem.\",\"breadcrumb\":{\"@id\":\"https:\\\/\\\/gohike.lv\\\/en\\\/produkts\\\/gear-aid-tenacious-tape-repair-patches-ielaps\\\/#breadcrumb\"},\"inLanguage\":\"en-US\",\"potentialAction\":[{\"@type\":\"ReadAction\",\"target\":[\"https:\\\/\\\/gohike.lv\\\/en\\\/produkts\\\/gear-aid-tenacious-tape-repair-patches-ielaps\\\/\"]}]},{\"@type\":\"ImageObject\",\"inLanguage\":\"en-US\",\"@id\":\"https:\\\/\\\/gohike.lv\\\/en\\\/produkts\\\/gear-aid-tenacious-tape-repair-patches-ielaps\\\/#primaryimage\",\"url\":\"https:\\\/\\\/gohike.lv\\\/wp-content\\\/uploads\\\/2025\\\/04\\\/RepairPatches_.webp\",\"contentUrl\":\"https:\\\/\\\/gohike.lv\\\/wp-content\\\/uploads\\\/2025\\\/04\\\/RepairPatches_.webp\",\"width\":1200,\"height\":1200},{\"@type\":\"BreadcrumbList\",\"@id\":\"https:\\\/\\\/gohike.lv\\\/en\\\/produkts\\\/gear-aid-tenacious-tape-repair-patches-ielaps\\\/#breadcrumb\",\"itemListElement\":[{\"@type\":\"ListItem\",\"position\":1,\"name\":\"Home\",\"item\":\"https:\\\/\\\/gohike.lv\\\/en\\\/\"},{\"@type\":\"ListItem\",\"position\":2,\"name\":\"Product categories\",\"item\":\"https:\\\/\\\/gohike.lv\\\/en\\\/product-categories\\\/\"},{\"@type\":\"ListItem\",\"position\":3,\"name\":\"GEAR AID &#8211; Tenacious Tape Repair Patches iel\u0101ps\"}]},{\"@type\":\"WebSite\",\"@id\":\"https:\\\/\\\/gohike.lv\\\/en\\\/#website\",\"url\":\"https:\\\/\\\/gohike.lv\\\/en\\\/\",\"name\":\"GoHike\",\"description\":\"\",\"publisher\":{\"@id\":\"https:\\\/\\\/gohike.lv\\\/en\\\/#organization\"},\"potentialAction\":[{\"@type\":\"SearchAction\",\"target\":{\"@type\":\"EntryPoint\",\"urlTemplate\":\"https:\\\/\\\/gohike.lv\\\/en\\\/?s={search_term_string}\"},\"query-input\":{\"@type\":\"PropertyValueSpecification\",\"valueRequired\":true,\"valueName\":\"search_term_string\"}}],\"inLanguage\":\"en-US\"},{\"@type\":\"Organization\",\"@id\":\"https:\\\/\\\/gohike.lv\\\/en\\\/#organization\",\"name\":\"GoHike\",\"url\":\"https:\\\/\\\/gohike.lv\\\/en\\\/\",\"logo\":{\"@type\":\"ImageObject\",\"inLanguage\":\"en-US\",\"@id\":\"https:\\\/\\\/gohike.lv\\\/en\\\/#\\\/schema\\\/logo\\\/image\\\/\",\"url\":\"https:\\\/\\\/gohike.lv\\\/wp-content\\\/uploads\\\/2023\\\/08\\\/Logo_GoHike.webp\",\"contentUrl\":\"https:\\\/\\\/gohike.lv\\\/wp-content\\\/uploads\\\/2023\\\/08\\\/Logo_GoHike.webp\",\"width\":512,\"height\":512,\"caption\":\"GoHike\"},\"image\":{\"@id\":\"https:\\\/\\\/gohike.lv\\\/en\\\/#\\\/schema\\\/logo\\\/image\\\/\"},\"sameAs\":[\"https:\\\/\\\/www.facebook.com\\\/gohike.shop\\\/\",\"https:\\\/\\\/www.instagram.com\\\/gohike.shop\\\/\"]}]}<\/script>\n<!-- \/ Yoast SEO plugin. -->","yoast_head_json":{"title":"GEAR AID Tenacious Tape Repair Patches iel\u0101ps","description":"Pa\u0161l\u012bm\u0113jo\u0161i, \u016bdensiztur\u012bgi iel\u0101pi \u0101ra apr\u012bkojuma \u0101trai un efekt\u012bvai labo\u0161anai, piem\u0113roti telt\u012bm, jak\u0101m, mugursom\u0101m un gu\u013cammaisiem.","robots":{"index":"index","follow":"follow","max-snippet":"max-snippet:-1","max-image-preview":"max-image-preview:large","max-video-preview":"max-video-preview:-1"},"canonical":"https:\/\/gohike.lv\/en\/produkts\/gear-aid-tenacious-tape-repair-patches-ielaps\/","og_locale":"en_US","og_type":"article","og_title":"GEAR AID Tenacious Tape Repair Patches iel\u0101ps","og_description":"Pa\u0161l\u012bm\u0113jo\u0161i, \u016bdensiztur\u012bgi iel\u0101pi \u0101ra apr\u012bkojuma \u0101trai un efekt\u012bvai labo\u0161anai, piem\u0113roti telt\u012bm, jak\u0101m, mugursom\u0101m un gu\u013cammaisiem.","og_url":"https:\/\/gohike.lv\/en\/produkts\/gear-aid-tenacious-tape-repair-patches-ielaps\/","og_site_name":"GoHike","article_publisher":"https:\/\/www.facebook.com\/gohike.shop\/","article_modified_time":"2025-12-30T14:24:23+00:00","og_image":[{"width":1200,"height":1200,"url":"https:\/\/gohike.lv\/wp-content\/uploads\/2025\/04\/RepairPatches_.webp","type":"image\/webp"}],"twitter_card":"summary_large_image","twitter_title":"GEAR AID Tenacious Tape Repair Patches iel\u0101ps","twitter_misc":{"Est. reading time":"2 minutes"},"schema":{"@context":"https:\/\/schema.org","@graph":[{"@type":["WebPage","ItemPage"],"@id":"https:\/\/gohike.lv\/en\/produkts\/gear-aid-tenacious-tape-repair-patches-ielaps\/","url":"https:\/\/gohike.lv\/en\/produkts\/gear-aid-tenacious-tape-repair-patches-ielaps\/","name":"GEAR AID Tenacious Tape Repair Patches iel\u0101ps","isPartOf":{"@id":"https:\/\/gohike.lv\/en\/#website"},"primaryImageOfPage":{"@id":"https:\/\/gohike.lv\/en\/produkts\/gear-aid-tenacious-tape-repair-patches-ielaps\/#primaryimage"},"image":{"@id":"https:\/\/gohike.lv\/en\/produkts\/gear-aid-tenacious-tape-repair-patches-ielaps\/#primaryimage"},"thumbnailUrl":"https:\/\/gohike.lv\/wp-content\/uploads\/2025\/04\/RepairPatches_.webp","datePublished":"2025-04-04T13:00:50+00:00","dateModified":"2025-12-30T14:24:23+00:00","description":"Pa\u0161l\u012bm\u0113jo\u0161i, \u016bdensiztur\u012bgi iel\u0101pi \u0101ra apr\u012bkojuma \u0101trai un efekt\u012bvai labo\u0161anai, piem\u0113roti telt\u012bm, jak\u0101m, mugursom\u0101m un gu\u013cammaisiem.","breadcrumb":{"@id":"https:\/\/gohike.lv\/en\/produkts\/gear-aid-tenacious-tape-repair-patches-ielaps\/#breadcrumb"},"inLanguage":"en-US","potentialAction":[{"@type":"ReadAction","target":["https:\/\/gohike.lv\/en\/produkts\/gear-aid-tenacious-tape-repair-patches-ielaps\/"]}]},{"@type":"ImageObject","inLanguage":"en-US","@id":"https:\/\/gohike.lv\/en\/produkts\/gear-aid-tenacious-tape-repair-patches-ielaps\/#primaryimage","url":"https:\/\/gohike.lv\/wp-content\/uploads\/2025\/04\/RepairPatches_.webp","contentUrl":"https:\/\/gohike.lv\/wp-content\/uploads\/2025\/04\/RepairPatches_.webp","width":1200,"height":1200},{"@type":"BreadcrumbList","@id":"https:\/\/gohike.lv\/en\/produkts\/gear-aid-tenacious-tape-repair-patches-ielaps\/#breadcrumb","itemListElement":[{"@type":"ListItem","position":1,"name":"Home","item":"https:\/\/gohike.lv\/en\/"},{"@type":"ListItem","position":2,"name":"Product categories","item":"https:\/\/gohike.lv\/en\/product-categories\/"},{"@type":"ListItem","position":3,"name":"GEAR AID &#8211; Tenacious Tape Repair Patches iel\u0101ps"}]},{"@type":"WebSite","@id":"https:\/\/gohike.lv\/en\/#website","url":"https:\/\/gohike.lv\/en\/","name":"GoHike","description":"","publisher":{"@id":"https:\/\/gohike.lv\/en\/#organization"},"potentialAction":[{"@type":"SearchAction","target":{"@type":"EntryPoint","urlTemplate":"https:\/\/gohike.lv\/en\/?s={search_term_string}"},"query-input":{"@type":"PropertyValueSpecification","valueRequired":true,"valueName":"search_term_string"}}],"inLanguage":"en-US"},{"@type":"Organization","@id":"https:\/\/gohike.lv\/en\/#organization","name":"GoHike","url":"https:\/\/gohike.lv\/en\/","logo":{"@type":"ImageObject","inLanguage":"en-US","@id":"https:\/\/gohike.lv\/en\/#\/schema\/logo\/image\/","url":"https:\/\/gohike.lv\/wp-content\/uploads\/2023\/08\/Logo_GoHike.webp","contentUrl":"https:\/\/gohike.lv\/wp-content\/uploads\/2023\/08\/Logo_GoHike.webp","width":512,"height":512,"caption":"GoHike"},"image":{"@id":"https:\/\/gohike.lv\/en\/#\/schema\/logo\/image\/"},"sameAs":["https:\/\/www.facebook.com\/gohike.shop\/","https:\/\/www.instagram.com\/gohike.shop\/"]}]}},"jetpack_sharing_enabled":true,"_links":{"self":[{"href":"https:\/\/gohike.lv\/en\/wp-json\/wp\/v2\/product\/77277","targetHints":{"allow":["GET"]}}],"collection":[{"href":"https:\/\/gohike.lv\/en\/wp-json\/wp\/v2\/product"}],"about":[{"href":"https:\/\/gohike.lv\/en\/wp-json\/wp\/v2\/types\/product"}],"version-history":[{"count":1,"href":"https:\/\/gohike.lv\/en\/wp-json\/wp\/v2\/product\/77277\/revisions"}],"predecessor-version":[{"id":118974,"href":"https:\/\/gohike.lv\/en\/wp-json\/wp\/v2\/product\/77277\/revisions\/118974"}],"wp:featuredmedia":[{"embeddable":true,"href":"https:\/\/gohike.lv\/en\/wp-json\/wp\/v2\/media\/77279"}],"wp:attachment":[{"href":"https:\/\/gohike.lv\/en\/wp-json\/wp\/v2\/media?parent=77277"}],"wp:term":[{"taxonomy":"product_brand","embeddable":true,"href":"https:\/\/gohike.lv\/en\/wp-json\/wp\/v2\/product_brand?post=77277"},{"taxonomy":"product_cat","embeddable":true,"href":"https:\/\/gohike.lv\/en\/wp-json\/wp\/v2\/product_cat?post=77277"},{"taxonomy":"product_tag","embeddable":true,"href":"https:\/\/gohike.lv\/en\/wp-json\/wp\/v2\/product_tag?post=77277"}],"curies":[{"name":"wp","href":"https:\/\/api.w.org\/{rel}","templated":true}]}}