{"id":77195,"date":"2025-04-04T15:59:56","date_gmt":"2025-04-04T12:59:56","guid":{"rendered":"https:\/\/gohike.lv\/produkts\/gear-aid-revivex-suede-and-fabric-kopsanas-lidzeklis\/"},"modified":"2025-12-30T17:24:23","modified_gmt":"2025-12-30T14:24:23","slug":"gear-aid-revivex-suede-and-fabric-kopsanas-lidzeklis","status":"publish","type":"product","link":"https:\/\/gohike.lv\/en\/produkts\/gear-aid-revivex-suede-and-fabric-kopsanas-lidzeklis\/","title":{"rendered":"GEAR AID &#8211; Revivex Suede and Fabric kop\u0161anas l\u012bdzeklis"},"content":{"rendered":"<p>Revivex sprejs ir profesion\u0101ls risin\u0101jums J\u016bsu apaviem. Tas efekt\u012bvi aizsarg\u0101 zam\u0161a, nubaka, GORE-TEX\u00ae un citu elpojo\u0161o materi\u0101lu apavus no \u016bdens, net\u012brumiem un e\u013c\u013cas, vienlaikus saglab\u0101jot to dabisk\u0101s elpo\u0161anas \u012bpa\u0161\u012bbas. Ide\u0101li piem\u0113rots gan ikdienas, gan \u0101ra apaviem.<br \/>\nGalven\u0101s \u012bpa\u0161\u012bbas:<br \/>\n\u2714 Efekt\u012bvi aizsarg\u0101 zam\u0161u, nubaku un citu elpojo\u0161u materi\u0101lu apavus;<br \/>\n\u2714 Nesamazina materi\u0101la elpojam\u012bbu;<br \/>\n\u2714 Nov\u0113r\u0161 traipus un e\u013c\u013cas absorbciju;<br \/>\n\u2714 Koncentr\u0113ta formula &#8211; 120 ml pudeles pietiek vair\u0101ku apavu apstr\u0101dei;<br \/>\n\u2714 Dro\u0161s lieto\u0161anai ar GORE-TEX\u00ae un citiem tehniskajiem audumiem.<br \/>\nLieto\u0161anas instrukcija:<br \/>\nNot\u012briet apavus no net\u012brumiem;<br \/>\nUzkl\u0101jiet vienm\u0113r\u012bgu spreja k\u0101rtu no 15-20 cm att\u0101luma;<br \/>\n\u013baujiet piln\u012bb\u0101 iz\u017e\u016bt dabisk\u0101 veid\u0101 (apm\u0113ram 24 stundas);<br \/>\nApstr\u0101di atk\u0101rtojiet p\u0113c intens\u012bvas lieto\u0161anas.<br \/>\nTehniskie parametri:<br \/>\nTilpums: 120 ml;<br \/>\nDer\u012bgs lieto\u0161anai ar: zam\u0161u, nubaku, GORE-TEX\u00ae, auduma apaviem;<br \/>\nNotur\u012bba: vair\u0101kas ned\u0113\u013cas (atkar\u012bb\u0101 no lieto\u0161anas intensit\u0101tes);<br \/>\nBez PFOA un PFOS.<br \/>\nIeteicamie produkti l\u012bdz\u012bgam pielietojumam:<br \/>\n\u2022 Revivex Durable Water Repellent &#8211; \u016bdensiztur\u012bbas sprejs ap\u0123\u0113rbiem;<br \/>\n\u2022 Nikwax Fabric &amp; Leather Proof &#8211; alternat\u012bvs aizsardz\u012bbas l\u012bdzeklis;<br \/>\n\u2022 Saphir Super Invulner &#8211; zam\u0161a un nubaka aizsardz\u012bbas sprejs.<br \/>\nBr\u012bdin\u0101jumi:<br \/>\n\u2022 Lietojiet tikai labi v\u0113din\u0101m\u0101 viet\u0101;<br \/>\n\u2022 Izvairieties no tie\u0161as ieelpo\u0161anas;<br \/>\n\u2022 P\u0101rbaudiet uz nelielas auduma plat\u012bbas pirms piln\u012bgas apstr\u0101des;<br \/>\n\u2022 Nedr\u012bkst lietot uz jau slapjiem apaviem.<br \/>\nIzmanto\u0161anas padomi:<br \/>\n\u2022 Apstr\u0101d\u0101jiet jaunus apavus pirms pirm\u0101s lieto\u0161anas;<br \/>\n\u2022 Regul\u0101ri atk\u0101rtojiet apstr\u0101di (reizi 1-2 m\u0113ne\u0161os);<br \/>\n\u2022 Liel\u0101kai efektivit\u0101tei apstr\u0101d\u0101jiet apavus ar\u012b no iek\u0161puses.<br \/>\nSaglab\u0101jiet savus apavus sausus, t\u012brus un skaistus visos laikapst\u0101k\u013cos ar Revivex \u016bdensiztur\u012bbas spreju!<br \/>\n<iframe title=\"Revivex Suede and Fabric Water Repellent by GEAR AID\" width=\"1200\" height=\"675\" src=\"https:\/\/www.youtube.com\/embed\/hPrXwjAXZrE?feature=oembed\" frameborder=\"0\" allow=\"accelerometer; autoplay; clipboard-write; encrypted-media; gyroscope; picture-in-picture; web-share\" referrerpolicy=\"strict-origin-when-cross-origin\" allowfullscreen><\/iframe><\/p>\n","protected":false},"excerpt":{"rendered":"<p>Specializ\u0113ts \u016bdens atgr\u016b\u0161anas sprejs aizsarg\u0101 zam\u0161a, nubaka, GORE-TEX\u00ae un citu elpojo\u0161o materi\u0101lu apavus no \u016bdens, net\u012brumiem un e\u013c\u013cas, saglab\u0101jot materi\u0101lu elpojam\u012bbu.<\/p>\n","protected":false},"featured_media":77197,"template":"","meta":[],"product_brand":[12836],"product_cat":[1617,4140],"product_tag":[],"class_list":{"0":"post-77195","1":"product","2":"type-product","3":"status-publish","4":"has-post-thumbnail","6":"product_brand-gear-aid","7":"product_cat-instrumenti-un-kopsana","8":"product_cat-noderigas-lietas","9":"pa_produkta-tips-noderigas-lietas","10":"pa_tilpums-120ml","12":"first","13":"outofstock","14":"taxable","15":"shipping-taxable","16":"purchasable","17":"product-type-simple"},"raw_content":{"name":"GEAR AID - Revivex Suede and Fabric kop\u0161anas l\u012bdzeklis","description":"Revivex sprejs ir profesion\u0101ls risin\u0101jums J\u016bsu apaviem. Tas efekt\u012bvi aizsarg\u0101 zam\u0161a, nubaka, GORE-TEX\u00ae un citu elpojo\u0161o materi\u0101lu apavus no \u016bdens, net\u012brumiem un e\u013c\u013cas, vienlaikus saglab\u0101jot to dabisk\u0101s elpo\u0161anas \u012bpa\u0161\u012bbas. Ide\u0101li piem\u0113rots gan ikdienas, gan \u0101ra apaviem.\nGalven\u0101s \u012bpa\u0161\u012bbas:\n\u2714 Efekt\u012bvi aizsarg\u0101 zam\u0161u, nubaku un citu elpojo\u0161u materi\u0101lu apavus;\n\u2714 Nesamazina materi\u0101la elpojam\u012bbu;\n\u2714 Nov\u0113r\u0161 traipus un e\u013c\u013cas absorbciju;\n\u2714 Koncentr\u0113ta formula - 120 ml pudeles pietiek vair\u0101ku apavu apstr\u0101dei;\n\u2714 Dro\u0161s lieto\u0161anai ar GORE-TEX\u00ae un citiem tehniskajiem audumiem.\nLieto\u0161anas instrukcija:\nNot\u012briet apavus no net\u012brumiem;\nUzkl\u0101jiet vienm\u0113r\u012bgu spreja k\u0101rtu no 15-20 cm att\u0101luma;\n\u013baujiet piln\u012bb\u0101 iz\u017e\u016bt dabisk\u0101 veid\u0101 (apm\u0113ram 24 stundas);\nApstr\u0101di atk\u0101rtojiet p\u0113c intens\u012bvas lieto\u0161anas.\nTehniskie parametri:\nTilpums: 120 ml;\nDer\u012bgs lieto\u0161anai ar: zam\u0161u, nubaku, GORE-TEX\u00ae, auduma apaviem;\nNotur\u012bba: vair\u0101kas ned\u0113\u013cas (atkar\u012bb\u0101 no lieto\u0161anas intensit\u0101tes);\nBez PFOA un PFOS.\nIeteicamie produkti l\u012bdz\u012bgam pielietojumam:\n\u2022 Revivex Durable Water Repellent - \u016bdensiztur\u012bbas sprejs ap\u0123\u0113rbiem;\n\u2022 Nikwax Fabric &amp; Leather Proof - alternat\u012bvs aizsardz\u012bbas l\u012bdzeklis;\n\u2022 Saphir Super Invulner - zam\u0161a un nubaka aizsardz\u012bbas sprejs.\nBr\u012bdin\u0101jumi:\n\u2022 Lietojiet tikai labi v\u0113din\u0101m\u0101 viet\u0101;\n\u2022 Izvairieties no tie\u0161as ieelpo\u0161anas;\n\u2022 P\u0101rbaudiet uz nelielas auduma plat\u012bbas pirms piln\u012bgas apstr\u0101des;\n\u2022 Nedr\u012bkst lietot uz jau slapjiem apaviem.\nIzmanto\u0161anas padomi:\n\u2022 Apstr\u0101d\u0101jiet jaunus apavus pirms pirm\u0101s lieto\u0161anas;\n\u2022 Regul\u0101ri atk\u0101rtojiet apstr\u0101di (reizi 1-2 m\u0113ne\u0161os);\n\u2022 Liel\u0101kai efektivit\u0101tei apstr\u0101d\u0101jiet apavus ar\u012b no iek\u0161puses.\nSaglab\u0101jiet savus apavus sausus, t\u012brus un skaistus visos laikapst\u0101k\u013cos ar Revivex \u016bdensiztur\u012bbas spreju!\nhttps:\/\/www.youtube.com\/watch?v=hPrXwjAXZrE&amp;feature=youtu.be","short_description":"Specializ\u0113ts \u016bdens atgr\u016b\u0161anas sprejs aizsarg\u0101 zam\u0161a, nubaka, GORE-TEX\u00ae un citu elpojo\u0161o materi\u0101lu apavus no \u016bdens, net\u012brumiem un e\u013c\u013cas, saglab\u0101jot materi\u0101lu elpojam\u012bbu.","status":"publish","sku":"21563362701","original":77195},"wpml":{"translation_type":0,"has_translations":false,"original":77195,"duplicates":[],"translations":{"lv":77195,"en":null,"ru":null}},"supplier_id":null,"supplier_sku":"","barcode":null,"atum_controlled":true,"out_stock_date":"2025-06-20 13:47:58","out_stock_threshold":null,"inheritable":false,"inbound_stock":0,"stock_on_hold":0,"sold_today":0,"sales_last_days":0,"reserved_stock":0,"customer_returns":0,"warehouse_damage":0,"lost_in_post":0,"other_logs":0,"out_stock_days":146,"lost_sales":0,"has_location":false,"update_date":"2025-12-30T14:25:12","atum_locations":[],"atum_stock_status":"outofstock","restock_status":false,"low_stock_amount":"","sales_update_date":"2025-11-13T14:08:59","calc_backorders":null,"yoast_head":"<!-- This site is optimized with the Yoast SEO plugin v27.3 - https:\/\/yoast.com\/product\/yoast-seo-wordpress\/ -->\n<title>GEAR AID Revivex Suede and Fabric kop\u0161anas l\u012bdzeklis<\/title>\n<meta name=\"description\" content=\"Specializ\u0113ts \u016bdens atgr\u016b\u0161anas sprejs aizsarg\u0101 zam\u0161a, nubaka, GORE-TEX\u00ae un citu elpojo\u0161o materi\u0101lu apavus no \u016bdens, net\u012brumiem un e\u013c\u013cas, saglab\u0101jot materi\u0101lu elpojam\u012bbu.\" \/>\n<meta name=\"robots\" content=\"index, follow, max-snippet:-1, max-image-preview:large, max-video-preview:-1\" \/>\n<link rel=\"canonical\" href=\"https:\/\/gohike.lv\/en\/produkts\/gear-aid-revivex-suede-and-fabric-kopsanas-lidzeklis\/\" \/>\n<meta property=\"og:locale\" content=\"en_US\" \/>\n<meta property=\"og:type\" content=\"article\" \/>\n<meta property=\"og:title\" content=\"GEAR AID Revivex Suede and Fabric kop\u0161anas l\u012bdzeklis\" \/>\n<meta property=\"og:description\" content=\"Specializ\u0113ts \u016bdens atgr\u016b\u0161anas sprejs aizsarg\u0101 zam\u0161a, nubaka, GORE-TEX\u00ae un citu elpojo\u0161o materi\u0101lu apavus no \u016bdens, net\u012brumiem un e\u013c\u013cas, saglab\u0101jot materi\u0101lu elpojam\u012bbu.\" \/>\n<meta property=\"og:url\" content=\"https:\/\/gohike.lv\/en\/produkts\/gear-aid-revivex-suede-and-fabric-kopsanas-lidzeklis\/\" \/>\n<meta property=\"og:site_name\" content=\"GoHike\" \/>\n<meta property=\"article:publisher\" content=\"https:\/\/www.facebook.com\/gohike.shop\/\" \/>\n<meta property=\"article:modified_time\" content=\"2025-12-30T14:24:23+00:00\" \/>\n<meta property=\"og:image\" content=\"https:\/\/gohike.lv\/wp-content\/uploads\/2025\/04\/Suede_.webp\" \/>\n\t<meta property=\"og:image:width\" content=\"1200\" \/>\n\t<meta property=\"og:image:height\" content=\"1200\" \/>\n\t<meta property=\"og:image:type\" content=\"image\/webp\" \/>\n<meta name=\"twitter:card\" content=\"summary_large_image\" \/>\n<meta name=\"twitter:title\" content=\"GEAR AID Revivex Suede and Fabric kop\u0161anas l\u012bdzeklis\" \/>\n<meta name=\"twitter:label1\" content=\"Est. reading time\" \/>\n\t<meta name=\"twitter:data1\" content=\"2 minutes\" \/>\n<script type=\"application\/ld+json\" class=\"yoast-schema-graph\">{\"@context\":\"https:\\\/\\\/schema.org\",\"@graph\":[{\"@type\":[\"WebPage\",\"ItemPage\"],\"@id\":\"https:\\\/\\\/gohike.lv\\\/en\\\/produkts\\\/gear-aid-revivex-suede-and-fabric-kopsanas-lidzeklis\\\/\",\"url\":\"https:\\\/\\\/gohike.lv\\\/en\\\/produkts\\\/gear-aid-revivex-suede-and-fabric-kopsanas-lidzeklis\\\/\",\"name\":\"GEAR AID Revivex Suede and Fabric kop\u0161anas l\u012bdzeklis\",\"isPartOf\":{\"@id\":\"https:\\\/\\\/gohike.lv\\\/en\\\/#website\"},\"primaryImageOfPage\":{\"@id\":\"https:\\\/\\\/gohike.lv\\\/en\\\/produkts\\\/gear-aid-revivex-suede-and-fabric-kopsanas-lidzeklis\\\/#primaryimage\"},\"image\":{\"@id\":\"https:\\\/\\\/gohike.lv\\\/en\\\/produkts\\\/gear-aid-revivex-suede-and-fabric-kopsanas-lidzeklis\\\/#primaryimage\"},\"thumbnailUrl\":\"https:\\\/\\\/gohike.lv\\\/wp-content\\\/uploads\\\/2025\\\/04\\\/Suede_.webp\",\"datePublished\":\"2025-04-04T12:59:56+00:00\",\"dateModified\":\"2025-12-30T14:24:23+00:00\",\"description\":\"Specializ\u0113ts \u016bdens atgr\u016b\u0161anas sprejs aizsarg\u0101 zam\u0161a, nubaka, GORE-TEX\u00ae un citu elpojo\u0161o materi\u0101lu apavus no \u016bdens, net\u012brumiem un e\u013c\u013cas, saglab\u0101jot materi\u0101lu elpojam\u012bbu.\",\"breadcrumb\":{\"@id\":\"https:\\\/\\\/gohike.lv\\\/en\\\/produkts\\\/gear-aid-revivex-suede-and-fabric-kopsanas-lidzeklis\\\/#breadcrumb\"},\"inLanguage\":\"en-US\",\"potentialAction\":[{\"@type\":\"ReadAction\",\"target\":[\"https:\\\/\\\/gohike.lv\\\/en\\\/produkts\\\/gear-aid-revivex-suede-and-fabric-kopsanas-lidzeklis\\\/\"]}]},{\"@type\":\"ImageObject\",\"inLanguage\":\"en-US\",\"@id\":\"https:\\\/\\\/gohike.lv\\\/en\\\/produkts\\\/gear-aid-revivex-suede-and-fabric-kopsanas-lidzeklis\\\/#primaryimage\",\"url\":\"https:\\\/\\\/gohike.lv\\\/wp-content\\\/uploads\\\/2025\\\/04\\\/Suede_.webp\",\"contentUrl\":\"https:\\\/\\\/gohike.lv\\\/wp-content\\\/uploads\\\/2025\\\/04\\\/Suede_.webp\",\"width\":1200,\"height\":1200},{\"@type\":\"BreadcrumbList\",\"@id\":\"https:\\\/\\\/gohike.lv\\\/en\\\/produkts\\\/gear-aid-revivex-suede-and-fabric-kopsanas-lidzeklis\\\/#breadcrumb\",\"itemListElement\":[{\"@type\":\"ListItem\",\"position\":1,\"name\":\"Home\",\"item\":\"https:\\\/\\\/gohike.lv\\\/en\\\/\"},{\"@type\":\"ListItem\",\"position\":2,\"name\":\"Product categories\",\"item\":\"https:\\\/\\\/gohike.lv\\\/en\\\/product-categories\\\/\"},{\"@type\":\"ListItem\",\"position\":3,\"name\":\"GEAR AID &#8211; Revivex Suede and Fabric kop\u0161anas l\u012bdzeklis\"}]},{\"@type\":\"WebSite\",\"@id\":\"https:\\\/\\\/gohike.lv\\\/en\\\/#website\",\"url\":\"https:\\\/\\\/gohike.lv\\\/en\\\/\",\"name\":\"GoHike\",\"description\":\"\",\"publisher\":{\"@id\":\"https:\\\/\\\/gohike.lv\\\/en\\\/#organization\"},\"potentialAction\":[{\"@type\":\"SearchAction\",\"target\":{\"@type\":\"EntryPoint\",\"urlTemplate\":\"https:\\\/\\\/gohike.lv\\\/en\\\/?s={search_term_string}\"},\"query-input\":{\"@type\":\"PropertyValueSpecification\",\"valueRequired\":true,\"valueName\":\"search_term_string\"}}],\"inLanguage\":\"en-US\"},{\"@type\":\"Organization\",\"@id\":\"https:\\\/\\\/gohike.lv\\\/en\\\/#organization\",\"name\":\"GoHike\",\"url\":\"https:\\\/\\\/gohike.lv\\\/en\\\/\",\"logo\":{\"@type\":\"ImageObject\",\"inLanguage\":\"en-US\",\"@id\":\"https:\\\/\\\/gohike.lv\\\/en\\\/#\\\/schema\\\/logo\\\/image\\\/\",\"url\":\"https:\\\/\\\/gohike.lv\\\/wp-content\\\/uploads\\\/2023\\\/08\\\/Logo_GoHike.webp\",\"contentUrl\":\"https:\\\/\\\/gohike.lv\\\/wp-content\\\/uploads\\\/2023\\\/08\\\/Logo_GoHike.webp\",\"width\":512,\"height\":512,\"caption\":\"GoHike\"},\"image\":{\"@id\":\"https:\\\/\\\/gohike.lv\\\/en\\\/#\\\/schema\\\/logo\\\/image\\\/\"},\"sameAs\":[\"https:\\\/\\\/www.facebook.com\\\/gohike.shop\\\/\",\"https:\\\/\\\/www.instagram.com\\\/gohike.shop\\\/\"]}]}<\/script>\n<!-- \/ Yoast SEO plugin. -->","yoast_head_json":{"title":"GEAR AID Revivex Suede and Fabric kop\u0161anas l\u012bdzeklis","description":"Specializ\u0113ts \u016bdens atgr\u016b\u0161anas sprejs aizsarg\u0101 zam\u0161a, nubaka, GORE-TEX\u00ae un citu elpojo\u0161o materi\u0101lu apavus no \u016bdens, net\u012brumiem un e\u013c\u013cas, saglab\u0101jot materi\u0101lu elpojam\u012bbu.","robots":{"index":"index","follow":"follow","max-snippet":"max-snippet:-1","max-image-preview":"max-image-preview:large","max-video-preview":"max-video-preview:-1"},"canonical":"https:\/\/gohike.lv\/en\/produkts\/gear-aid-revivex-suede-and-fabric-kopsanas-lidzeklis\/","og_locale":"en_US","og_type":"article","og_title":"GEAR AID Revivex Suede and Fabric kop\u0161anas l\u012bdzeklis","og_description":"Specializ\u0113ts \u016bdens atgr\u016b\u0161anas sprejs aizsarg\u0101 zam\u0161a, nubaka, GORE-TEX\u00ae un citu elpojo\u0161o materi\u0101lu apavus no \u016bdens, net\u012brumiem un e\u013c\u013cas, saglab\u0101jot materi\u0101lu elpojam\u012bbu.","og_url":"https:\/\/gohike.lv\/en\/produkts\/gear-aid-revivex-suede-and-fabric-kopsanas-lidzeklis\/","og_site_name":"GoHike","article_publisher":"https:\/\/www.facebook.com\/gohike.shop\/","article_modified_time":"2025-12-30T14:24:23+00:00","og_image":[{"width":1200,"height":1200,"url":"https:\/\/gohike.lv\/wp-content\/uploads\/2025\/04\/Suede_.webp","type":"image\/webp"}],"twitter_card":"summary_large_image","twitter_title":"GEAR AID Revivex Suede and Fabric kop\u0161anas l\u012bdzeklis","twitter_misc":{"Est. reading time":"2 minutes"},"schema":{"@context":"https:\/\/schema.org","@graph":[{"@type":["WebPage","ItemPage"],"@id":"https:\/\/gohike.lv\/en\/produkts\/gear-aid-revivex-suede-and-fabric-kopsanas-lidzeklis\/","url":"https:\/\/gohike.lv\/en\/produkts\/gear-aid-revivex-suede-and-fabric-kopsanas-lidzeklis\/","name":"GEAR AID Revivex Suede and Fabric kop\u0161anas l\u012bdzeklis","isPartOf":{"@id":"https:\/\/gohike.lv\/en\/#website"},"primaryImageOfPage":{"@id":"https:\/\/gohike.lv\/en\/produkts\/gear-aid-revivex-suede-and-fabric-kopsanas-lidzeklis\/#primaryimage"},"image":{"@id":"https:\/\/gohike.lv\/en\/produkts\/gear-aid-revivex-suede-and-fabric-kopsanas-lidzeklis\/#primaryimage"},"thumbnailUrl":"https:\/\/gohike.lv\/wp-content\/uploads\/2025\/04\/Suede_.webp","datePublished":"2025-04-04T12:59:56+00:00","dateModified":"2025-12-30T14:24:23+00:00","description":"Specializ\u0113ts \u016bdens atgr\u016b\u0161anas sprejs aizsarg\u0101 zam\u0161a, nubaka, GORE-TEX\u00ae un citu elpojo\u0161o materi\u0101lu apavus no \u016bdens, net\u012brumiem un e\u013c\u013cas, saglab\u0101jot materi\u0101lu elpojam\u012bbu.","breadcrumb":{"@id":"https:\/\/gohike.lv\/en\/produkts\/gear-aid-revivex-suede-and-fabric-kopsanas-lidzeklis\/#breadcrumb"},"inLanguage":"en-US","potentialAction":[{"@type":"ReadAction","target":["https:\/\/gohike.lv\/en\/produkts\/gear-aid-revivex-suede-and-fabric-kopsanas-lidzeklis\/"]}]},{"@type":"ImageObject","inLanguage":"en-US","@id":"https:\/\/gohike.lv\/en\/produkts\/gear-aid-revivex-suede-and-fabric-kopsanas-lidzeklis\/#primaryimage","url":"https:\/\/gohike.lv\/wp-content\/uploads\/2025\/04\/Suede_.webp","contentUrl":"https:\/\/gohike.lv\/wp-content\/uploads\/2025\/04\/Suede_.webp","width":1200,"height":1200},{"@type":"BreadcrumbList","@id":"https:\/\/gohike.lv\/en\/produkts\/gear-aid-revivex-suede-and-fabric-kopsanas-lidzeklis\/#breadcrumb","itemListElement":[{"@type":"ListItem","position":1,"name":"Home","item":"https:\/\/gohike.lv\/en\/"},{"@type":"ListItem","position":2,"name":"Product categories","item":"https:\/\/gohike.lv\/en\/product-categories\/"},{"@type":"ListItem","position":3,"name":"GEAR AID &#8211; Revivex Suede and Fabric kop\u0161anas l\u012bdzeklis"}]},{"@type":"WebSite","@id":"https:\/\/gohike.lv\/en\/#website","url":"https:\/\/gohike.lv\/en\/","name":"GoHike","description":"","publisher":{"@id":"https:\/\/gohike.lv\/en\/#organization"},"potentialAction":[{"@type":"SearchAction","target":{"@type":"EntryPoint","urlTemplate":"https:\/\/gohike.lv\/en\/?s={search_term_string}"},"query-input":{"@type":"PropertyValueSpecification","valueRequired":true,"valueName":"search_term_string"}}],"inLanguage":"en-US"},{"@type":"Organization","@id":"https:\/\/gohike.lv\/en\/#organization","name":"GoHike","url":"https:\/\/gohike.lv\/en\/","logo":{"@type":"ImageObject","inLanguage":"en-US","@id":"https:\/\/gohike.lv\/en\/#\/schema\/logo\/image\/","url":"https:\/\/gohike.lv\/wp-content\/uploads\/2023\/08\/Logo_GoHike.webp","contentUrl":"https:\/\/gohike.lv\/wp-content\/uploads\/2023\/08\/Logo_GoHike.webp","width":512,"height":512,"caption":"GoHike"},"image":{"@id":"https:\/\/gohike.lv\/en\/#\/schema\/logo\/image\/"},"sameAs":["https:\/\/www.facebook.com\/gohike.shop\/","https:\/\/www.instagram.com\/gohike.shop\/"]}]}},"jetpack_sharing_enabled":true,"_links":{"self":[{"href":"https:\/\/gohike.lv\/en\/wp-json\/wp\/v2\/product\/77195","targetHints":{"allow":["GET"]}}],"collection":[{"href":"https:\/\/gohike.lv\/en\/wp-json\/wp\/v2\/product"}],"about":[{"href":"https:\/\/gohike.lv\/en\/wp-json\/wp\/v2\/types\/product"}],"version-history":[{"count":1,"href":"https:\/\/gohike.lv\/en\/wp-json\/wp\/v2\/product\/77195\/revisions"}],"predecessor-version":[{"id":118967,"href":"https:\/\/gohike.lv\/en\/wp-json\/wp\/v2\/product\/77195\/revisions\/118967"}],"wp:featuredmedia":[{"embeddable":true,"href":"https:\/\/gohike.lv\/en\/wp-json\/wp\/v2\/media\/77197"}],"wp:attachment":[{"href":"https:\/\/gohike.lv\/en\/wp-json\/wp\/v2\/media?parent=77195"}],"wp:term":[{"taxonomy":"product_brand","embeddable":true,"href":"https:\/\/gohike.lv\/en\/wp-json\/wp\/v2\/product_brand?post=77195"},{"taxonomy":"product_cat","embeddable":true,"href":"https:\/\/gohike.lv\/en\/wp-json\/wp\/v2\/product_cat?post=77195"},{"taxonomy":"product_tag","embeddable":true,"href":"https:\/\/gohike.lv\/en\/wp-json\/wp\/v2\/product_tag?post=77195"}],"curies":[{"name":"wp","href":"https:\/\/api.w.org\/{rel}","templated":true}]}}