{"id":77144,"date":"2025-04-04T15:59:56","date_gmt":"2025-04-04T12:59:56","guid":{"rendered":"https:\/\/gohike.lv\/produkts\/gear-aid-aquasure-sr-apavu-remonta-lime\/"},"modified":"2025-12-30T17:24:23","modified_gmt":"2025-12-30T14:24:23","slug":"gear-aid-aquasure-sr-apavu-remonta-lime","status":"publish","type":"product","link":"https:\/\/gohike.lv\/en\/produkts\/gear-aid-aquasure-sr-apavu-remonta-lime\/","title":{"rendered":"GEAR AID &#8211; Aquasure SR Apavu remonta l\u012bme"},"content":{"rendered":"<p>Galven\u0101s \u012bpa\u0161\u012bbas:<br \/>\n\u2714 Notur\u012bgs poliuret\u0101na savienojums visiem apavu materi\u0101liem;<br \/>\n\u2714 \u017d\u016bst l\u012bdz caursp\u012bd\u012bgam, elast\u012bgam gumijveida sl\u0101nim;<br \/>\n\u2714 Piln\u012bb\u0101 \u016bdensiztur\u012bgaun notur\u012bga pret nodilumu;<br \/>\n\u2714 Lietojama pla\u0161\u0101 temperat\u016bru diapazon\u0101 (-40\u00b0C l\u012bdz +90\u00b0C);<br \/>\n\u2714 Piem\u0113rota \u0101triem remontdarbiem gan m\u0101j\u0101s, gan lauk\u0101.<br \/>\nPielietojums:<br \/>\n\u2022 Zolu un pap\u0113\u017eu remonts;<br \/>\n\u2022 Aizsargsl\u0101\u0146u izveide apavu priek\u0161galiem;<br \/>\n\u2022 Boj\u0101tu apavu deta\u013cu salabo\u0161ana;<br \/>\n\u2022 Materi\u0101lu savieno\u0161ana (\u0101da, gumija, neopr\u0113ns, audums).<br \/>\nTehniskie parametri:<br \/>\nIepakojums: 28 g t\u016bbi\u0146a;<br \/>\nSaciet\u0113\u0161anas laiks: 24 h (pilnai iztur\u012bbai);<br \/>\nKr\u0101sa p\u0113c \u017e\u0101v\u0113\u0161anas: caursp\u012bd\u012bga;<br \/>\nElast\u012bba: materi\u0101ls var izstiepties l\u012bdz 4 reiz\u0113m no s\u0101kotn\u0113j\u0101 garuma, nezaud\u0113jot iztur\u012bbu.<br \/>\n<iframe title=\"Aquaseal SR Shoe Repair Adhesive by GEAR AID\" width=\"1200\" height=\"675\" src=\"https:\/\/www.youtube.com\/embed\/FRbwUoISpa4?feature=oembed\" frameborder=\"0\" allow=\"accelerometer; autoplay; clipboard-write; encrypted-media; gyroscope; picture-in-picture; web-share\" referrerpolicy=\"strict-origin-when-cross-origin\" allowfullscreen><\/iframe><\/p>\n","protected":false},"excerpt":{"rendered":"<p>Iztur\u012bga, \u016bdensiztur\u012bga poliuret\u0101na l\u012bme apavu remontam. Efekt\u012bvi pal\u012bdz sal\u012bm\u0113t zoles, pap\u0113\u017eus un citus apavu boj\u0101jumus, saglab\u0101jot elast\u012bbu.<\/p>\n","protected":false},"featured_media":77146,"template":"","meta":[],"product_brand":[12836],"product_cat":[1617,4140],"product_tag":[],"class_list":{"0":"post-77144","1":"product","2":"type-product","3":"status-publish","4":"has-post-thumbnail","6":"product_brand-gear-aid","7":"product_cat-instrumenti-un-kopsana","8":"product_cat-noderigas-lietas","9":"pa_produkta-tips-noderigas-lietas","11":"first","12":"instock","13":"taxable","14":"shipping-taxable","15":"purchasable","16":"product-type-simple"},"raw_content":{"name":"GEAR AID - Aquasure SR Apavu remonta l\u012bme","description":"Galven\u0101s \u012bpa\u0161\u012bbas:\n\u2714 Notur\u012bgs poliuret\u0101na savienojums visiem apavu materi\u0101liem;\n\u2714 \u017d\u016bst l\u012bdz caursp\u012bd\u012bgam, elast\u012bgam gumijveida sl\u0101nim;\n\u2714 Piln\u012bb\u0101 \u016bdensiztur\u012bgaun notur\u012bga pret nodilumu;\n\u2714 Lietojama pla\u0161\u0101 temperat\u016bru diapazon\u0101 (-40\u00b0C l\u012bdz +90\u00b0C);\n\u2714 Piem\u0113rota \u0101triem remontdarbiem gan m\u0101j\u0101s, gan lauk\u0101.\nPielietojums:\n\u2022 Zolu un pap\u0113\u017eu remonts;\n\u2022 Aizsargsl\u0101\u0146u izveide apavu priek\u0161galiem;\n\u2022 Boj\u0101tu apavu deta\u013cu salabo\u0161ana;\n\u2022 Materi\u0101lu savieno\u0161ana (\u0101da, gumija, neopr\u0113ns, audums).\nTehniskie parametri:\nIepakojums: 28 g t\u016bbi\u0146a;\nSaciet\u0113\u0161anas laiks: 24 h (pilnai iztur\u012bbai);\nKr\u0101sa p\u0113c \u017e\u0101v\u0113\u0161anas: caursp\u012bd\u012bga;\nElast\u012bba: materi\u0101ls var izstiepties l\u012bdz 4 reiz\u0113m no s\u0101kotn\u0113j\u0101 garuma, nezaud\u0113jot iztur\u012bbu.\nhttps:\/\/www.youtube.com\/watch?v=FRbwUoISpa4","short_description":"Iztur\u012bga, \u016bdensiztur\u012bga poliuret\u0101na l\u012bme apavu remontam. Efekt\u012bvi pal\u012bdz sal\u012bm\u0113t zoles, pap\u0113\u017eus un citus apavu boj\u0101jumus, saglab\u0101jot elast\u012bbu.","status":"publish","sku":"21563104158","original":77144},"wpml":{"translation_type":0,"has_translations":false,"original":77144,"duplicates":[],"translations":{"lv":77144,"en":null,"ru":null}},"supplier_id":null,"supplier_sku":"","barcode":null,"atum_controlled":true,"out_stock_date":null,"out_stock_threshold":null,"inheritable":false,"inbound_stock":0,"stock_on_hold":0,"sold_today":0,"sales_last_days":0,"reserved_stock":0,"customer_returns":0,"warehouse_damage":0,"lost_in_post":0,"other_logs":0,"out_stock_days":0,"lost_sales":0,"has_location":false,"update_date":"2025-12-30T14:25:12","atum_locations":[],"atum_stock_status":"instock","restock_status":false,"low_stock_amount":"","sales_update_date":"2025-11-13T14:08:59","calc_backorders":null,"yoast_head":"<!-- This site is optimized with the Yoast SEO plugin v27.3 - https:\/\/yoast.com\/product\/yoast-seo-wordpress\/ -->\n<title>GEAR AID Aquasure SR apavu remonta l\u012bme<\/title>\n<meta name=\"description\" content=\"Iztur\u012bga, \u016bdensiztur\u012bga poliuret\u0101na l\u012bme apavu remontam. Efekt\u012bvi pal\u012bdz sal\u012bm\u0113t zoles, pap\u0113\u017eus un citus apavu boj\u0101jumus, saglab\u0101jot elast\u012bbu.\" \/>\n<meta name=\"robots\" content=\"index, follow, max-snippet:-1, max-image-preview:large, max-video-preview:-1\" \/>\n<link rel=\"canonical\" href=\"https:\/\/gohike.lv\/en\/produkts\/gear-aid-aquasure-sr-apavu-remonta-lime\/\" \/>\n<meta property=\"og:locale\" content=\"en_US\" \/>\n<meta property=\"og:type\" content=\"article\" \/>\n<meta property=\"og:title\" content=\"GEAR AID Aquasure SR apavu remonta l\u012bme\" \/>\n<meta property=\"og:description\" content=\"Iztur\u012bga, \u016bdensiztur\u012bga poliuret\u0101na l\u012bme apavu remontam. Efekt\u012bvi pal\u012bdz sal\u012bm\u0113t zoles, pap\u0113\u017eus un citus apavu boj\u0101jumus, saglab\u0101jot elast\u012bbu.\" \/>\n<meta property=\"og:url\" content=\"https:\/\/gohike.lv\/en\/produkts\/gear-aid-aquasure-sr-apavu-remonta-lime\/\" \/>\n<meta property=\"og:site_name\" content=\"GoHike\" \/>\n<meta property=\"article:publisher\" content=\"https:\/\/www.facebook.com\/gohike.shop\/\" \/>\n<meta property=\"article:modified_time\" content=\"2025-12-30T14:24:23+00:00\" \/>\n<meta property=\"og:image\" content=\"https:\/\/gohike.lv\/wp-content\/uploads\/2025\/04\/ShoeRepair_.webp\" \/>\n\t<meta property=\"og:image:width\" content=\"1200\" \/>\n\t<meta property=\"og:image:height\" content=\"1200\" \/>\n\t<meta property=\"og:image:type\" content=\"image\/webp\" \/>\n<meta name=\"twitter:card\" content=\"summary_large_image\" \/>\n<meta name=\"twitter:title\" content=\"GEAR AID Aquasure SR apavu remonta l\u012bme\" \/>\n<meta name=\"twitter:label1\" content=\"Est. reading time\" \/>\n\t<meta name=\"twitter:data1\" content=\"1 minute\" \/>\n<script type=\"application\/ld+json\" class=\"yoast-schema-graph\">{\"@context\":\"https:\\\/\\\/schema.org\",\"@graph\":[{\"@type\":[\"WebPage\",\"ItemPage\"],\"@id\":\"https:\\\/\\\/gohike.lv\\\/en\\\/produkts\\\/gear-aid-aquasure-sr-apavu-remonta-lime\\\/\",\"url\":\"https:\\\/\\\/gohike.lv\\\/en\\\/produkts\\\/gear-aid-aquasure-sr-apavu-remonta-lime\\\/\",\"name\":\"GEAR AID Aquasure SR apavu remonta l\u012bme\",\"isPartOf\":{\"@id\":\"https:\\\/\\\/gohike.lv\\\/en\\\/#website\"},\"primaryImageOfPage\":{\"@id\":\"https:\\\/\\\/gohike.lv\\\/en\\\/produkts\\\/gear-aid-aquasure-sr-apavu-remonta-lime\\\/#primaryimage\"},\"image\":{\"@id\":\"https:\\\/\\\/gohike.lv\\\/en\\\/produkts\\\/gear-aid-aquasure-sr-apavu-remonta-lime\\\/#primaryimage\"},\"thumbnailUrl\":\"https:\\\/\\\/gohike.lv\\\/wp-content\\\/uploads\\\/2025\\\/04\\\/ShoeRepair_.webp\",\"datePublished\":\"2025-04-04T12:59:56+00:00\",\"dateModified\":\"2025-12-30T14:24:23+00:00\",\"description\":\"Iztur\u012bga, \u016bdensiztur\u012bga poliuret\u0101na l\u012bme apavu remontam. Efekt\u012bvi pal\u012bdz sal\u012bm\u0113t zoles, pap\u0113\u017eus un citus apavu boj\u0101jumus, saglab\u0101jot elast\u012bbu.\",\"breadcrumb\":{\"@id\":\"https:\\\/\\\/gohike.lv\\\/en\\\/produkts\\\/gear-aid-aquasure-sr-apavu-remonta-lime\\\/#breadcrumb\"},\"inLanguage\":\"en-US\",\"potentialAction\":[{\"@type\":\"ReadAction\",\"target\":[\"https:\\\/\\\/gohike.lv\\\/en\\\/produkts\\\/gear-aid-aquasure-sr-apavu-remonta-lime\\\/\"]}]},{\"@type\":\"ImageObject\",\"inLanguage\":\"en-US\",\"@id\":\"https:\\\/\\\/gohike.lv\\\/en\\\/produkts\\\/gear-aid-aquasure-sr-apavu-remonta-lime\\\/#primaryimage\",\"url\":\"https:\\\/\\\/gohike.lv\\\/wp-content\\\/uploads\\\/2025\\\/04\\\/ShoeRepair_.webp\",\"contentUrl\":\"https:\\\/\\\/gohike.lv\\\/wp-content\\\/uploads\\\/2025\\\/04\\\/ShoeRepair_.webp\",\"width\":1200,\"height\":1200},{\"@type\":\"BreadcrumbList\",\"@id\":\"https:\\\/\\\/gohike.lv\\\/en\\\/produkts\\\/gear-aid-aquasure-sr-apavu-remonta-lime\\\/#breadcrumb\",\"itemListElement\":[{\"@type\":\"ListItem\",\"position\":1,\"name\":\"Home\",\"item\":\"https:\\\/\\\/gohike.lv\\\/en\\\/\"},{\"@type\":\"ListItem\",\"position\":2,\"name\":\"Product categories\",\"item\":\"https:\\\/\\\/gohike.lv\\\/en\\\/product-categories\\\/\"},{\"@type\":\"ListItem\",\"position\":3,\"name\":\"GEAR AID &#8211; Aquasure SR Apavu remonta l\u012bme\"}]},{\"@type\":\"WebSite\",\"@id\":\"https:\\\/\\\/gohike.lv\\\/en\\\/#website\",\"url\":\"https:\\\/\\\/gohike.lv\\\/en\\\/\",\"name\":\"GoHike\",\"description\":\"\",\"publisher\":{\"@id\":\"https:\\\/\\\/gohike.lv\\\/en\\\/#organization\"},\"potentialAction\":[{\"@type\":\"SearchAction\",\"target\":{\"@type\":\"EntryPoint\",\"urlTemplate\":\"https:\\\/\\\/gohike.lv\\\/en\\\/?s={search_term_string}\"},\"query-input\":{\"@type\":\"PropertyValueSpecification\",\"valueRequired\":true,\"valueName\":\"search_term_string\"}}],\"inLanguage\":\"en-US\"},{\"@type\":\"Organization\",\"@id\":\"https:\\\/\\\/gohike.lv\\\/en\\\/#organization\",\"name\":\"GoHike\",\"url\":\"https:\\\/\\\/gohike.lv\\\/en\\\/\",\"logo\":{\"@type\":\"ImageObject\",\"inLanguage\":\"en-US\",\"@id\":\"https:\\\/\\\/gohike.lv\\\/en\\\/#\\\/schema\\\/logo\\\/image\\\/\",\"url\":\"https:\\\/\\\/gohike.lv\\\/wp-content\\\/uploads\\\/2023\\\/08\\\/Logo_GoHike.webp\",\"contentUrl\":\"https:\\\/\\\/gohike.lv\\\/wp-content\\\/uploads\\\/2023\\\/08\\\/Logo_GoHike.webp\",\"width\":512,\"height\":512,\"caption\":\"GoHike\"},\"image\":{\"@id\":\"https:\\\/\\\/gohike.lv\\\/en\\\/#\\\/schema\\\/logo\\\/image\\\/\"},\"sameAs\":[\"https:\\\/\\\/www.facebook.com\\\/gohike.shop\\\/\",\"https:\\\/\\\/www.instagram.com\\\/gohike.shop\\\/\"]}]}<\/script>\n<!-- \/ Yoast SEO plugin. -->","yoast_head_json":{"title":"GEAR AID Aquasure SR apavu remonta l\u012bme","description":"Iztur\u012bga, \u016bdensiztur\u012bga poliuret\u0101na l\u012bme apavu remontam. Efekt\u012bvi pal\u012bdz sal\u012bm\u0113t zoles, pap\u0113\u017eus un citus apavu boj\u0101jumus, saglab\u0101jot elast\u012bbu.","robots":{"index":"index","follow":"follow","max-snippet":"max-snippet:-1","max-image-preview":"max-image-preview:large","max-video-preview":"max-video-preview:-1"},"canonical":"https:\/\/gohike.lv\/en\/produkts\/gear-aid-aquasure-sr-apavu-remonta-lime\/","og_locale":"en_US","og_type":"article","og_title":"GEAR AID Aquasure SR apavu remonta l\u012bme","og_description":"Iztur\u012bga, \u016bdensiztur\u012bga poliuret\u0101na l\u012bme apavu remontam. Efekt\u012bvi pal\u012bdz sal\u012bm\u0113t zoles, pap\u0113\u017eus un citus apavu boj\u0101jumus, saglab\u0101jot elast\u012bbu.","og_url":"https:\/\/gohike.lv\/en\/produkts\/gear-aid-aquasure-sr-apavu-remonta-lime\/","og_site_name":"GoHike","article_publisher":"https:\/\/www.facebook.com\/gohike.shop\/","article_modified_time":"2025-12-30T14:24:23+00:00","og_image":[{"width":1200,"height":1200,"url":"https:\/\/gohike.lv\/wp-content\/uploads\/2025\/04\/ShoeRepair_.webp","type":"image\/webp"}],"twitter_card":"summary_large_image","twitter_title":"GEAR AID Aquasure SR apavu remonta l\u012bme","twitter_misc":{"Est. reading time":"1 minute"},"schema":{"@context":"https:\/\/schema.org","@graph":[{"@type":["WebPage","ItemPage"],"@id":"https:\/\/gohike.lv\/en\/produkts\/gear-aid-aquasure-sr-apavu-remonta-lime\/","url":"https:\/\/gohike.lv\/en\/produkts\/gear-aid-aquasure-sr-apavu-remonta-lime\/","name":"GEAR AID Aquasure SR apavu remonta l\u012bme","isPartOf":{"@id":"https:\/\/gohike.lv\/en\/#website"},"primaryImageOfPage":{"@id":"https:\/\/gohike.lv\/en\/produkts\/gear-aid-aquasure-sr-apavu-remonta-lime\/#primaryimage"},"image":{"@id":"https:\/\/gohike.lv\/en\/produkts\/gear-aid-aquasure-sr-apavu-remonta-lime\/#primaryimage"},"thumbnailUrl":"https:\/\/gohike.lv\/wp-content\/uploads\/2025\/04\/ShoeRepair_.webp","datePublished":"2025-04-04T12:59:56+00:00","dateModified":"2025-12-30T14:24:23+00:00","description":"Iztur\u012bga, \u016bdensiztur\u012bga poliuret\u0101na l\u012bme apavu remontam. Efekt\u012bvi pal\u012bdz sal\u012bm\u0113t zoles, pap\u0113\u017eus un citus apavu boj\u0101jumus, saglab\u0101jot elast\u012bbu.","breadcrumb":{"@id":"https:\/\/gohike.lv\/en\/produkts\/gear-aid-aquasure-sr-apavu-remonta-lime\/#breadcrumb"},"inLanguage":"en-US","potentialAction":[{"@type":"ReadAction","target":["https:\/\/gohike.lv\/en\/produkts\/gear-aid-aquasure-sr-apavu-remonta-lime\/"]}]},{"@type":"ImageObject","inLanguage":"en-US","@id":"https:\/\/gohike.lv\/en\/produkts\/gear-aid-aquasure-sr-apavu-remonta-lime\/#primaryimage","url":"https:\/\/gohike.lv\/wp-content\/uploads\/2025\/04\/ShoeRepair_.webp","contentUrl":"https:\/\/gohike.lv\/wp-content\/uploads\/2025\/04\/ShoeRepair_.webp","width":1200,"height":1200},{"@type":"BreadcrumbList","@id":"https:\/\/gohike.lv\/en\/produkts\/gear-aid-aquasure-sr-apavu-remonta-lime\/#breadcrumb","itemListElement":[{"@type":"ListItem","position":1,"name":"Home","item":"https:\/\/gohike.lv\/en\/"},{"@type":"ListItem","position":2,"name":"Product categories","item":"https:\/\/gohike.lv\/en\/product-categories\/"},{"@type":"ListItem","position":3,"name":"GEAR AID &#8211; Aquasure SR Apavu remonta l\u012bme"}]},{"@type":"WebSite","@id":"https:\/\/gohike.lv\/en\/#website","url":"https:\/\/gohike.lv\/en\/","name":"GoHike","description":"","publisher":{"@id":"https:\/\/gohike.lv\/en\/#organization"},"potentialAction":[{"@type":"SearchAction","target":{"@type":"EntryPoint","urlTemplate":"https:\/\/gohike.lv\/en\/?s={search_term_string}"},"query-input":{"@type":"PropertyValueSpecification","valueRequired":true,"valueName":"search_term_string"}}],"inLanguage":"en-US"},{"@type":"Organization","@id":"https:\/\/gohike.lv\/en\/#organization","name":"GoHike","url":"https:\/\/gohike.lv\/en\/","logo":{"@type":"ImageObject","inLanguage":"en-US","@id":"https:\/\/gohike.lv\/en\/#\/schema\/logo\/image\/","url":"https:\/\/gohike.lv\/wp-content\/uploads\/2023\/08\/Logo_GoHike.webp","contentUrl":"https:\/\/gohike.lv\/wp-content\/uploads\/2023\/08\/Logo_GoHike.webp","width":512,"height":512,"caption":"GoHike"},"image":{"@id":"https:\/\/gohike.lv\/en\/#\/schema\/logo\/image\/"},"sameAs":["https:\/\/www.facebook.com\/gohike.shop\/","https:\/\/www.instagram.com\/gohike.shop\/"]}]}},"jetpack_sharing_enabled":true,"_links":{"self":[{"href":"https:\/\/gohike.lv\/en\/wp-json\/wp\/v2\/product\/77144","targetHints":{"allow":["GET"]}}],"collection":[{"href":"https:\/\/gohike.lv\/en\/wp-json\/wp\/v2\/product"}],"about":[{"href":"https:\/\/gohike.lv\/en\/wp-json\/wp\/v2\/types\/product"}],"version-history":[{"count":1,"href":"https:\/\/gohike.lv\/en\/wp-json\/wp\/v2\/product\/77144\/revisions"}],"predecessor-version":[{"id":118963,"href":"https:\/\/gohike.lv\/en\/wp-json\/wp\/v2\/product\/77144\/revisions\/118963"}],"wp:featuredmedia":[{"embeddable":true,"href":"https:\/\/gohike.lv\/en\/wp-json\/wp\/v2\/media\/77146"}],"wp:attachment":[{"href":"https:\/\/gohike.lv\/en\/wp-json\/wp\/v2\/media?parent=77144"}],"wp:term":[{"taxonomy":"product_brand","embeddable":true,"href":"https:\/\/gohike.lv\/en\/wp-json\/wp\/v2\/product_brand?post=77144"},{"taxonomy":"product_cat","embeddable":true,"href":"https:\/\/gohike.lv\/en\/wp-json\/wp\/v2\/product_cat?post=77144"},{"taxonomy":"product_tag","embeddable":true,"href":"https:\/\/gohike.lv\/en\/wp-json\/wp\/v2\/product_tag?post=77144"}],"curies":[{"name":"wp","href":"https:\/\/api.w.org\/{rel}","templated":true}]}}