{"id":76859,"date":"2025-04-04T15:38:00","date_gmt":"2025-04-04T12:38:00","guid":{"rendered":"https:\/\/gohike.lv\/produkts\/lightmyfire-snapbox-oval-kompakti-partikas-konteineri-2gab\/"},"modified":"2025-12-30T17:25:01","modified_gmt":"2025-12-30T14:25:01","slug":"lightmyfire-snapbox-oval-kompakti-partikas-konteineri-2gab","status":"publish","type":"product","link":"https:\/\/gohike.lv\/en\/produkts\/lightmyfire-snapbox-oval-kompakti-partikas-konteineri-2gab\/","title":{"rendered":"LightMyFire &#8211; SnapBox Oval kompakti p\u0101rtikas konteineri, 2gab"},"content":{"rendered":"<p>Galven\u0101s \u012bpa\u0161\u012bbas:<br \/>\n\u2714 Herm\u0113tisks v\u0101ks \u2013 dro\u0161i glab\u0101 p\u0101rtiku un nelai\u017e mitrumu iek\u0161\u0101;<br \/>\n\u2714 Iek\u0161\u0113j\u0101 m\u0113r\u012b\u0161anas skala \u2013 \u0113rti porciju kontrolei;<br \/>\n\u2714 Biolo\u0123iski no\u0101rd\u0101ms materi\u0101ls \u2013 bez BPA, atbilst ES un FDA standartiem;<br \/>\n\u2714 Kompakti izm\u0113ri \u2013 truakos ietilpst Spork Little dak\u0161a-nazis&#8217;<br \/>\n\u2714 Viegli t\u012br\u0101ms \u2013 mazg\u0101jams trauku mazg\u0101jamaj\u0101 ma\u0161\u012bn\u0101\u2019<br \/>\nTehniskie parametri:<br \/>\nTilpums: 320 ml (katrs);<br \/>\nIzm\u0113ri: 17 \u00d7 6.9 \u00d7 5.2 cm;<br \/>\nSvars (2 kast\u012btes): 136 g;<br \/>\nMateri\u0101ls: Bio-based plastmasa (Ecozen\u2122);<br \/>\nRa\u017eots Zviedrij\u0101.<br \/>\nIzmanto\u0161anas iesp\u0113jas:<br \/>\n\u2022 Brokastu un uzkodu uzglab\u0101\u0161ana;<br \/>\n\u2022 Kempinga p\u0101rtikas organiz\u0113\u0161ana;<br \/>\n\u2022 Gar\u0161vielu un mazu priek\u0161metu glab\u0101\u0161ana;<br \/>\n\u2022 Ide\u0101li papildina LunchKit komplektu.<br \/>\nSnapBox Oval \u2013 praktisks risin\u0101jums p\u0101rtikai!<br \/>\nIzv\u0113lieties ilgtsp\u0113j\u012bbu \u2013 katrs biomateri\u0101la izstr\u0101d\u0101jums samazina plastmasas atkritumus.<br \/>\nBie\u017e\u0101kie jaut\u0101jumi:<br \/>\n\u2753 Vai kast\u012btes ir piem\u0113rotas mikrovi\u013c\u0146u kr\u0101snij?<br \/>\n\u2192 J\u0101, dro\u0161i lietojamas karstai p\u0101rtikai.<br \/>\n\u2753 K\u0101 t\u012br\u012bt kast\u012btes?<br \/>\n\u2192 Viegli mazg\u0101jamas ar rok\u0101m vai trauku mazg\u0101jamaj\u0101 ma\u0161\u012bn\u0101.<br \/>\n\u2753 Vai kast\u012btes ir \u016bdensnecaurlaid\u012bgas?<br \/>\n\u2192 J\u0101, herm\u0113tiskais v\u0101ks nov\u0113r\u0161 \u0161\u0137idrumu nopl\u016bdi.<br \/>\nRa\u017eots Zviedrij\u0101 ar r\u016bp\u012bgu kvalit\u0101tes kontroli.<\/p>\n","protected":false},"excerpt":{"rendered":"<p>Divas ov\u0101las formas p\u0101rtikas kast\u012btes (320 ml) no biolo\u0123iski no\u0101rd\u0101mas plastmasas. Herm\u0113tiskas, ar m\u0113r\u012b\u0161anas skal\u0101m un piem\u0113rotas trauku mazg\u0101jamajai ma\u0161\u012bnai.<\/p>\n","protected":false},"featured_media":76861,"template":"","meta":[],"product_brand":[12815],"product_cat":[1012],"product_tag":[],"class_list":{"0":"post-76859","1":"product","2":"type-product","3":"status-publish","4":"has-post-thumbnail","6":"product_brand-lightmyfire","7":"product_cat-virtuves-piederumi","8":"pa_izmerscm-176-95-2","9":"pa_materiali-ecozen","10":"pa_produkta-tips-kruzes-un-blodas","11":"pa_spalva-dzeltens","12":"pa_spalva-roza","14":"first","15":"instock","16":"taxable","17":"shipping-taxable","18":"purchasable","19":"product-type-variable"},"raw_content":{"name":"LightMyFire - SnapBox Oval kompakti p\u0101rtikas konteineri, 2gab","description":"Galven\u0101s \u012bpa\u0161\u012bbas:\n\u2714 Herm\u0113tisks v\u0101ks \u2013 dro\u0161i glab\u0101 p\u0101rtiku un nelai\u017e mitrumu iek\u0161\u0101;\n\u2714 Iek\u0161\u0113j\u0101 m\u0113r\u012b\u0161anas skala \u2013 \u0113rti porciju kontrolei;\n\u2714 Biolo\u0123iski no\u0101rd\u0101ms materi\u0101ls \u2013 bez BPA, atbilst ES un FDA standartiem;\n\u2714 Kompakti izm\u0113ri \u2013 truakos ietilpst Spork Little dak\u0161a-nazis'\n\u2714 Viegli t\u012br\u0101ms \u2013 mazg\u0101jams trauku mazg\u0101jamaj\u0101 ma\u0161\u012bn\u0101\u2019\nTehniskie parametri:\nTilpums: 320 ml (katrs);\nIzm\u0113ri: 17 \u00d7 6.9 \u00d7 5.2 cm;\nSvars (2 kast\u012btes): 136 g;\nMateri\u0101ls: Bio-based plastmasa (Ecozen\u2122);\nRa\u017eots Zviedrij\u0101.\nIzmanto\u0161anas iesp\u0113jas:\n\u2022 Brokastu un uzkodu uzglab\u0101\u0161ana;\n\u2022 Kempinga p\u0101rtikas organiz\u0113\u0161ana;\n\u2022 Gar\u0161vielu un mazu priek\u0161metu glab\u0101\u0161ana;\n\u2022 Ide\u0101li papildina LunchKit komplektu.\nSnapBox Oval \u2013 praktisks risin\u0101jums p\u0101rtikai!\nIzv\u0113lieties ilgtsp\u0113j\u012bbu \u2013 katrs biomateri\u0101la izstr\u0101d\u0101jums samazina plastmasas atkritumus.\nBie\u017e\u0101kie jaut\u0101jumi:\n\u2753 Vai kast\u012btes ir piem\u0113rotas mikrovi\u013c\u0146u kr\u0101snij?\n\u2192 J\u0101, dro\u0161i lietojamas karstai p\u0101rtikai.\n\u2753 K\u0101 t\u012br\u012bt kast\u012btes?\n\u2192 Viegli mazg\u0101jamas ar rok\u0101m vai trauku mazg\u0101jamaj\u0101 ma\u0161\u012bn\u0101.\n\u2753 Vai kast\u012btes ir \u016bdensnecaurlaid\u012bgas?\n\u2192 J\u0101, herm\u0113tiskais v\u0101ks nov\u0113r\u0161 \u0161\u0137idrumu nopl\u016bdi.\nRa\u017eots Zviedrij\u0101 ar r\u016bp\u012bgu kvalit\u0101tes kontroli.","short_description":"Divas ov\u0101las formas p\u0101rtikas kast\u012btes (320 ml) no biolo\u0123iski no\u0101rd\u0101mas plastmasas. Herm\u0113tiskas, ar m\u0113r\u012b\u0161anas skal\u0101m un piem\u0113rotas trauku mazg\u0101jamajai ma\u0161\u012bnai.","status":"publish","sku":"lmf0002","original":76859},"wpml":{"translation_type":0,"has_translations":false,"original":76859,"duplicates":[],"translations":{"lv":76859,"en":null,"ru":null}},"supplier_id":null,"supplier_sku":"","barcode":null,"atum_controlled":true,"out_stock_date":null,"out_stock_threshold":null,"inheritable":true,"inbound_stock":0,"stock_on_hold":0,"sold_today":0,"sales_last_days":0,"reserved_stock":0,"customer_returns":0,"warehouse_damage":0,"lost_in_post":0,"other_logs":0,"out_stock_days":0,"lost_sales":0,"has_location":false,"update_date":"2025-12-30T14:25:12","atum_locations":[],"atum_stock_status":"instock","restock_status":false,"low_stock_amount":"","sales_update_date":"2025-11-13T14:08:26","calc_backorders":null,"yoast_head":"<!-- This site is optimized with the Yoast SEO plugin v27.3 - https:\/\/yoast.com\/product\/yoast-seo-wordpress\/ -->\n<title>LightMyFire - SnapBox Oval kompakti p\u0101rtikas konteineri, 2gab<\/title>\n<meta name=\"description\" content=\"Divas ov\u0101las formas p\u0101rtikas kast\u012btes (320 ml) no biolo\u0123iski no\u0101rd\u0101mas plastmasas. Herm\u0113tiskas, ar m\u0113r\u012b\u0161anas skal\u0101m un piem\u0113rotas trauku mazg\u0101jamajai ma\u0161\u012bnai.\" \/>\n<meta name=\"robots\" content=\"index, follow, max-snippet:-1, max-image-preview:large, max-video-preview:-1\" \/>\n<link rel=\"canonical\" href=\"https:\/\/gohike.lv\/en\/produkts\/lightmyfire-snapbox-oval-kompakti-partikas-konteineri-2gab\/\" \/>\n<meta property=\"og:locale\" content=\"en_US\" \/>\n<meta property=\"og:type\" content=\"article\" \/>\n<meta property=\"og:title\" content=\"LightMyFire - SnapBox Oval kompakti p\u0101rtikas konteineri, 2gab\" \/>\n<meta property=\"og:description\" content=\"Divas ov\u0101las formas p\u0101rtikas kast\u012btes (320 ml) no biolo\u0123iski no\u0101rd\u0101mas plastmasas. Herm\u0113tiskas, ar m\u0113r\u012b\u0161anas skal\u0101m un piem\u0113rotas trauku mazg\u0101jamajai ma\u0161\u012bnai.\" \/>\n<meta property=\"og:url\" content=\"https:\/\/gohike.lv\/en\/produkts\/lightmyfire-snapbox-oval-kompakti-partikas-konteineri-2gab\/\" \/>\n<meta property=\"og:site_name\" content=\"GoHike\" \/>\n<meta property=\"article:publisher\" content=\"https:\/\/www.facebook.com\/gohike.shop\/\" \/>\n<meta property=\"article:modified_time\" content=\"2025-12-30T14:25:01+00:00\" \/>\n<meta property=\"og:image\" content=\"https:\/\/gohike.lv\/wp-content\/uploads\/2025\/04\/Oval_rose.jpg\" \/>\n\t<meta property=\"og:image:width\" content=\"1000\" \/>\n\t<meta property=\"og:image:height\" content=\"1000\" \/>\n\t<meta property=\"og:image:type\" content=\"image\/jpeg\" \/>\n<meta name=\"twitter:card\" content=\"summary_large_image\" \/>\n<meta name=\"twitter:title\" content=\"LightMyFire - SnapBox Oval kompakti p\u0101rtikas konteineri, 2gab\" \/>\n<meta name=\"twitter:label1\" content=\"Est. reading time\" \/>\n\t<meta name=\"twitter:data1\" content=\"2 minutes\" \/>\n<script type=\"application\/ld+json\" class=\"yoast-schema-graph\">{\"@context\":\"https:\\\/\\\/schema.org\",\"@graph\":[{\"@type\":[\"WebPage\",\"ItemPage\"],\"@id\":\"https:\\\/\\\/gohike.lv\\\/en\\\/produkts\\\/lightmyfire-snapbox-oval-kompakti-partikas-konteineri-2gab\\\/\",\"url\":\"https:\\\/\\\/gohike.lv\\\/en\\\/produkts\\\/lightmyfire-snapbox-oval-kompakti-partikas-konteineri-2gab\\\/\",\"name\":\"LightMyFire - SnapBox Oval kompakti p\u0101rtikas konteineri, 2gab\",\"isPartOf\":{\"@id\":\"https:\\\/\\\/gohike.lv\\\/en\\\/#website\"},\"primaryImageOfPage\":{\"@id\":\"https:\\\/\\\/gohike.lv\\\/en\\\/produkts\\\/lightmyfire-snapbox-oval-kompakti-partikas-konteineri-2gab\\\/#primaryimage\"},\"image\":{\"@id\":\"https:\\\/\\\/gohike.lv\\\/en\\\/produkts\\\/lightmyfire-snapbox-oval-kompakti-partikas-konteineri-2gab\\\/#primaryimage\"},\"thumbnailUrl\":\"https:\\\/\\\/gohike.lv\\\/wp-content\\\/uploads\\\/2025\\\/04\\\/Oval_rose.jpg\",\"datePublished\":\"2025-04-04T12:38:00+00:00\",\"dateModified\":\"2025-12-30T14:25:01+00:00\",\"description\":\"Divas ov\u0101las formas p\u0101rtikas kast\u012btes (320 ml) no biolo\u0123iski no\u0101rd\u0101mas plastmasas. Herm\u0113tiskas, ar m\u0113r\u012b\u0161anas skal\u0101m un piem\u0113rotas trauku mazg\u0101jamajai ma\u0161\u012bnai.\",\"breadcrumb\":{\"@id\":\"https:\\\/\\\/gohike.lv\\\/en\\\/produkts\\\/lightmyfire-snapbox-oval-kompakti-partikas-konteineri-2gab\\\/#breadcrumb\"},\"inLanguage\":\"en-US\",\"potentialAction\":[{\"@type\":\"ReadAction\",\"target\":[\"https:\\\/\\\/gohike.lv\\\/en\\\/produkts\\\/lightmyfire-snapbox-oval-kompakti-partikas-konteineri-2gab\\\/\"]}]},{\"@type\":\"ImageObject\",\"inLanguage\":\"en-US\",\"@id\":\"https:\\\/\\\/gohike.lv\\\/en\\\/produkts\\\/lightmyfire-snapbox-oval-kompakti-partikas-konteineri-2gab\\\/#primaryimage\",\"url\":\"https:\\\/\\\/gohike.lv\\\/wp-content\\\/uploads\\\/2025\\\/04\\\/Oval_rose.jpg\",\"contentUrl\":\"https:\\\/\\\/gohike.lv\\\/wp-content\\\/uploads\\\/2025\\\/04\\\/Oval_rose.jpg\",\"width\":1000,\"height\":1000},{\"@type\":\"BreadcrumbList\",\"@id\":\"https:\\\/\\\/gohike.lv\\\/en\\\/produkts\\\/lightmyfire-snapbox-oval-kompakti-partikas-konteineri-2gab\\\/#breadcrumb\",\"itemListElement\":[{\"@type\":\"ListItem\",\"position\":1,\"name\":\"Home\",\"item\":\"https:\\\/\\\/gohike.lv\\\/en\\\/\"},{\"@type\":\"ListItem\",\"position\":2,\"name\":\"Product categories\",\"item\":\"https:\\\/\\\/gohike.lv\\\/en\\\/product-categories\\\/\"},{\"@type\":\"ListItem\",\"position\":3,\"name\":\"LightMyFire &#8211; SnapBox Oval kompakti p\u0101rtikas konteineri, 2gab\"}]},{\"@type\":\"WebSite\",\"@id\":\"https:\\\/\\\/gohike.lv\\\/en\\\/#website\",\"url\":\"https:\\\/\\\/gohike.lv\\\/en\\\/\",\"name\":\"GoHike\",\"description\":\"\",\"publisher\":{\"@id\":\"https:\\\/\\\/gohike.lv\\\/en\\\/#organization\"},\"potentialAction\":[{\"@type\":\"SearchAction\",\"target\":{\"@type\":\"EntryPoint\",\"urlTemplate\":\"https:\\\/\\\/gohike.lv\\\/en\\\/?s={search_term_string}\"},\"query-input\":{\"@type\":\"PropertyValueSpecification\",\"valueRequired\":true,\"valueName\":\"search_term_string\"}}],\"inLanguage\":\"en-US\"},{\"@type\":\"Organization\",\"@id\":\"https:\\\/\\\/gohike.lv\\\/en\\\/#organization\",\"name\":\"GoHike\",\"url\":\"https:\\\/\\\/gohike.lv\\\/en\\\/\",\"logo\":{\"@type\":\"ImageObject\",\"inLanguage\":\"en-US\",\"@id\":\"https:\\\/\\\/gohike.lv\\\/en\\\/#\\\/schema\\\/logo\\\/image\\\/\",\"url\":\"https:\\\/\\\/gohike.lv\\\/wp-content\\\/uploads\\\/2023\\\/08\\\/Logo_GoHike.webp\",\"contentUrl\":\"https:\\\/\\\/gohike.lv\\\/wp-content\\\/uploads\\\/2023\\\/08\\\/Logo_GoHike.webp\",\"width\":512,\"height\":512,\"caption\":\"GoHike\"},\"image\":{\"@id\":\"https:\\\/\\\/gohike.lv\\\/en\\\/#\\\/schema\\\/logo\\\/image\\\/\"},\"sameAs\":[\"https:\\\/\\\/www.facebook.com\\\/gohike.shop\\\/\",\"https:\\\/\\\/www.instagram.com\\\/gohike.shop\\\/\"]}]}<\/script>\n<!-- \/ Yoast SEO plugin. -->","yoast_head_json":{"title":"LightMyFire - SnapBox Oval kompakti p\u0101rtikas konteineri, 2gab","description":"Divas ov\u0101las formas p\u0101rtikas kast\u012btes (320 ml) no biolo\u0123iski no\u0101rd\u0101mas plastmasas. Herm\u0113tiskas, ar m\u0113r\u012b\u0161anas skal\u0101m un piem\u0113rotas trauku mazg\u0101jamajai ma\u0161\u012bnai.","robots":{"index":"index","follow":"follow","max-snippet":"max-snippet:-1","max-image-preview":"max-image-preview:large","max-video-preview":"max-video-preview:-1"},"canonical":"https:\/\/gohike.lv\/en\/produkts\/lightmyfire-snapbox-oval-kompakti-partikas-konteineri-2gab\/","og_locale":"en_US","og_type":"article","og_title":"LightMyFire - SnapBox Oval kompakti p\u0101rtikas konteineri, 2gab","og_description":"Divas ov\u0101las formas p\u0101rtikas kast\u012btes (320 ml) no biolo\u0123iski no\u0101rd\u0101mas plastmasas. Herm\u0113tiskas, ar m\u0113r\u012b\u0161anas skal\u0101m un piem\u0113rotas trauku mazg\u0101jamajai ma\u0161\u012bnai.","og_url":"https:\/\/gohike.lv\/en\/produkts\/lightmyfire-snapbox-oval-kompakti-partikas-konteineri-2gab\/","og_site_name":"GoHike","article_publisher":"https:\/\/www.facebook.com\/gohike.shop\/","article_modified_time":"2025-12-30T14:25:01+00:00","og_image":[{"width":1000,"height":1000,"url":"https:\/\/gohike.lv\/wp-content\/uploads\/2025\/04\/Oval_rose.jpg","type":"image\/jpeg"}],"twitter_card":"summary_large_image","twitter_title":"LightMyFire - SnapBox Oval kompakti p\u0101rtikas konteineri, 2gab","twitter_misc":{"Est. reading time":"2 minutes"},"schema":{"@context":"https:\/\/schema.org","@graph":[{"@type":["WebPage","ItemPage"],"@id":"https:\/\/gohike.lv\/en\/produkts\/lightmyfire-snapbox-oval-kompakti-partikas-konteineri-2gab\/","url":"https:\/\/gohike.lv\/en\/produkts\/lightmyfire-snapbox-oval-kompakti-partikas-konteineri-2gab\/","name":"LightMyFire - SnapBox Oval kompakti p\u0101rtikas konteineri, 2gab","isPartOf":{"@id":"https:\/\/gohike.lv\/en\/#website"},"primaryImageOfPage":{"@id":"https:\/\/gohike.lv\/en\/produkts\/lightmyfire-snapbox-oval-kompakti-partikas-konteineri-2gab\/#primaryimage"},"image":{"@id":"https:\/\/gohike.lv\/en\/produkts\/lightmyfire-snapbox-oval-kompakti-partikas-konteineri-2gab\/#primaryimage"},"thumbnailUrl":"https:\/\/gohike.lv\/wp-content\/uploads\/2025\/04\/Oval_rose.jpg","datePublished":"2025-04-04T12:38:00+00:00","dateModified":"2025-12-30T14:25:01+00:00","description":"Divas ov\u0101las formas p\u0101rtikas kast\u012btes (320 ml) no biolo\u0123iski no\u0101rd\u0101mas plastmasas. Herm\u0113tiskas, ar m\u0113r\u012b\u0161anas skal\u0101m un piem\u0113rotas trauku mazg\u0101jamajai ma\u0161\u012bnai.","breadcrumb":{"@id":"https:\/\/gohike.lv\/en\/produkts\/lightmyfire-snapbox-oval-kompakti-partikas-konteineri-2gab\/#breadcrumb"},"inLanguage":"en-US","potentialAction":[{"@type":"ReadAction","target":["https:\/\/gohike.lv\/en\/produkts\/lightmyfire-snapbox-oval-kompakti-partikas-konteineri-2gab\/"]}]},{"@type":"ImageObject","inLanguage":"en-US","@id":"https:\/\/gohike.lv\/en\/produkts\/lightmyfire-snapbox-oval-kompakti-partikas-konteineri-2gab\/#primaryimage","url":"https:\/\/gohike.lv\/wp-content\/uploads\/2025\/04\/Oval_rose.jpg","contentUrl":"https:\/\/gohike.lv\/wp-content\/uploads\/2025\/04\/Oval_rose.jpg","width":1000,"height":1000},{"@type":"BreadcrumbList","@id":"https:\/\/gohike.lv\/en\/produkts\/lightmyfire-snapbox-oval-kompakti-partikas-konteineri-2gab\/#breadcrumb","itemListElement":[{"@type":"ListItem","position":1,"name":"Home","item":"https:\/\/gohike.lv\/en\/"},{"@type":"ListItem","position":2,"name":"Product categories","item":"https:\/\/gohike.lv\/en\/product-categories\/"},{"@type":"ListItem","position":3,"name":"LightMyFire &#8211; SnapBox Oval kompakti p\u0101rtikas konteineri, 2gab"}]},{"@type":"WebSite","@id":"https:\/\/gohike.lv\/en\/#website","url":"https:\/\/gohike.lv\/en\/","name":"GoHike","description":"","publisher":{"@id":"https:\/\/gohike.lv\/en\/#organization"},"potentialAction":[{"@type":"SearchAction","target":{"@type":"EntryPoint","urlTemplate":"https:\/\/gohike.lv\/en\/?s={search_term_string}"},"query-input":{"@type":"PropertyValueSpecification","valueRequired":true,"valueName":"search_term_string"}}],"inLanguage":"en-US"},{"@type":"Organization","@id":"https:\/\/gohike.lv\/en\/#organization","name":"GoHike","url":"https:\/\/gohike.lv\/en\/","logo":{"@type":"ImageObject","inLanguage":"en-US","@id":"https:\/\/gohike.lv\/en\/#\/schema\/logo\/image\/","url":"https:\/\/gohike.lv\/wp-content\/uploads\/2023\/08\/Logo_GoHike.webp","contentUrl":"https:\/\/gohike.lv\/wp-content\/uploads\/2023\/08\/Logo_GoHike.webp","width":512,"height":512,"caption":"GoHike"},"image":{"@id":"https:\/\/gohike.lv\/en\/#\/schema\/logo\/image\/"},"sameAs":["https:\/\/www.facebook.com\/gohike.shop\/","https:\/\/www.instagram.com\/gohike.shop\/"]}]}},"jetpack_sharing_enabled":true,"_links":{"self":[{"href":"https:\/\/gohike.lv\/en\/wp-json\/wp\/v2\/product\/76859","targetHints":{"allow":["GET"]}}],"collection":[{"href":"https:\/\/gohike.lv\/en\/wp-json\/wp\/v2\/product"}],"about":[{"href":"https:\/\/gohike.lv\/en\/wp-json\/wp\/v2\/types\/product"}],"version-history":[{"count":0,"href":"https:\/\/gohike.lv\/en\/wp-json\/wp\/v2\/product\/76859\/revisions"}],"wp:featuredmedia":[{"embeddable":true,"href":"https:\/\/gohike.lv\/en\/wp-json\/wp\/v2\/media\/76861"}],"wp:attachment":[{"href":"https:\/\/gohike.lv\/en\/wp-json\/wp\/v2\/media?parent=76859"}],"wp:term":[{"taxonomy":"product_brand","embeddable":true,"href":"https:\/\/gohike.lv\/en\/wp-json\/wp\/v2\/product_brand?post=76859"},{"taxonomy":"product_cat","embeddable":true,"href":"https:\/\/gohike.lv\/en\/wp-json\/wp\/v2\/product_cat?post=76859"},{"taxonomy":"product_tag","embeddable":true,"href":"https:\/\/gohike.lv\/en\/wp-json\/wp\/v2\/product_tag?post=76859"}],"curies":[{"name":"wp","href":"https:\/\/api.w.org\/{rel}","templated":true}]}}