{"id":76328,"date":"2025-04-04T11:44:57","date_gmt":"2025-04-04T08:44:57","guid":{"rendered":"https:\/\/gohike.lv\/produkts\/buff-original-ecostretch-youth-tunelsalle\/"},"modified":"2025-12-30T17:09:52","modified_gmt":"2025-12-30T14:09:52","slug":"buff-original-ecostretch-youth-tunelsalle","status":"publish","type":"product","link":"https:\/\/gohike.lv\/en\/produkts\/buff-original-ecostretch-youth-tunelsalle\/","title":{"rendered":"Buff &#8211; Original EcoStretch Youth tune\u013c\u0161alle"},"content":{"rendered":"<p>Galven\u0101s \u012bpa\u0161\u012bbas:<br \/>\n\u2714 95% p\u0101rstr\u0101d\u0101ts poliesters \u2013 videi draudz\u012bgs un iztur\u012bgs;<br \/>\n\u2714 UPF 50 saules aizsardz\u012bba \u2013 atbilst The Skin Cancer Foundation standartiem;<br \/>\n\u2714 Bez\u0161uvju 4 virzienu elast\u012bba \u2013 piln\u012bga kust\u012bbu br\u012bv\u012bba;<br \/>\n\u2714 Mitrumu uzs\u016bco\u0161s audums \u2013 uztur sausumu un komfortu;<br \/>\n\u2714 Vair\u0101k nek\u0101 12 valk\u0101\u0161anas veidi \u2013 k\u0101 band\u0101na, sejas maska, galvas aizsegs u.c.<br \/>\nTehniskie parametri:<br \/>\nMateri\u0101ls: 95% p\u0101rstr\u0101d\u0101ts poliesters, 5% elast\u0101ns;<br \/>\nKr\u0101sa: daudzkr\u0101sains (Capty Multi);<br \/>\nIzm\u0113rs: b\u0113rniem (Youth);<br \/>\nUV aizsardz\u012bba: UPF 50 (sertific\u0113ts PPE);<br \/>\nRa\u017eota Sp\u0101nij\u0101.<br \/>\nDizaina priek\u0161roc\u012bbas:<br \/>\n\u2705 Bez\u0161uvju dizains \u2013 nov\u0113r\u0161 berzi, maksim\u0101ls komforts;<br \/>\n\u2705 Ultra-elast\u012bgs audums;<br \/>\n\u2705 Daudzfunkcion\u0101la \u2013 aizsarg\u0101 no saules, v\u0113ja, aukstuma un putek\u013ciem.<br \/>\nIzmanto\u0161anas iesp\u0113jas:<br \/>\n\u2022 Sporta aktivit\u0101tes (skrie\u0161ana, rite\u0146brauk\u0161ana);<br \/>\n\u2022 Kempings un t\u016brisms;<br \/>\n\u2022 Pastaigas saulain\u0101 laik\u0101;<br \/>\n\u2022 Aizsardz\u012bba pret v\u0113ju un aukstumu.<br \/>\nKop\u0161anas instrukcijas:<br \/>\n\u2022 Mazg\u0101\u0161ana: 40\u00b0C (kr\u0101sainu audumu programma);<br \/>\n\u2022 Nedr\u012bkst \u017e\u0101v\u0113t ve\u013cas \u017e\u0101v\u0113t\u0101j\u0101;<br \/>\n\u2022 Nedr\u012bkst gludin\u0101t.<br \/>\nBUFF\u00ae Original EcoStretch \u2013 b\u0113rnu dro\u0161\u012bba un komforts jebkur\u0101 laik\u0101!<br \/>\nViens aksesu\u0101rs \u2013 neskait\u0101mi pielietojumi.<br \/>\nBie\u017e\u0101kie jaut\u0101jumi:<br \/>\n\u2753 Vai \u0161alle ir piem\u0113rota \u013coti akt\u012bviem b\u0113rniem?<br \/>\n\u2192 J\u0101, t\u0101 ir iztur\u012bga, elast\u012bga un nodro\u0161ina optim\u0101lu mitruma vad\u012bbu.<br \/>\n\u2753 Cik ilgi saglab\u0101jas UV aizsardz\u012bba?<br \/>\n\u2192 Aizsardz\u012bba var v\u0101jin\u0101ties laika gait\u0101, \u012bpa\u0161i bie\u017eas mazg\u0101\u0161anas rezult\u0101t\u0101.<br \/>\n\u2753 K\u0101 lietot \u0161o aksesu\u0101ru da\u017e\u0101dos veidos?<br \/>\n\u2192 To var n\u0113s\u0101t k\u0101 band\u0101nu, sejas masku, galvas aizsegu, rokasspr\u0101dzi vai pat k\u0101 matu aksesu\u0101ru.<br \/>\nBUFF\u00ae kvalit\u0101te \u2013 dro\u0161aun iztur\u012bga izv\u0113les b\u0113rniem!<\/p>\n","protected":false},"excerpt":{"rendered":"<p>B\u0113rniem paredz\u0113ta, daudzfunkcion\u0101la \u0161alle no 95% p\u0101rstr\u0101d\u0101tiem materi\u0101liem. UPF 50 saules aizsardz\u012bba, bez\u0161uvju dizains un 4 virzienu elast\u012bba.<\/p>\n","protected":false},"featured_media":76330,"template":"","meta":[],"product_brand":[15364],"product_cat":[724,10706],"product_tag":[],"class_list":{"0":"post-76328","1":"product","2":"type-product","3":"status-publish","4":"has-post-thumbnail","6":"product_brand-buff-en","7":"product_cat-clothing","8":"product_cat-for-children","9":"pa_materiali-5-elastans","10":"pa_materiali-95-parstradats-poliesters","11":"pa_produkta-tips-tunelsalles","13":"first","14":"outofstock","15":"taxable","16":"shipping-taxable","17":"purchasable","18":"product-type-simple"},"raw_content":{"name":"Buff - Original EcoStretch Youth tune\u013c\u0161alle","description":"Galven\u0101s \u012bpa\u0161\u012bbas:\n\u2714 95% p\u0101rstr\u0101d\u0101ts poliesters \u2013 videi draudz\u012bgs un iztur\u012bgs;\n\u2714 UPF 50 saules aizsardz\u012bba \u2013 atbilst The Skin Cancer Foundation standartiem;\n\u2714 Bez\u0161uvju 4 virzienu elast\u012bba \u2013 piln\u012bga kust\u012bbu br\u012bv\u012bba;\n\u2714 Mitrumu uzs\u016bco\u0161s audums \u2013 uztur sausumu un komfortu;\n\u2714 Vair\u0101k nek\u0101 12 valk\u0101\u0161anas veidi \u2013 k\u0101 band\u0101na, sejas maska, galvas aizsegs u.c.\nTehniskie parametri:\nMateri\u0101ls: 95% p\u0101rstr\u0101d\u0101ts poliesters, 5% elast\u0101ns;\nKr\u0101sa: daudzkr\u0101sains (Capty Multi);\nIzm\u0113rs: b\u0113rniem (Youth);\nUV aizsardz\u012bba: UPF 50 (sertific\u0113ts PPE);\nRa\u017eota Sp\u0101nij\u0101.\nDizaina priek\u0161roc\u012bbas:\n\u2705 Bez\u0161uvju dizains \u2013 nov\u0113r\u0161 berzi, maksim\u0101ls komforts;\n\u2705 Ultra-elast\u012bgs audums;\n\u2705 Daudzfunkcion\u0101la \u2013 aizsarg\u0101 no saules, v\u0113ja, aukstuma un putek\u013ciem.\nIzmanto\u0161anas iesp\u0113jas:\n\u2022 Sporta aktivit\u0101tes (skrie\u0161ana, rite\u0146brauk\u0161ana);\n\u2022 Kempings un t\u016brisms;\n\u2022 Pastaigas saulain\u0101 laik\u0101;\n\u2022 Aizsardz\u012bba pret v\u0113ju un aukstumu.\nKop\u0161anas instrukcijas:\n\u2022 Mazg\u0101\u0161ana: 40\u00b0C (kr\u0101sainu audumu programma);\n\u2022 Nedr\u012bkst \u017e\u0101v\u0113t ve\u013cas \u017e\u0101v\u0113t\u0101j\u0101;\n\u2022 Nedr\u012bkst gludin\u0101t.\nBUFF\u00ae Original EcoStretch \u2013 b\u0113rnu dro\u0161\u012bba un komforts jebkur\u0101 laik\u0101!\nViens aksesu\u0101rs \u2013 neskait\u0101mi pielietojumi.\nBie\u017e\u0101kie jaut\u0101jumi:\n\u2753 Vai \u0161alle ir piem\u0113rota \u013coti akt\u012bviem b\u0113rniem?\n\u2192 J\u0101, t\u0101 ir iztur\u012bga, elast\u012bga un nodro\u0161ina optim\u0101lu mitruma vad\u012bbu.\n\u2753 Cik ilgi saglab\u0101jas UV aizsardz\u012bba?\n\u2192 Aizsardz\u012bba var v\u0101jin\u0101ties laika gait\u0101, \u012bpa\u0161i bie\u017eas mazg\u0101\u0161anas rezult\u0101t\u0101.\n\u2753 K\u0101 lietot \u0161o aksesu\u0101ru da\u017e\u0101dos veidos?\n\u2192 To var n\u0113s\u0101t k\u0101 band\u0101nu, sejas masku, galvas aizsegu, rokasspr\u0101dzi vai pat k\u0101 matu aksesu\u0101ru.\nBUFF\u00ae kvalit\u0101te \u2013 dro\u0161aun iztur\u012bga izv\u0113les b\u0113rniem!","short_description":"B\u0113rniem paredz\u0113ta, daudzfunkcion\u0101la \u0161alle no 95% p\u0101rstr\u0101d\u0101tiem materi\u0101liem. UPF 50 saules aizsardz\u012bba, bez\u0161uvju dizains un 4 virzienu elast\u012bba.","status":"publish","sku":"8428927564078","original":76328},"wpml":{"translation_type":0,"has_translations":false,"original":76328,"duplicates":[],"translations":{"lv":76328,"en":null,"ru":null}},"supplier_id":null,"supplier_sku":"","barcode":null,"atum_controlled":true,"out_stock_date":"2025-12-17 19:23:24","out_stock_threshold":null,"inheritable":false,"inbound_stock":0,"stock_on_hold":0,"sold_today":0,"sales_last_days":0,"reserved_stock":0,"customer_returns":0,"warehouse_damage":0,"lost_in_post":0,"other_logs":0,"out_stock_days":0,"lost_sales":0,"has_location":false,"update_date":"2025-12-30T14:10:25","atum_locations":[],"atum_stock_status":"outofstock","restock_status":false,"low_stock_amount":"","sales_update_date":"2025-11-13T14:09:00","calc_backorders":null,"yoast_head":"<!-- This site is optimized with the Yoast SEO plugin v27.3 - https:\/\/yoast.com\/product\/yoast-seo-wordpress\/ -->\n<title>Buff - Original EcoStretch Youth Capty Multi tune\u013c\u0161alle<\/title>\n<meta name=\"description\" content=\"B\u0113rniem paredz\u0113ta, daudzfunkcion\u0101la \u0161alle no 95% p\u0101rstr\u0101d\u0101tiem materi\u0101liem. UPF 50 saules aizsardz\u012bba, bez\u0161uvju dizains un 4 virzienu elast\u012bba.\" \/>\n<meta name=\"robots\" content=\"index, follow, max-snippet:-1, max-image-preview:large, max-video-preview:-1\" \/>\n<link rel=\"canonical\" href=\"https:\/\/gohike.lv\/en\/produkts\/buff-original-ecostretch-youth-tunelsalle\/\" \/>\n<meta property=\"og:locale\" content=\"en_US\" \/>\n<meta property=\"og:type\" content=\"article\" \/>\n<meta property=\"og:title\" content=\"Buff - Original EcoStretch Youth Capty Multi tune\u013c\u0161alle\" \/>\n<meta property=\"og:description\" content=\"B\u0113rniem paredz\u0113ta, daudzfunkcion\u0101la \u0161alle no 95% p\u0101rstr\u0101d\u0101tiem materi\u0101liem. UPF 50 saules aizsardz\u012bba, bez\u0161uvju dizains un 4 virzienu elast\u012bba.\" \/>\n<meta property=\"og:url\" content=\"https:\/\/gohike.lv\/en\/produkts\/buff-original-ecostretch-youth-tunelsalle\/\" \/>\n<meta property=\"og:site_name\" content=\"GoHike\" \/>\n<meta property=\"article:publisher\" content=\"https:\/\/www.facebook.com\/gohike.shop\/\" \/>\n<meta property=\"article:modified_time\" content=\"2025-12-30T14:09:52+00:00\" \/>\n<meta property=\"og:image\" content=\"https:\/\/gohike.lv\/wp-content\/uploads\/2025\/04\/CaptiMulti_.webp\" \/>\n\t<meta property=\"og:image:width\" content=\"650\" \/>\n\t<meta property=\"og:image:height\" content=\"650\" \/>\n\t<meta property=\"og:image:type\" content=\"image\/webp\" \/>\n<meta name=\"twitter:card\" content=\"summary_large_image\" \/>\n<meta name=\"twitter:title\" content=\"Buff - Original EcoStretch Youth Capty Multi tune\u013c\u0161alle\" \/>\n<meta name=\"twitter:label1\" content=\"Est. reading time\" \/>\n\t<meta name=\"twitter:data1\" content=\"2 minutes\" \/>\n<script type=\"application\/ld+json\" class=\"yoast-schema-graph\">{\"@context\":\"https:\\\/\\\/schema.org\",\"@graph\":[{\"@type\":[\"WebPage\",\"ItemPage\"],\"@id\":\"https:\\\/\\\/gohike.lv\\\/en\\\/produkts\\\/buff-original-ecostretch-youth-tunelsalle\\\/\",\"url\":\"https:\\\/\\\/gohike.lv\\\/en\\\/produkts\\\/buff-original-ecostretch-youth-tunelsalle\\\/\",\"name\":\"Buff - Original EcoStretch Youth Capty Multi tune\u013c\u0161alle\",\"isPartOf\":{\"@id\":\"https:\\\/\\\/gohike.lv\\\/en\\\/#website\"},\"primaryImageOfPage\":{\"@id\":\"https:\\\/\\\/gohike.lv\\\/en\\\/produkts\\\/buff-original-ecostretch-youth-tunelsalle\\\/#primaryimage\"},\"image\":{\"@id\":\"https:\\\/\\\/gohike.lv\\\/en\\\/produkts\\\/buff-original-ecostretch-youth-tunelsalle\\\/#primaryimage\"},\"thumbnailUrl\":\"https:\\\/\\\/gohike.lv\\\/wp-content\\\/uploads\\\/2025\\\/04\\\/CaptiMulti_.webp\",\"datePublished\":\"2025-04-04T08:44:57+00:00\",\"dateModified\":\"2025-12-30T14:09:52+00:00\",\"description\":\"B\u0113rniem paredz\u0113ta, daudzfunkcion\u0101la \u0161alle no 95% p\u0101rstr\u0101d\u0101tiem materi\u0101liem. UPF 50 saules aizsardz\u012bba, bez\u0161uvju dizains un 4 virzienu elast\u012bba.\",\"breadcrumb\":{\"@id\":\"https:\\\/\\\/gohike.lv\\\/en\\\/produkts\\\/buff-original-ecostretch-youth-tunelsalle\\\/#breadcrumb\"},\"inLanguage\":\"en-US\",\"potentialAction\":[{\"@type\":\"ReadAction\",\"target\":[\"https:\\\/\\\/gohike.lv\\\/en\\\/produkts\\\/buff-original-ecostretch-youth-tunelsalle\\\/\"]}]},{\"@type\":\"ImageObject\",\"inLanguage\":\"en-US\",\"@id\":\"https:\\\/\\\/gohike.lv\\\/en\\\/produkts\\\/buff-original-ecostretch-youth-tunelsalle\\\/#primaryimage\",\"url\":\"https:\\\/\\\/gohike.lv\\\/wp-content\\\/uploads\\\/2025\\\/04\\\/CaptiMulti_.webp\",\"contentUrl\":\"https:\\\/\\\/gohike.lv\\\/wp-content\\\/uploads\\\/2025\\\/04\\\/CaptiMulti_.webp\",\"width\":650,\"height\":650},{\"@type\":\"BreadcrumbList\",\"@id\":\"https:\\\/\\\/gohike.lv\\\/en\\\/produkts\\\/buff-original-ecostretch-youth-tunelsalle\\\/#breadcrumb\",\"itemListElement\":[{\"@type\":\"ListItem\",\"position\":1,\"name\":\"Home\",\"item\":\"https:\\\/\\\/gohike.lv\\\/en\\\/\"},{\"@type\":\"ListItem\",\"position\":2,\"name\":\"Product categories\",\"item\":\"https:\\\/\\\/gohike.lv\\\/en\\\/product-categories\\\/\"},{\"@type\":\"ListItem\",\"position\":3,\"name\":\"Buff &#8211; Original EcoStretch Youth tune\u013c\u0161alle\"}]},{\"@type\":\"WebSite\",\"@id\":\"https:\\\/\\\/gohike.lv\\\/en\\\/#website\",\"url\":\"https:\\\/\\\/gohike.lv\\\/en\\\/\",\"name\":\"GoHike\",\"description\":\"\",\"publisher\":{\"@id\":\"https:\\\/\\\/gohike.lv\\\/en\\\/#organization\"},\"potentialAction\":[{\"@type\":\"SearchAction\",\"target\":{\"@type\":\"EntryPoint\",\"urlTemplate\":\"https:\\\/\\\/gohike.lv\\\/en\\\/?s={search_term_string}\"},\"query-input\":{\"@type\":\"PropertyValueSpecification\",\"valueRequired\":true,\"valueName\":\"search_term_string\"}}],\"inLanguage\":\"en-US\"},{\"@type\":\"Organization\",\"@id\":\"https:\\\/\\\/gohike.lv\\\/en\\\/#organization\",\"name\":\"GoHike\",\"url\":\"https:\\\/\\\/gohike.lv\\\/en\\\/\",\"logo\":{\"@type\":\"ImageObject\",\"inLanguage\":\"en-US\",\"@id\":\"https:\\\/\\\/gohike.lv\\\/en\\\/#\\\/schema\\\/logo\\\/image\\\/\",\"url\":\"https:\\\/\\\/gohike.lv\\\/wp-content\\\/uploads\\\/2023\\\/08\\\/Logo_GoHike.webp\",\"contentUrl\":\"https:\\\/\\\/gohike.lv\\\/wp-content\\\/uploads\\\/2023\\\/08\\\/Logo_GoHike.webp\",\"width\":512,\"height\":512,\"caption\":\"GoHike\"},\"image\":{\"@id\":\"https:\\\/\\\/gohike.lv\\\/en\\\/#\\\/schema\\\/logo\\\/image\\\/\"},\"sameAs\":[\"https:\\\/\\\/www.facebook.com\\\/gohike.shop\\\/\",\"https:\\\/\\\/www.instagram.com\\\/gohike.shop\\\/\"]}]}<\/script>\n<!-- \/ Yoast SEO plugin. -->","yoast_head_json":{"title":"Buff - Original EcoStretch Youth Capty Multi tune\u013c\u0161alle","description":"B\u0113rniem paredz\u0113ta, daudzfunkcion\u0101la \u0161alle no 95% p\u0101rstr\u0101d\u0101tiem materi\u0101liem. UPF 50 saules aizsardz\u012bba, bez\u0161uvju dizains un 4 virzienu elast\u012bba.","robots":{"index":"index","follow":"follow","max-snippet":"max-snippet:-1","max-image-preview":"max-image-preview:large","max-video-preview":"max-video-preview:-1"},"canonical":"https:\/\/gohike.lv\/en\/produkts\/buff-original-ecostretch-youth-tunelsalle\/","og_locale":"en_US","og_type":"article","og_title":"Buff - Original EcoStretch Youth Capty Multi tune\u013c\u0161alle","og_description":"B\u0113rniem paredz\u0113ta, daudzfunkcion\u0101la \u0161alle no 95% p\u0101rstr\u0101d\u0101tiem materi\u0101liem. UPF 50 saules aizsardz\u012bba, bez\u0161uvju dizains un 4 virzienu elast\u012bba.","og_url":"https:\/\/gohike.lv\/en\/produkts\/buff-original-ecostretch-youth-tunelsalle\/","og_site_name":"GoHike","article_publisher":"https:\/\/www.facebook.com\/gohike.shop\/","article_modified_time":"2025-12-30T14:09:52+00:00","og_image":[{"width":650,"height":650,"url":"https:\/\/gohike.lv\/wp-content\/uploads\/2025\/04\/CaptiMulti_.webp","type":"image\/webp"}],"twitter_card":"summary_large_image","twitter_title":"Buff - Original EcoStretch Youth Capty Multi tune\u013c\u0161alle","twitter_misc":{"Est. reading time":"2 minutes"},"schema":{"@context":"https:\/\/schema.org","@graph":[{"@type":["WebPage","ItemPage"],"@id":"https:\/\/gohike.lv\/en\/produkts\/buff-original-ecostretch-youth-tunelsalle\/","url":"https:\/\/gohike.lv\/en\/produkts\/buff-original-ecostretch-youth-tunelsalle\/","name":"Buff - Original EcoStretch Youth Capty Multi tune\u013c\u0161alle","isPartOf":{"@id":"https:\/\/gohike.lv\/en\/#website"},"primaryImageOfPage":{"@id":"https:\/\/gohike.lv\/en\/produkts\/buff-original-ecostretch-youth-tunelsalle\/#primaryimage"},"image":{"@id":"https:\/\/gohike.lv\/en\/produkts\/buff-original-ecostretch-youth-tunelsalle\/#primaryimage"},"thumbnailUrl":"https:\/\/gohike.lv\/wp-content\/uploads\/2025\/04\/CaptiMulti_.webp","datePublished":"2025-04-04T08:44:57+00:00","dateModified":"2025-12-30T14:09:52+00:00","description":"B\u0113rniem paredz\u0113ta, daudzfunkcion\u0101la \u0161alle no 95% p\u0101rstr\u0101d\u0101tiem materi\u0101liem. UPF 50 saules aizsardz\u012bba, bez\u0161uvju dizains un 4 virzienu elast\u012bba.","breadcrumb":{"@id":"https:\/\/gohike.lv\/en\/produkts\/buff-original-ecostretch-youth-tunelsalle\/#breadcrumb"},"inLanguage":"en-US","potentialAction":[{"@type":"ReadAction","target":["https:\/\/gohike.lv\/en\/produkts\/buff-original-ecostretch-youth-tunelsalle\/"]}]},{"@type":"ImageObject","inLanguage":"en-US","@id":"https:\/\/gohike.lv\/en\/produkts\/buff-original-ecostretch-youth-tunelsalle\/#primaryimage","url":"https:\/\/gohike.lv\/wp-content\/uploads\/2025\/04\/CaptiMulti_.webp","contentUrl":"https:\/\/gohike.lv\/wp-content\/uploads\/2025\/04\/CaptiMulti_.webp","width":650,"height":650},{"@type":"BreadcrumbList","@id":"https:\/\/gohike.lv\/en\/produkts\/buff-original-ecostretch-youth-tunelsalle\/#breadcrumb","itemListElement":[{"@type":"ListItem","position":1,"name":"Home","item":"https:\/\/gohike.lv\/en\/"},{"@type":"ListItem","position":2,"name":"Product categories","item":"https:\/\/gohike.lv\/en\/product-categories\/"},{"@type":"ListItem","position":3,"name":"Buff &#8211; Original EcoStretch Youth tune\u013c\u0161alle"}]},{"@type":"WebSite","@id":"https:\/\/gohike.lv\/en\/#website","url":"https:\/\/gohike.lv\/en\/","name":"GoHike","description":"","publisher":{"@id":"https:\/\/gohike.lv\/en\/#organization"},"potentialAction":[{"@type":"SearchAction","target":{"@type":"EntryPoint","urlTemplate":"https:\/\/gohike.lv\/en\/?s={search_term_string}"},"query-input":{"@type":"PropertyValueSpecification","valueRequired":true,"valueName":"search_term_string"}}],"inLanguage":"en-US"},{"@type":"Organization","@id":"https:\/\/gohike.lv\/en\/#organization","name":"GoHike","url":"https:\/\/gohike.lv\/en\/","logo":{"@type":"ImageObject","inLanguage":"en-US","@id":"https:\/\/gohike.lv\/en\/#\/schema\/logo\/image\/","url":"https:\/\/gohike.lv\/wp-content\/uploads\/2023\/08\/Logo_GoHike.webp","contentUrl":"https:\/\/gohike.lv\/wp-content\/uploads\/2023\/08\/Logo_GoHike.webp","width":512,"height":512,"caption":"GoHike"},"image":{"@id":"https:\/\/gohike.lv\/en\/#\/schema\/logo\/image\/"},"sameAs":["https:\/\/www.facebook.com\/gohike.shop\/","https:\/\/www.instagram.com\/gohike.shop\/"]}]}},"jetpack_sharing_enabled":true,"_links":{"self":[{"href":"https:\/\/gohike.lv\/en\/wp-json\/wp\/v2\/product\/76328","targetHints":{"allow":["GET"]}}],"collection":[{"href":"https:\/\/gohike.lv\/en\/wp-json\/wp\/v2\/product"}],"about":[{"href":"https:\/\/gohike.lv\/en\/wp-json\/wp\/v2\/types\/product"}],"version-history":[{"count":1,"href":"https:\/\/gohike.lv\/en\/wp-json\/wp\/v2\/product\/76328\/revisions"}],"predecessor-version":[{"id":118925,"href":"https:\/\/gohike.lv\/en\/wp-json\/wp\/v2\/product\/76328\/revisions\/118925"}],"wp:featuredmedia":[{"embeddable":true,"href":"https:\/\/gohike.lv\/en\/wp-json\/wp\/v2\/media\/76330"}],"wp:attachment":[{"href":"https:\/\/gohike.lv\/en\/wp-json\/wp\/v2\/media?parent=76328"}],"wp:term":[{"taxonomy":"product_brand","embeddable":true,"href":"https:\/\/gohike.lv\/en\/wp-json\/wp\/v2\/product_brand?post=76328"},{"taxonomy":"product_cat","embeddable":true,"href":"https:\/\/gohike.lv\/en\/wp-json\/wp\/v2\/product_cat?post=76328"},{"taxonomy":"product_tag","embeddable":true,"href":"https:\/\/gohike.lv\/en\/wp-json\/wp\/v2\/product_tag?post=76328"}],"curies":[{"name":"wp","href":"https:\/\/api.w.org\/{rel}","templated":true}]}}