{"id":69249,"date":"2025-03-01T16:43:24","date_gmt":"2025-03-01T13:43:24","guid":{"rendered":"https:\/\/gohike.lv\/?post_type=product&#038;p=69249"},"modified":"2025-12-30T17:24:25","modified_gmt":"2025-12-30T14:24:25","slug":"lifesystems-550-paracord-virve","status":"publish","type":"product","link":"https:\/\/gohike.lv\/en\/produkts\/lifesystems-550-paracord-virve\/","title":{"rendered":"Lifesystems &#8211; 550 Paracord virve"},"content":{"rendered":"<p>Lifesystems 550 Paracord auklu var izmantot teltu, patversmju, tirdzi\u0146u vai apr\u012bkojuma nostiprin\u0101\u0161anai. Piem\u0113rota pulkste\u0146u p\u012b\u0161anai, kempingiem, p\u0101rg\u0101jieniem, milit\u0101r\u0101m vajadz\u012bb\u0101m, izdz\u012bvo\u0161anai, \u0101rk\u0101rtas komplektiem vai jebk\u0101diem piedz\u012bvojumiem dab\u0101. \u0160\u012b aukla ir uzticama, iztur\u012bga un ilgm\u016b\u017e\u012bga, ar minim\u0101lo p\u0101rrau\u0161anas slodzi 550 m\u0101rci\u0146as (250 kg).<br \/>\nUzman\u012bbu: Nav piem\u0113rota k\u0101p\u0161anai.<br \/>\nFunkcijas:<br \/>\n4 mm 7-pavedienu neilona aukla;<br \/>\nIde\u0101la liel\u0101kajai da\u013cai izdz\u012bvo\u0161anas uzdevumu;<br \/>\nP\u0101rrau\u0161anas slodze: 550 m\u0101rci\u0146as;<br \/>\nGaismas atstarojo\u0161i pavedieni.<br \/>\nTehniskie parametri:<br \/>\nSvars: 220 g;<br \/>\nIzm\u0113ri (iesai\u0146ots): 260 x 60 x 50 mm;<br \/>\nIzm\u0113ri (izloc\u012bts): 4 mm (diametrs) x 33 metri.<\/p>\n","protected":false},"excerpt":{"rendered":"<p>550 Paracord virve \u2014 iztur\u012bgs un uzticams neilona aukla ar slodzes jaudu l\u012bdz 550 m\u0101rci\u0146\u0101m. Ide\u0101ls kempingiem, p\u0101rg\u0101jieniem, izdz\u012bvo\u0161anai un \u0101rk\u0101rtas situ\u0101cij\u0101m.<\/p>\n","protected":false},"featured_media":69250,"template":"","meta":[],"product_brand":[1307],"product_cat":[1617],"product_tag":[],"class_list":{"0":"post-69249","1":"product","2":"type-product","3":"status-publish","4":"has-post-thumbnail","6":"product_brand-lifesystems-lv","7":"product_cat-instrumenti-un-kopsana","8":"pa_izmeriscm-0-43300","9":"pa_saliktas-preces-izmerscm-12574","11":"first","12":"instock","13":"taxable","14":"shipping-taxable","15":"purchasable","16":"product-type-simple"},"raw_content":{"name":"Lifesystems - 550 Paracord virve","description":"Lifesystems 550 Paracord auklu var izmantot teltu, patversmju, tirdzi\u0146u vai apr\u012bkojuma nostiprin\u0101\u0161anai. Piem\u0113rota pulkste\u0146u p\u012b\u0161anai, kempingiem, p\u0101rg\u0101jieniem, milit\u0101r\u0101m vajadz\u012bb\u0101m, izdz\u012bvo\u0161anai, \u0101rk\u0101rtas komplektiem vai jebk\u0101diem piedz\u012bvojumiem dab\u0101. \u0160\u012b aukla ir uzticama, iztur\u012bga un ilgm\u016b\u017e\u012bga, ar minim\u0101lo p\u0101rrau\u0161anas slodzi 550 m\u0101rci\u0146as (250 kg).\nUzman\u012bbu: Nav piem\u0113rota k\u0101p\u0161anai.\nFunkcijas:\n4 mm 7-pavedienu neilona aukla;\nIde\u0101la liel\u0101kajai da\u013cai izdz\u012bvo\u0161anas uzdevumu;\nP\u0101rrau\u0161anas slodze: 550 m\u0101rci\u0146as;\nGaismas atstarojo\u0161i pavedieni.\nTehniskie parametri:\nSvars: 220 g;\nIzm\u0113ri (iesai\u0146ots): 260 x 60 x 50 mm;\nIzm\u0113ri (izloc\u012bts): 4 mm (diametrs) x 33 metri.","short_description":"550 Paracord virve \u2014 iztur\u012bgs un uzticams neilona aukla ar slodzes jaudu l\u012bdz 550 m\u0101rci\u0146\u0101m. Ide\u0101ls kempingiem, p\u0101rg\u0101jieniem, izdz\u012bvo\u0161anai un \u0101rk\u0101rtas situ\u0101cij\u0101m.","status":"publish","sku":"5031863425308","original":69249},"wpml":{"translation_type":0,"has_translations":false,"original":69249,"duplicates":[],"translations":{"lv":69249,"en":null,"ru":null}},"supplier_id":null,"supplier_sku":"","barcode":null,"atum_controlled":true,"out_stock_date":null,"out_stock_threshold":null,"inheritable":false,"inbound_stock":0,"stock_on_hold":0,"sold_today":0,"sales_last_days":0,"reserved_stock":0,"customer_returns":0,"warehouse_damage":0,"lost_in_post":0,"other_logs":0,"out_stock_days":0,"lost_sales":0,"has_location":false,"update_date":"2025-12-30T14:25:13","atum_locations":[],"atum_stock_status":"instock","restock_status":false,"low_stock_amount":"","sales_update_date":"2025-11-13T14:08:11","calc_backorders":null,"yoast_head":"<!-- This site is optimized with the Yoast SEO plugin v27.3 - https:\/\/yoast.com\/product\/yoast-seo-wordpress\/ -->\n<title>Lifesystems - 550 Paracord virve - GoHike<\/title>\n<meta name=\"description\" content=\"550 Paracord virve \u2014 iztur\u012bgs un uzticams neilona aukla ar slodzes jaudu l\u012bdz 550 m\u0101rci\u0146\u0101m. Ide\u0101ls kempingiem, p\u0101rg\u0101jieniem, izdz\u012bvo\u0161anai un \u0101rk\u0101rtas situ\u0101cij\u0101m.\" \/>\n<meta name=\"robots\" content=\"index, follow, max-snippet:-1, max-image-preview:large, max-video-preview:-1\" \/>\n<link rel=\"canonical\" href=\"https:\/\/gohike.lv\/en\/produkts\/lifesystems-550-paracord-virve\/\" \/>\n<meta property=\"og:locale\" content=\"en_US\" \/>\n<meta property=\"og:type\" content=\"article\" \/>\n<meta property=\"og:title\" content=\"Lifesystems - 550 Paracord virve - GoHike\" \/>\n<meta property=\"og:description\" content=\"550 Paracord virve \u2014 iztur\u012bgs un uzticams neilona aukla ar slodzes jaudu l\u012bdz 550 m\u0101rci\u0146\u0101m. Ide\u0101ls kempingiem, p\u0101rg\u0101jieniem, izdz\u012bvo\u0161anai un \u0101rk\u0101rtas situ\u0101cij\u0101m.\" \/>\n<meta property=\"og:url\" content=\"https:\/\/gohike.lv\/en\/produkts\/lifesystems-550-paracord-virve\/\" \/>\n<meta property=\"og:site_name\" content=\"GoHike\" \/>\n<meta property=\"article:publisher\" content=\"https:\/\/www.facebook.com\/gohike.shop\/\" \/>\n<meta property=\"article:modified_time\" content=\"2025-12-30T14:24:25+00:00\" \/>\n<meta property=\"og:image\" content=\"https:\/\/gohike.lv\/wp-content\/uploads\/2025\/03\/Paracord550_.webp\" \/>\n\t<meta property=\"og:image:width\" content=\"900\" \/>\n\t<meta property=\"og:image:height\" content=\"900\" \/>\n\t<meta property=\"og:image:type\" content=\"image\/webp\" \/>\n<meta name=\"twitter:card\" content=\"summary_large_image\" \/>\n<meta name=\"twitter:label1\" content=\"Est. reading time\" \/>\n\t<meta name=\"twitter:data1\" content=\"1 minute\" \/>\n<script type=\"application\/ld+json\" class=\"yoast-schema-graph\">{\"@context\":\"https:\\\/\\\/schema.org\",\"@graph\":[{\"@type\":[\"WebPage\",\"ItemPage\"],\"@id\":\"https:\\\/\\\/gohike.lv\\\/en\\\/produkts\\\/lifesystems-550-paracord-virve\\\/\",\"url\":\"https:\\\/\\\/gohike.lv\\\/en\\\/produkts\\\/lifesystems-550-paracord-virve\\\/\",\"name\":\"Lifesystems - 550 Paracord virve - GoHike\",\"isPartOf\":{\"@id\":\"https:\\\/\\\/gohike.lv\\\/en\\\/#website\"},\"primaryImageOfPage\":{\"@id\":\"https:\\\/\\\/gohike.lv\\\/en\\\/produkts\\\/lifesystems-550-paracord-virve\\\/#primaryimage\"},\"image\":{\"@id\":\"https:\\\/\\\/gohike.lv\\\/en\\\/produkts\\\/lifesystems-550-paracord-virve\\\/#primaryimage\"},\"thumbnailUrl\":\"https:\\\/\\\/gohike.lv\\\/wp-content\\\/uploads\\\/2025\\\/03\\\/Paracord550_.webp\",\"datePublished\":\"2025-03-01T13:43:24+00:00\",\"dateModified\":\"2025-12-30T14:24:25+00:00\",\"description\":\"550 Paracord virve \u2014 iztur\u012bgs un uzticams neilona aukla ar slodzes jaudu l\u012bdz 550 m\u0101rci\u0146\u0101m. Ide\u0101ls kempingiem, p\u0101rg\u0101jieniem, izdz\u012bvo\u0161anai un \u0101rk\u0101rtas situ\u0101cij\u0101m.\",\"breadcrumb\":{\"@id\":\"https:\\\/\\\/gohike.lv\\\/en\\\/produkts\\\/lifesystems-550-paracord-virve\\\/#breadcrumb\"},\"inLanguage\":\"en-US\",\"potentialAction\":[{\"@type\":\"ReadAction\",\"target\":[\"https:\\\/\\\/gohike.lv\\\/en\\\/produkts\\\/lifesystems-550-paracord-virve\\\/\"]}]},{\"@type\":\"ImageObject\",\"inLanguage\":\"en-US\",\"@id\":\"https:\\\/\\\/gohike.lv\\\/en\\\/produkts\\\/lifesystems-550-paracord-virve\\\/#primaryimage\",\"url\":\"https:\\\/\\\/gohike.lv\\\/wp-content\\\/uploads\\\/2025\\\/03\\\/Paracord550_.webp\",\"contentUrl\":\"https:\\\/\\\/gohike.lv\\\/wp-content\\\/uploads\\\/2025\\\/03\\\/Paracord550_.webp\",\"width\":900,\"height\":900},{\"@type\":\"BreadcrumbList\",\"@id\":\"https:\\\/\\\/gohike.lv\\\/en\\\/produkts\\\/lifesystems-550-paracord-virve\\\/#breadcrumb\",\"itemListElement\":[{\"@type\":\"ListItem\",\"position\":1,\"name\":\"Home\",\"item\":\"https:\\\/\\\/gohike.lv\\\/en\\\/\"},{\"@type\":\"ListItem\",\"position\":2,\"name\":\"Product categories\",\"item\":\"https:\\\/\\\/gohike.lv\\\/en\\\/product-categories\\\/\"},{\"@type\":\"ListItem\",\"position\":3,\"name\":\"Lifesystems &#8211; 550 Paracord virve\"}]},{\"@type\":\"WebSite\",\"@id\":\"https:\\\/\\\/gohike.lv\\\/en\\\/#website\",\"url\":\"https:\\\/\\\/gohike.lv\\\/en\\\/\",\"name\":\"GoHike\",\"description\":\"\",\"publisher\":{\"@id\":\"https:\\\/\\\/gohike.lv\\\/en\\\/#organization\"},\"potentialAction\":[{\"@type\":\"SearchAction\",\"target\":{\"@type\":\"EntryPoint\",\"urlTemplate\":\"https:\\\/\\\/gohike.lv\\\/en\\\/?s={search_term_string}\"},\"query-input\":{\"@type\":\"PropertyValueSpecification\",\"valueRequired\":true,\"valueName\":\"search_term_string\"}}],\"inLanguage\":\"en-US\"},{\"@type\":\"Organization\",\"@id\":\"https:\\\/\\\/gohike.lv\\\/en\\\/#organization\",\"name\":\"GoHike\",\"url\":\"https:\\\/\\\/gohike.lv\\\/en\\\/\",\"logo\":{\"@type\":\"ImageObject\",\"inLanguage\":\"en-US\",\"@id\":\"https:\\\/\\\/gohike.lv\\\/en\\\/#\\\/schema\\\/logo\\\/image\\\/\",\"url\":\"https:\\\/\\\/gohike.lv\\\/wp-content\\\/uploads\\\/2023\\\/08\\\/Logo_GoHike.webp\",\"contentUrl\":\"https:\\\/\\\/gohike.lv\\\/wp-content\\\/uploads\\\/2023\\\/08\\\/Logo_GoHike.webp\",\"width\":512,\"height\":512,\"caption\":\"GoHike\"},\"image\":{\"@id\":\"https:\\\/\\\/gohike.lv\\\/en\\\/#\\\/schema\\\/logo\\\/image\\\/\"},\"sameAs\":[\"https:\\\/\\\/www.facebook.com\\\/gohike.shop\\\/\",\"https:\\\/\\\/www.instagram.com\\\/gohike.shop\\\/\"]}]}<\/script>\n<!-- \/ Yoast SEO plugin. -->","yoast_head_json":{"title":"Lifesystems - 550 Paracord virve - GoHike","description":"550 Paracord virve \u2014 iztur\u012bgs un uzticams neilona aukla ar slodzes jaudu l\u012bdz 550 m\u0101rci\u0146\u0101m. Ide\u0101ls kempingiem, p\u0101rg\u0101jieniem, izdz\u012bvo\u0161anai un \u0101rk\u0101rtas situ\u0101cij\u0101m.","robots":{"index":"index","follow":"follow","max-snippet":"max-snippet:-1","max-image-preview":"max-image-preview:large","max-video-preview":"max-video-preview:-1"},"canonical":"https:\/\/gohike.lv\/en\/produkts\/lifesystems-550-paracord-virve\/","og_locale":"en_US","og_type":"article","og_title":"Lifesystems - 550 Paracord virve - GoHike","og_description":"550 Paracord virve \u2014 iztur\u012bgs un uzticams neilona aukla ar slodzes jaudu l\u012bdz 550 m\u0101rci\u0146\u0101m. Ide\u0101ls kempingiem, p\u0101rg\u0101jieniem, izdz\u012bvo\u0161anai un \u0101rk\u0101rtas situ\u0101cij\u0101m.","og_url":"https:\/\/gohike.lv\/en\/produkts\/lifesystems-550-paracord-virve\/","og_site_name":"GoHike","article_publisher":"https:\/\/www.facebook.com\/gohike.shop\/","article_modified_time":"2025-12-30T14:24:25+00:00","og_image":[{"width":900,"height":900,"url":"https:\/\/gohike.lv\/wp-content\/uploads\/2025\/03\/Paracord550_.webp","type":"image\/webp"}],"twitter_card":"summary_large_image","twitter_misc":{"Est. reading time":"1 minute"},"schema":{"@context":"https:\/\/schema.org","@graph":[{"@type":["WebPage","ItemPage"],"@id":"https:\/\/gohike.lv\/en\/produkts\/lifesystems-550-paracord-virve\/","url":"https:\/\/gohike.lv\/en\/produkts\/lifesystems-550-paracord-virve\/","name":"Lifesystems - 550 Paracord virve - GoHike","isPartOf":{"@id":"https:\/\/gohike.lv\/en\/#website"},"primaryImageOfPage":{"@id":"https:\/\/gohike.lv\/en\/produkts\/lifesystems-550-paracord-virve\/#primaryimage"},"image":{"@id":"https:\/\/gohike.lv\/en\/produkts\/lifesystems-550-paracord-virve\/#primaryimage"},"thumbnailUrl":"https:\/\/gohike.lv\/wp-content\/uploads\/2025\/03\/Paracord550_.webp","datePublished":"2025-03-01T13:43:24+00:00","dateModified":"2025-12-30T14:24:25+00:00","description":"550 Paracord virve \u2014 iztur\u012bgs un uzticams neilona aukla ar slodzes jaudu l\u012bdz 550 m\u0101rci\u0146\u0101m. Ide\u0101ls kempingiem, p\u0101rg\u0101jieniem, izdz\u012bvo\u0161anai un \u0101rk\u0101rtas situ\u0101cij\u0101m.","breadcrumb":{"@id":"https:\/\/gohike.lv\/en\/produkts\/lifesystems-550-paracord-virve\/#breadcrumb"},"inLanguage":"en-US","potentialAction":[{"@type":"ReadAction","target":["https:\/\/gohike.lv\/en\/produkts\/lifesystems-550-paracord-virve\/"]}]},{"@type":"ImageObject","inLanguage":"en-US","@id":"https:\/\/gohike.lv\/en\/produkts\/lifesystems-550-paracord-virve\/#primaryimage","url":"https:\/\/gohike.lv\/wp-content\/uploads\/2025\/03\/Paracord550_.webp","contentUrl":"https:\/\/gohike.lv\/wp-content\/uploads\/2025\/03\/Paracord550_.webp","width":900,"height":900},{"@type":"BreadcrumbList","@id":"https:\/\/gohike.lv\/en\/produkts\/lifesystems-550-paracord-virve\/#breadcrumb","itemListElement":[{"@type":"ListItem","position":1,"name":"Home","item":"https:\/\/gohike.lv\/en\/"},{"@type":"ListItem","position":2,"name":"Product categories","item":"https:\/\/gohike.lv\/en\/product-categories\/"},{"@type":"ListItem","position":3,"name":"Lifesystems &#8211; 550 Paracord virve"}]},{"@type":"WebSite","@id":"https:\/\/gohike.lv\/en\/#website","url":"https:\/\/gohike.lv\/en\/","name":"GoHike","description":"","publisher":{"@id":"https:\/\/gohike.lv\/en\/#organization"},"potentialAction":[{"@type":"SearchAction","target":{"@type":"EntryPoint","urlTemplate":"https:\/\/gohike.lv\/en\/?s={search_term_string}"},"query-input":{"@type":"PropertyValueSpecification","valueRequired":true,"valueName":"search_term_string"}}],"inLanguage":"en-US"},{"@type":"Organization","@id":"https:\/\/gohike.lv\/en\/#organization","name":"GoHike","url":"https:\/\/gohike.lv\/en\/","logo":{"@type":"ImageObject","inLanguage":"en-US","@id":"https:\/\/gohike.lv\/en\/#\/schema\/logo\/image\/","url":"https:\/\/gohike.lv\/wp-content\/uploads\/2023\/08\/Logo_GoHike.webp","contentUrl":"https:\/\/gohike.lv\/wp-content\/uploads\/2023\/08\/Logo_GoHike.webp","width":512,"height":512,"caption":"GoHike"},"image":{"@id":"https:\/\/gohike.lv\/en\/#\/schema\/logo\/image\/"},"sameAs":["https:\/\/www.facebook.com\/gohike.shop\/","https:\/\/www.instagram.com\/gohike.shop\/"]}]}},"jetpack_sharing_enabled":true,"_links":{"self":[{"href":"https:\/\/gohike.lv\/en\/wp-json\/wp\/v2\/product\/69249","targetHints":{"allow":["GET"]}}],"collection":[{"href":"https:\/\/gohike.lv\/en\/wp-json\/wp\/v2\/product"}],"about":[{"href":"https:\/\/gohike.lv\/en\/wp-json\/wp\/v2\/types\/product"}],"version-history":[{"count":0,"href":"https:\/\/gohike.lv\/en\/wp-json\/wp\/v2\/product\/69249\/revisions"}],"wp:featuredmedia":[{"embeddable":true,"href":"https:\/\/gohike.lv\/en\/wp-json\/wp\/v2\/media\/69250"}],"wp:attachment":[{"href":"https:\/\/gohike.lv\/en\/wp-json\/wp\/v2\/media?parent=69249"}],"wp:term":[{"taxonomy":"product_brand","embeddable":true,"href":"https:\/\/gohike.lv\/en\/wp-json\/wp\/v2\/product_brand?post=69249"},{"taxonomy":"product_cat","embeddable":true,"href":"https:\/\/gohike.lv\/en\/wp-json\/wp\/v2\/product_cat?post=69249"},{"taxonomy":"product_tag","embeddable":true,"href":"https:\/\/gohike.lv\/en\/wp-json\/wp\/v2\/product_tag?post=69249"}],"curies":[{"name":"wp","href":"https:\/\/api.w.org\/{rel}","templated":true}]}}