{"id":112812,"date":"2025-08-14T10:56:31","date_gmt":"2025-08-14T07:56:31","guid":{"rendered":"https:\/\/gohike.lv\/produkts\/112812\/"},"modified":"2025-12-30T17:09:50","modified_gmt":"2025-12-30T14:09:50","slug":"112812","status":"publish","type":"product","link":"https:\/\/gohike.lv\/en\/produkts\/112812\/","title":{"rendered":"&#8211;"},"content":{"rendered":"<p>Naturehike p\u012b\u013cu p\u016bka siltuma z\u0101baci\u0146i ir ide\u0101li piem\u0113roti lieto\u0161anai aukst\u0101 laik\u0101 \u2014 kemping\u0101, p\u0101rg\u0101jienos vai ziemas izbraucienos. Tie ir \u0101rk\u0101rt\u012bgi viegli un saloc\u012bt\u0101 veid\u0101 aiz\u0146em minim\u0101lu vietu, viegli ievietojami mugursom\u0101 vai kabat\u0101.<br \/>\nIzgatavoti no iztur\u012bga poliam\u012bda materi\u0101la ar pastiprin\u0101t\u0101m zol\u0113m, kas nodro\u0161ina papildu aizsardz\u012bbu pret nodilumu. Pild\u012bjums \u2014 augstas kvalit\u0101tes p\u012b\u013cu p\u016bka ar lielisku siltumizol\u0101ciju. Aug\u0161\u0113j\u0101 da\u013c\u0101 ir \u0113rts savilc\u0113js ar fiksatoru, kas samazina siltuma zudumu un nodro\u0161ina cie\u0161u piegul\u0161anu pie k\u0101jas.<br \/>\nKomplekt\u0101 ietilpst uzglab\u0101\u0161anas maisi\u0146\u0161 \u0113rtai transport\u0113\u0161anai.<br \/>\nSpecifik\u0101cija:<br \/>\nMateri\u0101ls: poliam\u012bds ar pastiprin\u0101tu zoli<br \/>\nPild\u012bjums: p\u012b\u013cu p\u016bka ar augstu elast\u012bbu<br \/>\nSvars: \u013coti viegls un kompakts<br \/>\nSavilc\u0113js ar fiksatoru siltuma saglab\u0101\u0161anai<br \/>\nIepakojums: p\u0101rn\u0113s\u0101jams maisi\u0146\u0161<\/p>\n","protected":false},"excerpt":{"rendered":"<p>\u041b\u0451\u0433\u043a\u0438\u0435 \u0438 \u0442\u0451\u043f\u043b\u044b\u0435 \u043f\u0443\u0445\u043e\u0432\u044b\u0435 \u0431\u043e\u0442\u0438\u043d\u043a\u0438 \u0441 \u0443\u0442\u0438\u043d\u044b\u043c \u043f\u0443\u0445\u043e\u043c \u0434\u043b\u044f \u0445\u043e\u043b\u043e\u0434\u043d\u044b\u0445 \u0432\u0435\u0447\u0435\u0440\u043e\u0432 \u0438 \u0443\u0442\u0440\u0430. \u041a\u043e\u043c\u043f\u0430\u043a\u0442\u043d\u044b\u0435, \u0441 \u0443\u0441\u0438\u043b\u0435\u043d\u043d\u043e\u0439 \u043f\u043e\u0434\u043e\u0448\u0432\u043e\u0439, \u043f\u043e\u0434\u0445\u043e\u0434\u044f\u0442 \u0434\u043b\u044f \u043a\u0435\u043c\u043f\u0438\u043d\u0433\u0430 \u0438 \u043f\u043e\u0445\u043e\u0434\u043e\u0432.<\/p>\n","protected":false},"featured_media":112077,"template":"","meta":[],"product_brand":[],"product_cat":[3403],"product_tag":[],"class_list":{"0":"post-112812","1":"product","2":"type-product","3":"status-publish","4":"has-post-thumbnail","6":"product_cat-footwear","7":"pa_izmers-m-en","9":"first","10":"outofstock","11":"taxable","12":"shipping-taxable","13":"purchasable","14":"product-type-variable"},"raw_content":{"name":"-","description":"Naturehike p\u012b\u013cu p\u016bka siltuma z\u0101baci\u0146i ir ide\u0101li piem\u0113roti lieto\u0161anai aukst\u0101 laik\u0101 \u2014 kemping\u0101, p\u0101rg\u0101jienos vai ziemas izbraucienos. Tie ir \u0101rk\u0101rt\u012bgi viegli un saloc\u012bt\u0101 veid\u0101 aiz\u0146em minim\u0101lu vietu, viegli ievietojami mugursom\u0101 vai kabat\u0101.\nIzgatavoti no iztur\u012bga poliam\u012bda materi\u0101la ar pastiprin\u0101t\u0101m zol\u0113m, kas nodro\u0161ina papildu aizsardz\u012bbu pret nodilumu. Pild\u012bjums \u2014 augstas kvalit\u0101tes p\u012b\u013cu p\u016bka ar lielisku siltumizol\u0101ciju. Aug\u0161\u0113j\u0101 da\u013c\u0101 ir \u0113rts savilc\u0113js ar fiksatoru, kas samazina siltuma zudumu un nodro\u0161ina cie\u0161u piegul\u0161anu pie k\u0101jas.\nKomplekt\u0101 ietilpst uzglab\u0101\u0161anas maisi\u0146\u0161 \u0113rtai transport\u0113\u0161anai.\nSpecifik\u0101cija:\nMateri\u0101ls: poliam\u012bds ar pastiprin\u0101tu zoli\nPild\u012bjums: p\u012b\u013cu p\u016bka ar augstu elast\u012bbu\nSvars: \u013coti viegls un kompakts\nSavilc\u0113js ar fiksatoru siltuma saglab\u0101\u0161anai\nIepakojums: p\u0101rn\u0113s\u0101jams maisi\u0146\u0161","short_description":"\u041b\u0451\u0433\u043a\u0438\u0435 \u0438 \u0442\u0451\u043f\u043b\u044b\u0435 \u043f\u0443\u0445\u043e\u0432\u044b\u0435 \u0431\u043e\u0442\u0438\u043d\u043a\u0438 \u0441 \u0443\u0442\u0438\u043d\u044b\u043c \u043f\u0443\u0445\u043e\u043c \u0434\u043b\u044f \u0445\u043e\u043b\u043e\u0434\u043d\u044b\u0445 \u0432\u0435\u0447\u0435\u0440\u043e\u0432 \u0438 \u0443\u0442\u0440\u0430. \u041a\u043e\u043c\u043f\u0430\u043a\u0442\u043d\u044b\u0435, \u0441 \u0443\u0441\u0438\u043b\u0435\u043d\u043d\u043e\u0439 \u043f\u043e\u0434\u043e\u0448\u0432\u043e\u0439, \u043f\u043e\u0434\u0445\u043e\u0434\u044f\u0442 \u0434\u043b\u044f \u043a\u0435\u043c\u043f\u0438\u043d\u0433\u0430 \u0438 \u043f\u043e\u0445\u043e\u0434\u043e\u0432.","status":"publish","sku":"00f89dc8d14d","original":112812},"wpml":{"translation_type":0,"has_translations":false,"original":112812,"duplicates":[],"translations":{"lv":112812,"en":null,"ru":null}},"supplier_id":null,"supplier_sku":"","barcode":null,"atum_controlled":true,"out_stock_date":"2025-08-14 10:56:33","out_stock_threshold":null,"inheritable":false,"inbound_stock":null,"stock_on_hold":0,"sold_today":0,"sales_last_days":0,"reserved_stock":null,"customer_returns":null,"warehouse_damage":null,"lost_in_post":null,"other_logs":null,"out_stock_days":91,"lost_sales":0,"has_location":null,"update_date":"2025-12-30T14:10:24","atum_locations":[],"atum_stock_status":"outofstock","restock_status":false,"low_stock_amount":"","sales_update_date":"2025-11-13T14:07:39","calc_backorders":null,"yoast_head":"<!-- This site is optimized with the Yoast SEO plugin v27.3 - https:\/\/yoast.com\/product\/yoast-seo-wordpress\/ -->\n<title>- P\u012b\u013cu p\u016bka siltuma z\u0101baci\u0146i<\/title>\n<meta name=\"description\" content=\"\u041b\u0451\u0433\u043a\u0438\u0435 \u0438 \u0442\u0451\u043f\u043b\u044b\u0435 \u043f\u0443\u0445\u043e\u0432\u044b\u0435 \u0431\u043e\u0442\u0438\u043d\u043a\u0438 \u0441 \u0443\u0442\u0438\u043d\u044b\u043c \u043f\u0443\u0445\u043e\u043c \u0434\u043b\u044f \u0445\u043e\u043b\u043e\u0434\u043d\u044b\u0445 \u0432\u0435\u0447\u0435\u0440\u043e\u0432 \u0438 \u0443\u0442\u0440\u0430. \u041a\u043e\u043c\u043f\u0430\u043a\u0442\u043d\u044b\u0435, \u0441 \u0443\u0441\u0438\u043b\u0435\u043d\u043d\u043e\u0439 \u043f\u043e\u0434\u043e\u0448\u0432\u043e\u0439, \u043f\u043e\u0434\u0445\u043e\u0434\u044f\u0442 \u0434\u043b\u044f \u043a\u0435\u043c\u043f\u0438\u043d\u0433\u0430 \u0438 \u043f\u043e\u0445\u043e\u0434\u043e\u0432.\" \/>\n<meta name=\"robots\" content=\"index, follow, max-snippet:-1, max-image-preview:large, max-video-preview:-1\" \/>\n<link rel=\"canonical\" href=\"https:\/\/gohike.lv\/en\/produkts\/112812\/\" \/>\n<meta property=\"og:locale\" content=\"en_US\" \/>\n<meta property=\"og:type\" content=\"article\" \/>\n<meta property=\"og:title\" content=\"- P\u012b\u013cu p\u016bka siltuma z\u0101baci\u0146i\" \/>\n<meta property=\"og:description\" content=\"\u041b\u0451\u0433\u043a\u0438\u0435 \u0438 \u0442\u0451\u043f\u043b\u044b\u0435 \u043f\u0443\u0445\u043e\u0432\u044b\u0435 \u0431\u043e\u0442\u0438\u043d\u043a\u0438 \u0441 \u0443\u0442\u0438\u043d\u044b\u043c \u043f\u0443\u0445\u043e\u043c \u0434\u043b\u044f \u0445\u043e\u043b\u043e\u0434\u043d\u044b\u0445 \u0432\u0435\u0447\u0435\u0440\u043e\u0432 \u0438 \u0443\u0442\u0440\u0430. \u041a\u043e\u043c\u043f\u0430\u043a\u0442\u043d\u044b\u0435, \u0441 \u0443\u0441\u0438\u043b\u0435\u043d\u043d\u043e\u0439 \u043f\u043e\u0434\u043e\u0448\u0432\u043e\u0439, \u043f\u043e\u0434\u0445\u043e\u0434\u044f\u0442 \u0434\u043b\u044f \u043a\u0435\u043c\u043f\u0438\u043d\u0433\u0430 \u0438 \u043f\u043e\u0445\u043e\u0434\u043e\u0432.\" \/>\n<meta property=\"og:url\" content=\"https:\/\/gohike.lv\/en\/produkts\/112812\/\" \/>\n<meta property=\"og:site_name\" content=\"GoHike\" \/>\n<meta property=\"article:publisher\" content=\"https:\/\/www.facebook.com\/gohike.shop\/\" \/>\n<meta property=\"article:modified_time\" content=\"2025-12-30T14:09:50+00:00\" \/>\n<meta property=\"og:image\" content=\"https:\/\/gohike.lv\/wp-content\/uploads\/2025\/08\/DownFoot_.webp\" \/>\n\t<meta property=\"og:image:width\" content=\"626\" \/>\n\t<meta property=\"og:image:height\" content=\"650\" \/>\n\t<meta property=\"og:image:type\" content=\"image\/webp\" \/>\n<meta name=\"twitter:card\" content=\"summary_large_image\" \/>\n<meta name=\"twitter:title\" content=\"- P\u012b\u013cu p\u016bka siltuma z\u0101baci\u0146i\" \/>\n<meta name=\"twitter:label1\" content=\"Est. reading time\" \/>\n\t<meta name=\"twitter:data1\" content=\"1 minute\" \/>\n<script type=\"application\/ld+json\" class=\"yoast-schema-graph\">{\"@context\":\"https:\\\/\\\/schema.org\",\"@graph\":[{\"@type\":[\"WebPage\",\"ItemPage\"],\"@id\":\"https:\\\/\\\/gohike.lv\\\/en\\\/produkts\\\/112812\\\/\",\"url\":\"https:\\\/\\\/gohike.lv\\\/en\\\/produkts\\\/112812\\\/\",\"name\":\"- P\u012b\u013cu p\u016bka siltuma z\u0101baci\u0146i\",\"isPartOf\":{\"@id\":\"https:\\\/\\\/gohike.lv\\\/en\\\/#website\"},\"primaryImageOfPage\":{\"@id\":\"https:\\\/\\\/gohike.lv\\\/en\\\/produkts\\\/112812\\\/#primaryimage\"},\"image\":{\"@id\":\"https:\\\/\\\/gohike.lv\\\/en\\\/produkts\\\/112812\\\/#primaryimage\"},\"thumbnailUrl\":\"https:\\\/\\\/gohike.lv\\\/wp-content\\\/uploads\\\/2025\\\/08\\\/DownFoot_.webp\",\"datePublished\":\"2025-08-14T07:56:31+00:00\",\"dateModified\":\"2025-12-30T14:09:50+00:00\",\"description\":\"\u041b\u0451\u0433\u043a\u0438\u0435 \u0438 \u0442\u0451\u043f\u043b\u044b\u0435 \u043f\u0443\u0445\u043e\u0432\u044b\u0435 \u0431\u043e\u0442\u0438\u043d\u043a\u0438 \u0441 \u0443\u0442\u0438\u043d\u044b\u043c \u043f\u0443\u0445\u043e\u043c \u0434\u043b\u044f \u0445\u043e\u043b\u043e\u0434\u043d\u044b\u0445 \u0432\u0435\u0447\u0435\u0440\u043e\u0432 \u0438 \u0443\u0442\u0440\u0430. \u041a\u043e\u043c\u043f\u0430\u043a\u0442\u043d\u044b\u0435, \u0441 \u0443\u0441\u0438\u043b\u0435\u043d\u043d\u043e\u0439 \u043f\u043e\u0434\u043e\u0448\u0432\u043e\u0439, \u043f\u043e\u0434\u0445\u043e\u0434\u044f\u0442 \u0434\u043b\u044f \u043a\u0435\u043c\u043f\u0438\u043d\u0433\u0430 \u0438 \u043f\u043e\u0445\u043e\u0434\u043e\u0432.\",\"breadcrumb\":{\"@id\":\"https:\\\/\\\/gohike.lv\\\/en\\\/produkts\\\/112812\\\/#breadcrumb\"},\"inLanguage\":\"en-US\",\"potentialAction\":[{\"@type\":\"ReadAction\",\"target\":[\"https:\\\/\\\/gohike.lv\\\/en\\\/produkts\\\/112812\\\/\"]}]},{\"@type\":\"ImageObject\",\"inLanguage\":\"en-US\",\"@id\":\"https:\\\/\\\/gohike.lv\\\/en\\\/produkts\\\/112812\\\/#primaryimage\",\"url\":\"https:\\\/\\\/gohike.lv\\\/wp-content\\\/uploads\\\/2025\\\/08\\\/DownFoot_.webp\",\"contentUrl\":\"https:\\\/\\\/gohike.lv\\\/wp-content\\\/uploads\\\/2025\\\/08\\\/DownFoot_.webp\",\"width\":626,\"height\":650},{\"@type\":\"BreadcrumbList\",\"@id\":\"https:\\\/\\\/gohike.lv\\\/en\\\/produkts\\\/112812\\\/#breadcrumb\",\"itemListElement\":[{\"@type\":\"ListItem\",\"position\":1,\"name\":\"Home\",\"item\":\"https:\\\/\\\/gohike.lv\\\/en\\\/\"},{\"@type\":\"ListItem\",\"position\":2,\"name\":\"Product categories\",\"item\":\"https:\\\/\\\/gohike.lv\\\/en\\\/product-categories\\\/\"},{\"@type\":\"ListItem\",\"position\":3,\"name\":\"&#8211;\"}]},{\"@type\":\"WebSite\",\"@id\":\"https:\\\/\\\/gohike.lv\\\/en\\\/#website\",\"url\":\"https:\\\/\\\/gohike.lv\\\/en\\\/\",\"name\":\"GoHike\",\"description\":\"\",\"publisher\":{\"@id\":\"https:\\\/\\\/gohike.lv\\\/en\\\/#organization\"},\"potentialAction\":[{\"@type\":\"SearchAction\",\"target\":{\"@type\":\"EntryPoint\",\"urlTemplate\":\"https:\\\/\\\/gohike.lv\\\/en\\\/?s={search_term_string}\"},\"query-input\":{\"@type\":\"PropertyValueSpecification\",\"valueRequired\":true,\"valueName\":\"search_term_string\"}}],\"inLanguage\":\"en-US\"},{\"@type\":\"Organization\",\"@id\":\"https:\\\/\\\/gohike.lv\\\/en\\\/#organization\",\"name\":\"GoHike\",\"url\":\"https:\\\/\\\/gohike.lv\\\/en\\\/\",\"logo\":{\"@type\":\"ImageObject\",\"inLanguage\":\"en-US\",\"@id\":\"https:\\\/\\\/gohike.lv\\\/en\\\/#\\\/schema\\\/logo\\\/image\\\/\",\"url\":\"https:\\\/\\\/gohike.lv\\\/wp-content\\\/uploads\\\/2023\\\/08\\\/Logo_GoHike.webp\",\"contentUrl\":\"https:\\\/\\\/gohike.lv\\\/wp-content\\\/uploads\\\/2023\\\/08\\\/Logo_GoHike.webp\",\"width\":512,\"height\":512,\"caption\":\"GoHike\"},\"image\":{\"@id\":\"https:\\\/\\\/gohike.lv\\\/en\\\/#\\\/schema\\\/logo\\\/image\\\/\"},\"sameAs\":[\"https:\\\/\\\/www.facebook.com\\\/gohike.shop\\\/\",\"https:\\\/\\\/www.instagram.com\\\/gohike.shop\\\/\"]}]}<\/script>\n<!-- \/ Yoast SEO plugin. -->","yoast_head_json":{"title":"- P\u012b\u013cu p\u016bka siltuma z\u0101baci\u0146i","description":"\u041b\u0451\u0433\u043a\u0438\u0435 \u0438 \u0442\u0451\u043f\u043b\u044b\u0435 \u043f\u0443\u0445\u043e\u0432\u044b\u0435 \u0431\u043e\u0442\u0438\u043d\u043a\u0438 \u0441 \u0443\u0442\u0438\u043d\u044b\u043c \u043f\u0443\u0445\u043e\u043c \u0434\u043b\u044f \u0445\u043e\u043b\u043e\u0434\u043d\u044b\u0445 \u0432\u0435\u0447\u0435\u0440\u043e\u0432 \u0438 \u0443\u0442\u0440\u0430. \u041a\u043e\u043c\u043f\u0430\u043a\u0442\u043d\u044b\u0435, \u0441 \u0443\u0441\u0438\u043b\u0435\u043d\u043d\u043e\u0439 \u043f\u043e\u0434\u043e\u0448\u0432\u043e\u0439, \u043f\u043e\u0434\u0445\u043e\u0434\u044f\u0442 \u0434\u043b\u044f \u043a\u0435\u043c\u043f\u0438\u043d\u0433\u0430 \u0438 \u043f\u043e\u0445\u043e\u0434\u043e\u0432.","robots":{"index":"index","follow":"follow","max-snippet":"max-snippet:-1","max-image-preview":"max-image-preview:large","max-video-preview":"max-video-preview:-1"},"canonical":"https:\/\/gohike.lv\/en\/produkts\/112812\/","og_locale":"en_US","og_type":"article","og_title":"- P\u012b\u013cu p\u016bka siltuma z\u0101baci\u0146i","og_description":"\u041b\u0451\u0433\u043a\u0438\u0435 \u0438 \u0442\u0451\u043f\u043b\u044b\u0435 \u043f\u0443\u0445\u043e\u0432\u044b\u0435 \u0431\u043e\u0442\u0438\u043d\u043a\u0438 \u0441 \u0443\u0442\u0438\u043d\u044b\u043c \u043f\u0443\u0445\u043e\u043c \u0434\u043b\u044f \u0445\u043e\u043b\u043e\u0434\u043d\u044b\u0445 \u0432\u0435\u0447\u0435\u0440\u043e\u0432 \u0438 \u0443\u0442\u0440\u0430. \u041a\u043e\u043c\u043f\u0430\u043a\u0442\u043d\u044b\u0435, \u0441 \u0443\u0441\u0438\u043b\u0435\u043d\u043d\u043e\u0439 \u043f\u043e\u0434\u043e\u0448\u0432\u043e\u0439, \u043f\u043e\u0434\u0445\u043e\u0434\u044f\u0442 \u0434\u043b\u044f \u043a\u0435\u043c\u043f\u0438\u043d\u0433\u0430 \u0438 \u043f\u043e\u0445\u043e\u0434\u043e\u0432.","og_url":"https:\/\/gohike.lv\/en\/produkts\/112812\/","og_site_name":"GoHike","article_publisher":"https:\/\/www.facebook.com\/gohike.shop\/","article_modified_time":"2025-12-30T14:09:50+00:00","og_image":[{"width":626,"height":650,"url":"https:\/\/gohike.lv\/wp-content\/uploads\/2025\/08\/DownFoot_.webp","type":"image\/webp"}],"twitter_card":"summary_large_image","twitter_title":"- P\u012b\u013cu p\u016bka siltuma z\u0101baci\u0146i","twitter_misc":{"Est. reading time":"1 minute"},"schema":{"@context":"https:\/\/schema.org","@graph":[{"@type":["WebPage","ItemPage"],"@id":"https:\/\/gohike.lv\/en\/produkts\/112812\/","url":"https:\/\/gohike.lv\/en\/produkts\/112812\/","name":"- P\u012b\u013cu p\u016bka siltuma z\u0101baci\u0146i","isPartOf":{"@id":"https:\/\/gohike.lv\/en\/#website"},"primaryImageOfPage":{"@id":"https:\/\/gohike.lv\/en\/produkts\/112812\/#primaryimage"},"image":{"@id":"https:\/\/gohike.lv\/en\/produkts\/112812\/#primaryimage"},"thumbnailUrl":"https:\/\/gohike.lv\/wp-content\/uploads\/2025\/08\/DownFoot_.webp","datePublished":"2025-08-14T07:56:31+00:00","dateModified":"2025-12-30T14:09:50+00:00","description":"\u041b\u0451\u0433\u043a\u0438\u0435 \u0438 \u0442\u0451\u043f\u043b\u044b\u0435 \u043f\u0443\u0445\u043e\u0432\u044b\u0435 \u0431\u043e\u0442\u0438\u043d\u043a\u0438 \u0441 \u0443\u0442\u0438\u043d\u044b\u043c \u043f\u0443\u0445\u043e\u043c \u0434\u043b\u044f \u0445\u043e\u043b\u043e\u0434\u043d\u044b\u0445 \u0432\u0435\u0447\u0435\u0440\u043e\u0432 \u0438 \u0443\u0442\u0440\u0430. \u041a\u043e\u043c\u043f\u0430\u043a\u0442\u043d\u044b\u0435, \u0441 \u0443\u0441\u0438\u043b\u0435\u043d\u043d\u043e\u0439 \u043f\u043e\u0434\u043e\u0448\u0432\u043e\u0439, \u043f\u043e\u0434\u0445\u043e\u0434\u044f\u0442 \u0434\u043b\u044f \u043a\u0435\u043c\u043f\u0438\u043d\u0433\u0430 \u0438 \u043f\u043e\u0445\u043e\u0434\u043e\u0432.","breadcrumb":{"@id":"https:\/\/gohike.lv\/en\/produkts\/112812\/#breadcrumb"},"inLanguage":"en-US","potentialAction":[{"@type":"ReadAction","target":["https:\/\/gohike.lv\/en\/produkts\/112812\/"]}]},{"@type":"ImageObject","inLanguage":"en-US","@id":"https:\/\/gohike.lv\/en\/produkts\/112812\/#primaryimage","url":"https:\/\/gohike.lv\/wp-content\/uploads\/2025\/08\/DownFoot_.webp","contentUrl":"https:\/\/gohike.lv\/wp-content\/uploads\/2025\/08\/DownFoot_.webp","width":626,"height":650},{"@type":"BreadcrumbList","@id":"https:\/\/gohike.lv\/en\/produkts\/112812\/#breadcrumb","itemListElement":[{"@type":"ListItem","position":1,"name":"Home","item":"https:\/\/gohike.lv\/en\/"},{"@type":"ListItem","position":2,"name":"Product categories","item":"https:\/\/gohike.lv\/en\/product-categories\/"},{"@type":"ListItem","position":3,"name":"&#8211;"}]},{"@type":"WebSite","@id":"https:\/\/gohike.lv\/en\/#website","url":"https:\/\/gohike.lv\/en\/","name":"GoHike","description":"","publisher":{"@id":"https:\/\/gohike.lv\/en\/#organization"},"potentialAction":[{"@type":"SearchAction","target":{"@type":"EntryPoint","urlTemplate":"https:\/\/gohike.lv\/en\/?s={search_term_string}"},"query-input":{"@type":"PropertyValueSpecification","valueRequired":true,"valueName":"search_term_string"}}],"inLanguage":"en-US"},{"@type":"Organization","@id":"https:\/\/gohike.lv\/en\/#organization","name":"GoHike","url":"https:\/\/gohike.lv\/en\/","logo":{"@type":"ImageObject","inLanguage":"en-US","@id":"https:\/\/gohike.lv\/en\/#\/schema\/logo\/image\/","url":"https:\/\/gohike.lv\/wp-content\/uploads\/2023\/08\/Logo_GoHike.webp","contentUrl":"https:\/\/gohike.lv\/wp-content\/uploads\/2023\/08\/Logo_GoHike.webp","width":512,"height":512,"caption":"GoHike"},"image":{"@id":"https:\/\/gohike.lv\/en\/#\/schema\/logo\/image\/"},"sameAs":["https:\/\/www.facebook.com\/gohike.shop\/","https:\/\/www.instagram.com\/gohike.shop\/"]}]}},"jetpack_sharing_enabled":true,"_links":{"self":[{"href":"https:\/\/gohike.lv\/en\/wp-json\/wp\/v2\/product\/112812","targetHints":{"allow":["GET"]}}],"collection":[{"href":"https:\/\/gohike.lv\/en\/wp-json\/wp\/v2\/product"}],"about":[{"href":"https:\/\/gohike.lv\/en\/wp-json\/wp\/v2\/types\/product"}],"version-history":[{"count":0,"href":"https:\/\/gohike.lv\/en\/wp-json\/wp\/v2\/product\/112812\/revisions"}],"wp:featuredmedia":[{"embeddable":true,"href":"https:\/\/gohike.lv\/en\/wp-json\/wp\/v2\/media\/112077"}],"wp:attachment":[{"href":"https:\/\/gohike.lv\/en\/wp-json\/wp\/v2\/media?parent=112812"}],"wp:term":[{"taxonomy":"product_brand","embeddable":true,"href":"https:\/\/gohike.lv\/en\/wp-json\/wp\/v2\/product_brand?post=112812"},{"taxonomy":"product_cat","embeddable":true,"href":"https:\/\/gohike.lv\/en\/wp-json\/wp\/v2\/product_cat?post=112812"},{"taxonomy":"product_tag","embeddable":true,"href":"https:\/\/gohike.lv\/en\/wp-json\/wp\/v2\/product_tag?post=112812"}],"curies":[{"name":"wp","href":"https:\/\/api.w.org\/{rel}","templated":true}]}}