{"id":104237,"date":"2025-07-05T16:37:39","date_gmt":"2025-07-05T13:37:39","guid":{"rendered":"https:\/\/gohike.lv\/produkts\/gregory-focal-48-hiking-backpack\/"},"modified":"2025-12-30T17:30:18","modified_gmt":"2025-12-30T14:30:18","slug":"gregory-focal-48-hiking-backpack","status":"publish","type":"product","link":"https:\/\/gohike.lv\/en\/produkts\/gregory-focal-48-hiking-backpack\/","title":{"rendered":"Gregory &#8211; Focal 48 Hiking Backpack"},"content":{"rendered":"<p data-start=\"191\" data-end=\"367\"><span class=\"relative -mx-px my-[-0.2rem] rounded px-px py-[0.2rem] transition-colors duration-100 ease-in-out\">Focal 48 provides dynamic comfort thanks to the Gregory FreeFloat hipbelt system and fully ventilated mesh panel that adapts to body movements<\/span><span class=\"\" data-state=\"closed\"><span class=\"ms-1 inline-flex max-w-full items-center relative top-[-0.094rem] animate-[show_150ms_ease-in]\"><a class=\"flex h-4.5 overflow-hidden rounded-xl px-2 text-[9px] font-medium text-token-text-secondary! bg-[#F4F4F4]! dark:bg-[#303030]! transition-colors duration-150 ease-in-out\" href=\"https:\/\/www.gregory.com\/packs\/backpacking\/focal-48\/141FOC48.html?srsltid=AfmBOoqGVLaQNUIfCdMLNPiCJTqtjfLzVuX3P6qxV0fDvDFSjItFuRLG&amp;utm_source=chatgpt.com\" target=\"_blank\" rel=\"noopener\"><span class=\"relative start-0 bottom-0 flex h-full w-full items-center\"><span class=\"flex h-4 w-full items-center justify-between absolute\"><span class=\"max-w-full grow truncate overflow-hidden text-center\">r<\/span><\/span><\/span><\/a><\/span><\/span>. <span class=\"relative -mx-px my-[-0.2rem] rounded px-px py-[0.2rem] transition-colors duration-100 ease-in-out\">The frame wraps around the pack with an aluminum and fiberglass construction, ensuring high stability while maintaining comfort<\/span>.<\/p>\n<p data-start=\"369\" data-end=\"520\"><span class=\"relative -mx-px my-[-0.2rem] rounded px-px py-[0.2rem] transition-colors duration-100 ease-in-out\">Polygiene\u00ae coating reduces unpleasant odor formation during extended hiking nights<\/span>. <span class=\"relative -mx-px my-[-0.2rem] rounded px-px py-[0.2rem] transition-colors duration-100 ease-in-out\">Spacious zip pockets in the hip belt area, front and side stretch pockets, SpeedClip hydration system compartment and quick-access rain cover provide a well-organized, ergonomic and adaptable solution for long journeys<\/span>.<\/p>\n<p data-start=\"522\" data-end=\"759\"><strong data-start=\"522\" data-end=\"549\">Key benefits:<\/strong><br data-start=\"549\" data-end=\"552\"><span class=\"relative -mx-px my-[-0.2rem] rounded px-px py-[0.2rem] transition-colors duration-100 ease-in-out\">\u2714 FreeFloat ventilated hipbelt and fully breathable back panel<\/span><br data-start=\"591\" data-end=\"594\"><span class=\"relative -mx-px my-[-0.2rem] rounded px-px py-[0.2rem] transition-colors duration-100 ease-in-out\">\u2714 Polygiene\u00ae odor control \u2013 long-lasting freshness<\/span><br data-start=\"633\" data-end=\"636\"><span class=\"relative -mx-px my-[-0.2rem] rounded px-px py-[0.2rem] transition-colors duration-100 ease-in-out\">\u2714 Enormous hip belt pockets \u2013 quick access to small essentials<\/span><br data-start=\"675\" data-end=\"678\"><span class=\"relative -mx-px my-[-0.2rem] rounded px-px py-[0.2rem] transition-colors duration-100 ease-in-out\">\u2714 Aluminum frame \u2013 lightweight, stable and durable<\/span><br data-start=\"717\" data-end=\"720\"><span class=\"relative -mx-px my-[-0.2rem] rounded px-px py-[0.2rem] transition-colors duration-100 ease-in-out\">\u2714 Organized compartments and hydration system capability<\/span><\/p>\n<p data-start=\"761\" data-end=\"782\"><strong data-start=\"761\" data-end=\"780\">Technical data:<\/strong><\/p>\n<p>&nbsp;<\/p>\n<ul data-start=\"783\" data-end=\"1328\">\n<li data-start=\"783\" data-end=\"866\">\n<pre data-start=\"785\" data-end=\"866\"><span class=\"relative -mx-px my-[-0.2rem] rounded px-px py-[0.2rem] transition-colors duration-100 ease-in-out\">Izm\u0113ri: 79\u202f\u00d7\u202f36\u202f\u00d7\u202f31\u202fcm<\/span><\/pre>\n<\/li>\n<li data-start=\"867\" data-end=\"950\">\n<pre data-start=\"869\" data-end=\"950\"><span class=\"relative -mx-px my-[-0.2rem] rounded px-px py-[0.2rem] transition-colors duration-100 ease-in-out\">Svars: 1,25\u202fkg<\/span><\/pre>\n<\/li>\n<li data-start=\"951\" data-end=\"1034\">\n<pre data-start=\"953\" data-end=\"1034\"><span class=\"relative -mx-px my-[-0.2rem] rounded px-px py-[0.2rem] transition-colors duration-100 ease-in-out\">Tilpums: 48\u202fL (m\u0113r\u012bts M\/L: 52\u202fL)<\/span><\/pre>\n<\/li>\n<li data-start=\"1035\" data-end=\"1118\">\n<pre data-start=\"1037\" data-end=\"1118\"><span class=\"relative -mx-px my-[-0.2rem] rounded px-px py-[0.2rem] transition-colors duration-100 ease-in-out\">Maks. slodze: 14\u202fkg (30\u202flb)<\/span><\/pre>\n<\/li>\n<li data-start=\"1119\" data-end=\"1202\">\n<pre data-start=\"1121\" data-end=\"1202\"><span class=\"relative -mx-px my-[-0.2rem] rounded px-px py-[0.2rem] transition-colors duration-100 ease-in-out\">R\u0101mis: alum\u012bnija + fiberglasa konstrukcija + HDPE<\/span><\/pre>\n<\/li>\n<li data-start=\"1203\" data-end=\"1286\">\n<pre data-start=\"1205\" data-end=\"1286\"><span class=\"relative -mx-px my-[-0.2rem] rounded px-px py-[0.2rem] transition-colors duration-100 ease-in-out\">Materi\u0101li: 100D + 210D p\u0101rstr\u0101d\u0101ts neilons ar PFAS-bez DWR<\/span><\/pre>\n<\/li>\n<li data-start=\"1287\" data-end=\"1328\">\n<pre data-start=\"1289\" data-end=\"1328\"><span class=\"relative -mx-px my-[-0.2rem] rounded px-px py-[0.2rem] transition-colors duration-100 ease-in-out\">Kr\u0101sa: Ozone Black<\/span><\/pre>\n<\/li>\n<\/ul>\n","protected":false},"excerpt":{"rendered":"<p data-start=\"191\" data-end=\"367\">\n<p data-start=\"126\" data-end=\"189\"><span class=\"relative -mx-px my-[-0.2rem] rounded px-px py-[0.2rem] transition-colors duration-100 ease-in-out\">Lightweight (1.25 kg) 48L ventilated backpack with FreeFloat hipbelt system, Polygiene\u00ae antibacterial panel, aluminum frame and enormous hip belt pockets \u2013 a comfortable ally for long hikes.<\/span><\/p>\n","protected":false},"featured_media":104156,"template":"","meta":[],"product_brand":[10711],"product_cat":[658],"product_tag":[],"class_list":{"0":"post-104237","1":"product","2":"type-product","3":"status-publish","4":"has-post-thumbnail","6":"product_brand-gregory-en","7":"product_cat-backpacks","8":"pa_izturiba-14kg-en","9":"pa_materiali-100d-210d-recycled-nylon-with-pfas-free-dwr","10":"pa_produkta-tips-hiking-backpacks","12":"first","13":"outofstock","14":"taxable","15":"shipping-taxable","16":"purchasable","17":"product-type-variable"},"raw_content":{"name":"Gregory - Focal 48 Hiking Backpack","description":"<p data-start=\"191\" data-end=\"367\"><span class=\"relative -mx-px my-[-0.2rem] rounded px-px py-[0.2rem] transition-colors duration-100 ease-in-out\">Focal 48 provides dynamic comfort thanks to the Gregory FreeFloat hipbelt system and fully ventilated mesh panel that adapts to body movements<\/span><span class=\"\" data-state=\"closed\"><span class=\"ms-1 inline-flex max-w-full items-center relative top-[-0.094rem] animate-[show_150ms_ease-in]\"><a class=\"flex h-4.5 overflow-hidden rounded-xl px-2 text-[9px] font-medium text-token-text-secondary! bg-[#F4F4F4]! dark:bg-[#303030]! transition-colors duration-150 ease-in-out\" href=\"https:\/\/www.gregory.com\/packs\/backpacking\/focal-48\/141FOC48.html?srsltid=AfmBOoqGVLaQNUIfCdMLNPiCJTqtjfLzVuX3P6qxV0fDvDFSjItFuRLG&amp;utm_source=chatgpt.com\" target=\"_blank\" rel=\"noopener\"><span class=\"relative start-0 bottom-0 flex h-full w-full items-center\"><span class=\"flex h-4 w-full items-center justify-between absolute\"><span class=\"max-w-full grow truncate overflow-hidden text-center\">r<\/span><\/span><\/span><\/a><\/span><\/span>. <span class=\"relative -mx-px my-[-0.2rem] rounded px-px py-[0.2rem] transition-colors duration-100 ease-in-out\">The frame wraps around the pack with an aluminum and fiberglass construction, ensuring high stability while maintaining comfort<\/span>.<\/p>\n<p data-start=\"369\" data-end=\"520\"><span class=\"relative -mx-px my-[-0.2rem] rounded px-px py-[0.2rem] transition-colors duration-100 ease-in-out\">Polygiene\u00ae coating reduces unpleasant odor formation during extended hiking nights<\/span>. <span class=\"relative -mx-px my-[-0.2rem] rounded px-px py-[0.2rem] transition-colors duration-100 ease-in-out\">Spacious zip pockets in the hip belt area, front and side stretch pockets, SpeedClip hydration system compartment and quick-access rain cover provide a well-organized, ergonomic and adaptable solution for long journeys<\/span>.<\/p>\n<p data-start=\"522\" data-end=\"759\"><strong data-start=\"522\" data-end=\"549\">Key benefits:<\/strong><br data-start=\"549\" data-end=\"552\"><span class=\"relative -mx-px my-[-0.2rem] rounded px-px py-[0.2rem] transition-colors duration-100 ease-in-out\">\u2714 FreeFloat ventilated hipbelt and fully breathable back panel<\/span><br data-start=\"591\" data-end=\"594\"><span class=\"relative -mx-px my-[-0.2rem] rounded px-px py-[0.2rem] transition-colors duration-100 ease-in-out\">\u2714 Polygiene\u00ae odor control \u2013 long-lasting freshness<\/span><br data-start=\"633\" data-end=\"636\"><span class=\"relative -mx-px my-[-0.2rem] rounded px-px py-[0.2rem] transition-colors duration-100 ease-in-out\">\u2714 Enormous hip belt pockets \u2013 quick access to small essentials<\/span><br data-start=\"675\" data-end=\"678\"><span class=\"relative -mx-px my-[-0.2rem] rounded px-px py-[0.2rem] transition-colors duration-100 ease-in-out\">\u2714 Aluminum frame \u2013 lightweight, stable and durable<\/span><br data-start=\"717\" data-end=\"720\"><span class=\"relative -mx-px my-[-0.2rem] rounded px-px py-[0.2rem] transition-colors duration-100 ease-in-out\">\u2714 Organized compartments and hydration system capability<\/span><\/p>\n<p data-start=\"761\" data-end=\"782\"><strong data-start=\"761\" data-end=\"780\">Technical data:<\/strong><\/p>\n&nbsp;\n<ul data-start=\"783\" data-end=\"1328\">\n \t<li data-start=\"783\" data-end=\"866\">\n<pre data-start=\"785\" data-end=\"866\"><span class=\"relative -mx-px my-[-0.2rem] rounded px-px py-[0.2rem] transition-colors duration-100 ease-in-out\">Izm\u0113ri: 79\u202f\u00d7\u202f36\u202f\u00d7\u202f31\u202fcm<\/span><\/pre>\n<\/li>\n \t<li data-start=\"867\" data-end=\"950\">\n<pre data-start=\"869\" data-end=\"950\"><span class=\"relative -mx-px my-[-0.2rem] rounded px-px py-[0.2rem] transition-colors duration-100 ease-in-out\">Svars: 1,25\u202fkg<\/span><\/pre>\n<\/li>\n \t<li data-start=\"951\" data-end=\"1034\">\n<pre data-start=\"953\" data-end=\"1034\"><span class=\"relative -mx-px my-[-0.2rem] rounded px-px py-[0.2rem] transition-colors duration-100 ease-in-out\">Tilpums: 48\u202fL (m\u0113r\u012bts M\/L: 52\u202fL)<\/span><\/pre>\n<\/li>\n \t<li data-start=\"1035\" data-end=\"1118\">\n<pre data-start=\"1037\" data-end=\"1118\"><span class=\"relative -mx-px my-[-0.2rem] rounded px-px py-[0.2rem] transition-colors duration-100 ease-in-out\">Maks. slodze: 14\u202fkg (30\u202flb)<\/span><\/pre>\n<\/li>\n \t<li data-start=\"1119\" data-end=\"1202\">\n<pre data-start=\"1121\" data-end=\"1202\"><span class=\"relative -mx-px my-[-0.2rem] rounded px-px py-[0.2rem] transition-colors duration-100 ease-in-out\">R\u0101mis: alum\u012bnija + fiberglasa konstrukcija + HDPE<\/span><\/pre>\n<\/li>\n \t<li data-start=\"1203\" data-end=\"1286\">\n<pre data-start=\"1205\" data-end=\"1286\"><span class=\"relative -mx-px my-[-0.2rem] rounded px-px py-[0.2rem] transition-colors duration-100 ease-in-out\">Materi\u0101li: 100D + 210D p\u0101rstr\u0101d\u0101ts neilons ar PFAS-bez DWR<\/span><\/pre>\n<\/li>\n \t<li data-start=\"1287\" data-end=\"1328\">\n<pre data-start=\"1289\" data-end=\"1328\"><span class=\"relative -mx-px my-[-0.2rem] rounded px-px py-[0.2rem] transition-colors duration-100 ease-in-out\">Kr\u0101sa: Ozone Black<\/span><\/pre>\n<\/li>\n<\/ul>","short_description":"<p data-start=\"191\" data-end=\"367\"><\/p>\n<p data-start=\"126\" data-end=\"189\"><span class=\"relative -mx-px my-[-0.2rem] rounded px-px py-[0.2rem] transition-colors duration-100 ease-in-out\">Lightweight (1.25 kg) 48L ventilated backpack with FreeFloat hipbelt system, Polygiene\u00ae antibacterial panel, aluminum frame and enormous hip belt pockets \u2013 a comfortable ally for long hikes.<\/span><\/p>","status":"publish","sku":"greg6568","original":104154},"wpml":{"translation_type":1,"has_translations":true,"original":104154,"duplicates":[],"translations":{"lv":104154,"en":104237,"ru":104242}},"supplier_id":null,"supplier_sku":"","barcode":null,"atum_controlled":true,"out_stock_date":null,"out_stock_threshold":null,"inheritable":true,"inbound_stock":0,"stock_on_hold":0,"sold_today":0,"sales_last_days":0,"reserved_stock":0,"customer_returns":0,"warehouse_damage":0,"lost_in_post":0,"other_logs":0,"out_stock_days":0,"lost_sales":0,"has_location":false,"update_date":"2026-01-02T04:49:40","atum_locations":[],"atum_stock_status":"outofstock","restock_status":false,"low_stock_amount":"","sales_update_date":"2025-11-13T14:08:27","calc_backorders":null,"yoast_head":"<!-- This site is optimized with the Yoast SEO plugin v27.3 - https:\/\/yoast.com\/product\/yoast-seo-wordpress\/ -->\n<title>Gregory - Focal 48 Hiking Backpack - GoHike<\/title>\n<meta name=\"description\" content=\"Lightweight (1.25 kg) 48L ventilated backpack with FreeFloat hipbelt system, Polygiene\u00ae antibacterial panel, aluminum frame and enormous hip belt pockets \u2013 a comfortable ally for long hikes.\" \/>\n<meta name=\"robots\" content=\"index, follow, max-snippet:-1, max-image-preview:large, max-video-preview:-1\" \/>\n<link rel=\"canonical\" href=\"https:\/\/gohike.lv\/en\/produkts\/gregory-focal-48-hiking-backpack\/\" \/>\n<meta property=\"og:locale\" content=\"en_US\" \/>\n<meta property=\"og:type\" content=\"article\" \/>\n<meta property=\"og:title\" content=\"Gregory - Focal 48 Hiking Backpack - GoHike\" \/>\n<meta property=\"og:description\" content=\"Lightweight (1.25 kg) 48L ventilated backpack with FreeFloat hipbelt system, Polygiene\u00ae antibacterial panel, aluminum frame and enormous hip belt pockets \u2013 a comfortable ally for long hikes.\" \/>\n<meta property=\"og:url\" content=\"https:\/\/gohike.lv\/en\/produkts\/gregory-focal-48-hiking-backpack\/\" \/>\n<meta property=\"og:site_name\" content=\"GoHike\" \/>\n<meta property=\"article:publisher\" content=\"https:\/\/www.facebook.com\/gohike.shop\/\" \/>\n<meta property=\"article:modified_time\" content=\"2025-12-30T14:30:18+00:00\" \/>\n<meta property=\"og:image\" content=\"https:\/\/gohike.lv\/wp-content\/uploads\/2023\/08\/Logo_GoHike.webp\" \/>\n\t<meta property=\"og:image:width\" content=\"512\" \/>\n\t<meta property=\"og:image:height\" content=\"512\" \/>\n\t<meta property=\"og:image:type\" content=\"image\/webp\" \/>\n<meta name=\"twitter:card\" content=\"summary_large_image\" \/>\n<meta name=\"twitter:label1\" content=\"Est. reading time\" \/>\n\t<meta name=\"twitter:data1\" content=\"1 minute\" \/>\n<script type=\"application\/ld+json\" class=\"yoast-schema-graph\">{\"@context\":\"https:\\\/\\\/schema.org\",\"@graph\":[{\"@type\":[\"WebPage\",\"ItemPage\"],\"@id\":\"https:\\\/\\\/gohike.lv\\\/en\\\/produkts\\\/gregory-focal-48-hiking-backpack\\\/\",\"url\":\"https:\\\/\\\/gohike.lv\\\/en\\\/produkts\\\/gregory-focal-48-hiking-backpack\\\/\",\"name\":\"Gregory - Focal 48 Hiking Backpack - GoHike\",\"isPartOf\":{\"@id\":\"https:\\\/\\\/gohike.lv\\\/en\\\/#website\"},\"primaryImageOfPage\":{\"@id\":\"https:\\\/\\\/gohike.lv\\\/en\\\/produkts\\\/gregory-focal-48-hiking-backpack\\\/#primaryimage\"},\"image\":{\"@id\":\"https:\\\/\\\/gohike.lv\\\/en\\\/produkts\\\/gregory-focal-48-hiking-backpack\\\/#primaryimage\"},\"thumbnailUrl\":\"https:\\\/\\\/gohike.lv\\\/wp-content\\\/uploads\\\/2025\\\/07\\\/Focal48_.avif\",\"datePublished\":\"2025-07-05T13:37:39+00:00\",\"dateModified\":\"2025-12-30T14:30:18+00:00\",\"description\":\"Lightweight (1.25 kg) 48L ventilated backpack with FreeFloat hipbelt system, Polygiene\u00ae antibacterial panel, aluminum frame and enormous hip belt pockets \u2013 a comfortable ally for long hikes.\",\"breadcrumb\":{\"@id\":\"https:\\\/\\\/gohike.lv\\\/en\\\/produkts\\\/gregory-focal-48-hiking-backpack\\\/#breadcrumb\"},\"inLanguage\":\"en-US\",\"potentialAction\":[{\"@type\":\"ReadAction\",\"target\":[\"https:\\\/\\\/gohike.lv\\\/en\\\/produkts\\\/gregory-focal-48-hiking-backpack\\\/\"]}]},{\"@type\":\"ImageObject\",\"inLanguage\":\"en-US\",\"@id\":\"https:\\\/\\\/gohike.lv\\\/en\\\/produkts\\\/gregory-focal-48-hiking-backpack\\\/#primaryimage\",\"url\":\"https:\\\/\\\/gohike.lv\\\/wp-content\\\/uploads\\\/2025\\\/07\\\/Focal48_.avif\",\"contentUrl\":\"https:\\\/\\\/gohike.lv\\\/wp-content\\\/uploads\\\/2025\\\/07\\\/Focal48_.avif\",\"width\":912,\"height\":912},{\"@type\":\"BreadcrumbList\",\"@id\":\"https:\\\/\\\/gohike.lv\\\/en\\\/produkts\\\/gregory-focal-48-hiking-backpack\\\/#breadcrumb\",\"itemListElement\":[{\"@type\":\"ListItem\",\"position\":1,\"name\":\"Home\",\"item\":\"https:\\\/\\\/gohike.lv\\\/en\\\/\"},{\"@type\":\"ListItem\",\"position\":2,\"name\":\"Product categories\",\"item\":\"https:\\\/\\\/gohike.lv\\\/en\\\/product-categories\\\/\"},{\"@type\":\"ListItem\",\"position\":3,\"name\":\"Gregory &#8211; Focal 48 Hiking Backpack\"}]},{\"@type\":\"WebSite\",\"@id\":\"https:\\\/\\\/gohike.lv\\\/en\\\/#website\",\"url\":\"https:\\\/\\\/gohike.lv\\\/en\\\/\",\"name\":\"GoHike\",\"description\":\"\",\"publisher\":{\"@id\":\"https:\\\/\\\/gohike.lv\\\/en\\\/#organization\"},\"potentialAction\":[{\"@type\":\"SearchAction\",\"target\":{\"@type\":\"EntryPoint\",\"urlTemplate\":\"https:\\\/\\\/gohike.lv\\\/en\\\/?s={search_term_string}\"},\"query-input\":{\"@type\":\"PropertyValueSpecification\",\"valueRequired\":true,\"valueName\":\"search_term_string\"}}],\"inLanguage\":\"en-US\"},{\"@type\":\"Organization\",\"@id\":\"https:\\\/\\\/gohike.lv\\\/en\\\/#organization\",\"name\":\"GoHike\",\"url\":\"https:\\\/\\\/gohike.lv\\\/en\\\/\",\"logo\":{\"@type\":\"ImageObject\",\"inLanguage\":\"en-US\",\"@id\":\"https:\\\/\\\/gohike.lv\\\/en\\\/#\\\/schema\\\/logo\\\/image\\\/\",\"url\":\"https:\\\/\\\/gohike.lv\\\/wp-content\\\/uploads\\\/2023\\\/08\\\/Logo_GoHike.webp\",\"contentUrl\":\"https:\\\/\\\/gohike.lv\\\/wp-content\\\/uploads\\\/2023\\\/08\\\/Logo_GoHike.webp\",\"width\":512,\"height\":512,\"caption\":\"GoHike\"},\"image\":{\"@id\":\"https:\\\/\\\/gohike.lv\\\/en\\\/#\\\/schema\\\/logo\\\/image\\\/\"},\"sameAs\":[\"https:\\\/\\\/www.facebook.com\\\/gohike.shop\\\/\",\"https:\\\/\\\/www.instagram.com\\\/gohike.shop\\\/\"]}]}<\/script>\n<!-- \/ Yoast SEO plugin. -->","yoast_head_json":{"title":"Gregory - Focal 48 Hiking Backpack - GoHike","description":"Lightweight (1.25 kg) 48L ventilated backpack with FreeFloat hipbelt system, Polygiene\u00ae antibacterial panel, aluminum frame and enormous hip belt pockets \u2013 a comfortable ally for long hikes.","robots":{"index":"index","follow":"follow","max-snippet":"max-snippet:-1","max-image-preview":"max-image-preview:large","max-video-preview":"max-video-preview:-1"},"canonical":"https:\/\/gohike.lv\/en\/produkts\/gregory-focal-48-hiking-backpack\/","og_locale":"en_US","og_type":"article","og_title":"Gregory - Focal 48 Hiking Backpack - GoHike","og_description":"Lightweight (1.25 kg) 48L ventilated backpack with FreeFloat hipbelt system, Polygiene\u00ae antibacterial panel, aluminum frame and enormous hip belt pockets \u2013 a comfortable ally for long hikes.","og_url":"https:\/\/gohike.lv\/en\/produkts\/gregory-focal-48-hiking-backpack\/","og_site_name":"GoHike","article_publisher":"https:\/\/www.facebook.com\/gohike.shop\/","article_modified_time":"2025-12-30T14:30:18+00:00","og_image":[{"width":512,"height":512,"url":"https:\/\/gohike.lv\/wp-content\/uploads\/2023\/08\/Logo_GoHike.webp","type":"image\/webp"}],"twitter_card":"summary_large_image","twitter_misc":{"Est. reading time":"1 minute"},"schema":{"@context":"https:\/\/schema.org","@graph":[{"@type":["WebPage","ItemPage"],"@id":"https:\/\/gohike.lv\/en\/produkts\/gregory-focal-48-hiking-backpack\/","url":"https:\/\/gohike.lv\/en\/produkts\/gregory-focal-48-hiking-backpack\/","name":"Gregory - Focal 48 Hiking Backpack - GoHike","isPartOf":{"@id":"https:\/\/gohike.lv\/en\/#website"},"primaryImageOfPage":{"@id":"https:\/\/gohike.lv\/en\/produkts\/gregory-focal-48-hiking-backpack\/#primaryimage"},"image":{"@id":"https:\/\/gohike.lv\/en\/produkts\/gregory-focal-48-hiking-backpack\/#primaryimage"},"thumbnailUrl":"https:\/\/gohike.lv\/wp-content\/uploads\/2025\/07\/Focal48_.avif","datePublished":"2025-07-05T13:37:39+00:00","dateModified":"2025-12-30T14:30:18+00:00","description":"Lightweight (1.25 kg) 48L ventilated backpack with FreeFloat hipbelt system, Polygiene\u00ae antibacterial panel, aluminum frame and enormous hip belt pockets \u2013 a comfortable ally for long hikes.","breadcrumb":{"@id":"https:\/\/gohike.lv\/en\/produkts\/gregory-focal-48-hiking-backpack\/#breadcrumb"},"inLanguage":"en-US","potentialAction":[{"@type":"ReadAction","target":["https:\/\/gohike.lv\/en\/produkts\/gregory-focal-48-hiking-backpack\/"]}]},{"@type":"ImageObject","inLanguage":"en-US","@id":"https:\/\/gohike.lv\/en\/produkts\/gregory-focal-48-hiking-backpack\/#primaryimage","url":"https:\/\/gohike.lv\/wp-content\/uploads\/2025\/07\/Focal48_.avif","contentUrl":"https:\/\/gohike.lv\/wp-content\/uploads\/2025\/07\/Focal48_.avif","width":912,"height":912},{"@type":"BreadcrumbList","@id":"https:\/\/gohike.lv\/en\/produkts\/gregory-focal-48-hiking-backpack\/#breadcrumb","itemListElement":[{"@type":"ListItem","position":1,"name":"Home","item":"https:\/\/gohike.lv\/en\/"},{"@type":"ListItem","position":2,"name":"Product categories","item":"https:\/\/gohike.lv\/en\/product-categories\/"},{"@type":"ListItem","position":3,"name":"Gregory &#8211; Focal 48 Hiking Backpack"}]},{"@type":"WebSite","@id":"https:\/\/gohike.lv\/en\/#website","url":"https:\/\/gohike.lv\/en\/","name":"GoHike","description":"","publisher":{"@id":"https:\/\/gohike.lv\/en\/#organization"},"potentialAction":[{"@type":"SearchAction","target":{"@type":"EntryPoint","urlTemplate":"https:\/\/gohike.lv\/en\/?s={search_term_string}"},"query-input":{"@type":"PropertyValueSpecification","valueRequired":true,"valueName":"search_term_string"}}],"inLanguage":"en-US"},{"@type":"Organization","@id":"https:\/\/gohike.lv\/en\/#organization","name":"GoHike","url":"https:\/\/gohike.lv\/en\/","logo":{"@type":"ImageObject","inLanguage":"en-US","@id":"https:\/\/gohike.lv\/en\/#\/schema\/logo\/image\/","url":"https:\/\/gohike.lv\/wp-content\/uploads\/2023\/08\/Logo_GoHike.webp","contentUrl":"https:\/\/gohike.lv\/wp-content\/uploads\/2023\/08\/Logo_GoHike.webp","width":512,"height":512,"caption":"GoHike"},"image":{"@id":"https:\/\/gohike.lv\/en\/#\/schema\/logo\/image\/"},"sameAs":["https:\/\/www.facebook.com\/gohike.shop\/","https:\/\/www.instagram.com\/gohike.shop\/"]}]}},"jetpack_sharing_enabled":true,"_links":{"self":[{"href":"https:\/\/gohike.lv\/en\/wp-json\/wp\/v2\/product\/104237","targetHints":{"allow":["GET"]}}],"collection":[{"href":"https:\/\/gohike.lv\/en\/wp-json\/wp\/v2\/product"}],"about":[{"href":"https:\/\/gohike.lv\/en\/wp-json\/wp\/v2\/types\/product"}],"version-history":[{"count":0,"href":"https:\/\/gohike.lv\/en\/wp-json\/wp\/v2\/product\/104237\/revisions"}],"wp:featuredmedia":[{"embeddable":true,"href":"https:\/\/gohike.lv\/en\/wp-json\/wp\/v2\/media\/104156"}],"wp:attachment":[{"href":"https:\/\/gohike.lv\/en\/wp-json\/wp\/v2\/media?parent=104237"}],"wp:term":[{"taxonomy":"product_brand","embeddable":true,"href":"https:\/\/gohike.lv\/en\/wp-json\/wp\/v2\/product_brand?post=104237"},{"taxonomy":"product_cat","embeddable":true,"href":"https:\/\/gohike.lv\/en\/wp-json\/wp\/v2\/product_cat?post=104237"},{"taxonomy":"product_tag","embeddable":true,"href":"https:\/\/gohike.lv\/en\/wp-json\/wp\/v2\/product_tag?post=104237"}],"curies":[{"name":"wp","href":"https:\/\/api.w.org\/{rel}","templated":true}]}}