{"id":68828,"date":"2024-07-10T12:26:04","date_gmt":"2024-07-10T09:26:04","guid":{"rendered":"https:\/\/gohike.lv\/?page_id=68828"},"modified":"2025-02-24T19:46:13","modified_gmt":"2025-02-24T16:46:13","slug":"gift-card","status":"publish","type":"page","link":"https:\/\/gohike.lv\/en\/gift-card\/","title":{"rendered":"Gift Card"},"content":{"rendered":"\t\t<div data-elementor-type=\"wp-page\" data-elementor-id=\"68828\" class=\"elementor elementor-68828 elementor-60191\">\n\t\t\t\t\t\t<section class=\"elementor-section elementor-top-section elementor-element elementor-element-f570d1f elementor-section-boxed elementor-section-height-default elementor-section-height-default\" data-id=\"f570d1f\" data-element_type=\"section\" data-e-type=\"section\">\n\t\t\t\t\t\t<div class=\"elementor-container elementor-column-gap-default\">\n\t\t\t\t\t<div class=\"elementor-column elementor-col-25 elementor-top-column elementor-element elementor-element-0709f08\" data-id=\"0709f08\" data-element_type=\"column\" data-e-type=\"column\">\n\t\t\t<div class=\"elementor-widget-wrap\">\n\t\t\t\t\t\t\t<\/div>\n\t\t<\/div>\n\t\t\t\t<div class=\"elementor-column elementor-col-50 elementor-top-column elementor-element elementor-element-d15efee\" data-id=\"d15efee\" data-element_type=\"column\" data-e-type=\"column\">\n\t\t\t<div class=\"elementor-widget-wrap elementor-element-populated\">\n\t\t\t\t\t\t<div class=\"elementor-element elementor-element-c7290f8 elementor-widget elementor-widget-image\" data-id=\"c7290f8\" data-element_type=\"widget\" data-e-type=\"widget\" data-widget_type=\"image.default\">\n\t\t\t\t<div class=\"elementor-widget-container\">\n\t\t\t\t\t\t\t\t\t\t\t\t\t\t\t<img fetchpriority=\"high\" decoding=\"async\" width=\"850\" height=\"500\" src=\"https:\/\/gohike.lv\/wp-content\/uploads\/2024\/07\/davanu_karte_gohike.webp\" class=\"attachment-large size-large wp-image-60211\" alt=\"davanu_karte_gohike\" srcset=\"https:\/\/gohike.lv\/wp-content\/uploads\/2024\/07\/davanu_karte_gohike.webp 850w, https:\/\/gohike.lv\/wp-content\/uploads\/2024\/07\/davanu_karte_gohike-480x282.webp 480w, https:\/\/gohike.lv\/wp-content\/uploads\/2024\/07\/davanu_karte_gohike-768x452.webp 768w, https:\/\/gohike.lv\/wp-content\/uploads\/2024\/07\/davanu_karte_gohike-700x412.webp 700w, https:\/\/gohike.lv\/wp-content\/uploads\/2024\/07\/davanu_karte_gohike-150x88.webp 150w\" sizes=\"(max-width: 850px) 100vw, 850px\" \/>\t\t\t\t\t\t\t\t\t\t\t\t\t\t\t<\/div>\n\t\t\t\t<\/div>\n\t\t\t\t\t<\/div>\n\t\t<\/div>\n\t\t\t\t<div class=\"elementor-column elementor-col-25 elementor-top-column elementor-element elementor-element-6378fd1\" data-id=\"6378fd1\" data-element_type=\"column\" data-e-type=\"column\">\n\t\t\t<div class=\"elementor-widget-wrap\">\n\t\t\t\t\t\t\t<\/div>\n\t\t<\/div>\n\t\t\t\t\t<\/div>\n\t\t<\/section>\n\t\t\t\t<section class=\"elementor-section elementor-top-section elementor-element elementor-element-0be2291 elementor-section-boxed elementor-section-height-default elementor-section-height-default\" data-id=\"0be2291\" data-element_type=\"section\" data-e-type=\"section\">\n\t\t\t\t\t\t<div class=\"elementor-container elementor-column-gap-default\">\n\t\t\t\t\t<div class=\"elementor-column elementor-col-100 elementor-top-column elementor-element elementor-element-3608837\" data-id=\"3608837\" data-element_type=\"column\" data-e-type=\"column\">\n\t\t\t<div class=\"elementor-widget-wrap elementor-element-populated\">\n\t\t\t\t\t\t<div class=\"elementor-element elementor-element-8dcb33d elementor-widget elementor-widget-heading\" data-id=\"8dcb33d\" data-element_type=\"widget\" data-e-type=\"widget\" data-widget_type=\"heading.default\">\n\t\t\t\t<div class=\"elementor-widget-container\">\n\t\t\t\t\t<h6 class=\"elementor-heading-title elementor-size-default\"><a href=\"https:\/\/gohike.lv\/en\/produkts\/gohike-gift-card-the-perfect-gift-for-adventurers\/\">The gift card can be purchased at our store located at Martas iela 9, Riga, or online with delivery to a parcel locker.<\/a><\/h6>\t\t\t\t<\/div>\n\t\t\t\t<\/div>\n\t\t\t\t\t<\/div>\n\t\t<\/div>\n\t\t\t\t\t<\/div>\n\t\t<\/section>\n\t\t\t\t<section class=\"elementor-section elementor-top-section elementor-element elementor-element-73bae70 elementor-section-boxed elementor-section-height-default elementor-section-height-default\" data-id=\"73bae70\" data-element_type=\"section\" data-e-type=\"section\">\n\t\t\t\t\t\t<div class=\"elementor-container elementor-column-gap-default\">\n\t\t\t\t\t<div class=\"elementor-column elementor-col-100 elementor-top-column elementor-element elementor-element-c8d4251\" data-id=\"c8d4251\" data-element_type=\"column\" data-e-type=\"column\">\n\t\t\t<div class=\"elementor-widget-wrap elementor-element-populated\">\n\t\t\t\t\t\t<div class=\"elementor-element elementor-element-46bf07d elementor-widget elementor-widget-pressmart-button\" data-id=\"46bf07d\" data-element_type=\"widget\" data-e-type=\"widget\" data-widget_type=\"pressmart-button.default\">\n\t\t\t\t<div class=\"elementor-widget-container\">\n\t\t\t\t\t<div id=\"pressmart-button-17484\" class=\"pressmart-element pressmart-button\">\n\t<a class=\"button btn-style-outline btn-shape-rounded btn-color-default\" href=\"https:\/\/gohike.lv\/en\/produkts\/gohike-gift-card-the-perfect-gift-for-adventurers\/\" >\n\t\tOrder\t<\/a>\n<\/div>\n\t\t\t\t<\/div>\n\t\t\t\t<\/div>\n\t\t\t\t\t<\/div>\n\t\t<\/div>\n\t\t\t\t\t<\/div>\n\t\t<\/section>\n\t\t\t\t<section class=\"elementor-section elementor-top-section elementor-element elementor-element-4c36805 elementor-section-boxed elementor-section-height-default elementor-section-height-default\" data-id=\"4c36805\" data-element_type=\"section\" data-e-type=\"section\">\n\t\t\t\t\t\t<div class=\"elementor-container elementor-column-gap-default\">\n\t\t\t\t\t<div class=\"elementor-column elementor-col-25 elementor-top-column elementor-element elementor-element-fc9931d\" data-id=\"fc9931d\" data-element_type=\"column\" data-e-type=\"column\">\n\t\t\t<div class=\"elementor-widget-wrap\">\n\t\t\t\t\t\t\t<\/div>\n\t\t<\/div>\n\t\t\t\t<div class=\"elementor-column elementor-col-50 elementor-top-column elementor-element elementor-element-77342f2\" data-id=\"77342f2\" data-element_type=\"column\" data-e-type=\"column\">\n\t\t\t<div class=\"elementor-widget-wrap elementor-element-populated\">\n\t\t\t\t\t\t<div class=\"elementor-element elementor-element-a7ed6a1 elementor-widget elementor-widget-text-editor\" data-id=\"a7ed6a1\" data-element_type=\"widget\" data-e-type=\"widget\" data-widget_type=\"text-editor.default\">\n\t\t\t\t<div class=\"elementor-widget-container\">\n\t\t\t\t\t\t\t\t\t<p data-pm-slice=\"1 1 []\">GoHike Gift Card \u2013 The Perfect Gift for Adventure Seekers!<\/p><p>Looking for a unique and practical gift that will delight everyone? The GoHike gift card is an excellent choice for surprising your friends and family, regardless of their interests.<\/p><p>Our gift cards are available in values of \u20ac30, \u20ac50, \u20ac75, \u20ac100, \u20ac200, and \u20ac400, allowing recipients to select the perfect items from our extensive range of products. The gift card is valid for one year.<\/p><p>Not only practical, our gift card also stands out with its attractive design \u2013 featuring a specially crafted look and elegant envelope to make the gift-giving experience even more enjoyable!<\/p><p>At GoHike, you&#8217;ll find a wide variety of products suitable for everyone \u2013 from outdoor enthusiasts to those seeking comfortable and practical everyday solutions. We offer numerous items for children, including tents, chairs, sleeping bags, hats, and much more. Every adventure lover and outdoor enthusiast will find something special in our store!<\/p><p>Experience the comfort of home outdoors with GoHike!<\/p>\t\t\t\t\t\t\t\t<\/div>\n\t\t\t\t<\/div>\n\t\t\t\t\t<\/div>\n\t\t<\/div>\n\t\t\t\t<div class=\"elementor-column elementor-col-25 elementor-top-column elementor-element elementor-element-7acf525\" data-id=\"7acf525\" data-element_type=\"column\" data-e-type=\"column\">\n\t\t\t<div class=\"elementor-widget-wrap\">\n\t\t\t\t\t\t\t<\/div>\n\t\t<\/div>\n\t\t\t\t\t<\/div>\n\t\t<\/section>\n\t\t\t\t<section class=\"elementor-section elementor-top-section elementor-element elementor-element-7d0265b elementor-section-boxed elementor-section-height-default elementor-section-height-default\" data-id=\"7d0265b\" data-element_type=\"section\" data-e-type=\"section\">\n\t\t\t\t\t\t<div class=\"elementor-container elementor-column-gap-default\">\n\t\t\t\t\t<div class=\"elementor-column elementor-col-100 elementor-top-column elementor-element elementor-element-f207f39\" data-id=\"f207f39\" data-element_type=\"column\" data-e-type=\"column\">\n\t\t\t<div class=\"elementor-widget-wrap\">\n\t\t\t\t\t\t\t<\/div>\n\t\t<\/div>\n\t\t\t\t\t<\/div>\n\t\t<\/section>\n\t\t\t\t<\/div>\n\t\t","protected":false},"excerpt":{"rendered":"<p>The gift card can be purchased at our store located at Martas iela 9, Riga, or online with delivery to a parcel locker. Order GoHike Gift Card \u2013 The Perfect<\/p>\n","protected":false},"author":1,"featured_media":60205,"parent":0,"menu_order":0,"comment_status":"closed","ping_status":"closed","template":"","meta":{"footnotes":""},"class_list":["post-68828","page","type-page","status-publish","has-post-thumbnail","hentry"],"yoast_head":"<!-- This site is optimized with the Yoast SEO plugin v27.5 - https:\/\/yoast.com\/product\/yoast-seo-wordpress\/ -->\n<title>Gift Card - GoHike<\/title>\n<meta name=\"description\" content=\"Vai mekl\u0113jat \u012bpa\u0161u un noder\u012bgu d\u0101vanu, kas p\u0101rsteigs ikvienu? GoHike d\u0101vanu karte ir lieliska izv\u0113le, lai iepriecin\u0101tu draugus un \u0123imeni, neatkar\u012bgi no vi\u0146u interes\u0113m. D\u0101vanu karti ir iesp\u0113jams ieg\u0101d\u0101ties m\u016bsu veikal\u0101 Martas iel\u0101 9, R\u012bg\u0101.\" \/>\n<meta name=\"robots\" content=\"index, follow, max-snippet:-1, max-image-preview:large, max-video-preview:-1\" \/>\n<link rel=\"canonical\" href=\"https:\/\/gohike.lv\/en\/gift-card\/\" \/>\n<meta property=\"og:locale\" content=\"en_US\" \/>\n<meta property=\"og:type\" content=\"article\" \/>\n<meta property=\"og:title\" content=\"Gift Card - GoHike\" \/>\n<meta property=\"og:description\" content=\"Vai mekl\u0113jat \u012bpa\u0161u un noder\u012bgu d\u0101vanu, kas p\u0101rsteigs ikvienu? GoHike d\u0101vanu karte ir lieliska izv\u0113le, lai iepriecin\u0101tu draugus un \u0123imeni, neatkar\u012bgi no vi\u0146u interes\u0113m. D\u0101vanu karti ir iesp\u0113jams ieg\u0101d\u0101ties m\u016bsu veikal\u0101 Martas iel\u0101 9, R\u012bg\u0101.\" \/>\n<meta property=\"og:url\" content=\"https:\/\/gohike.lv\/en\/gift-card\/\" \/>\n<meta property=\"og:site_name\" content=\"GoHike\" \/>\n<meta property=\"article:publisher\" content=\"https:\/\/www.facebook.com\/gohike.shop\/\" \/>\n<meta property=\"article:modified_time\" content=\"2025-02-24T16:46:13+00:00\" \/>\n<meta property=\"og:image\" content=\"https:\/\/gohike.lv\/wp-content\/uploads\/2024\/07\/davanukarte_gohike.webp\" \/>\n\t<meta property=\"og:image:width\" content=\"976\" \/>\n\t<meta property=\"og:image:height\" content=\"732\" \/>\n\t<meta property=\"og:image:type\" content=\"image\/webp\" \/>\n<meta name=\"twitter:card\" content=\"summary_large_image\" \/>\n<meta name=\"twitter:label1\" content=\"Est. reading time\" \/>\n\t<meta name=\"twitter:data1\" content=\"2 minutes\" \/>\n<script type=\"application\/ld+json\" class=\"yoast-schema-graph\">{\"@context\":\"https:\\\/\\\/schema.org\",\"@graph\":[{\"@type\":\"WebPage\",\"@id\":\"https:\\\/\\\/gohike.lv\\\/en\\\/gift-card\\\/\",\"url\":\"https:\\\/\\\/gohike.lv\\\/en\\\/gift-card\\\/\",\"name\":\"Gift Card - GoHike\",\"isPartOf\":{\"@id\":\"https:\\\/\\\/gohike.lv\\\/en\\\/#website\"},\"primaryImageOfPage\":{\"@id\":\"https:\\\/\\\/gohike.lv\\\/en\\\/gift-card\\\/#primaryimage\"},\"image\":{\"@id\":\"https:\\\/\\\/gohike.lv\\\/en\\\/gift-card\\\/#primaryimage\"},\"thumbnailUrl\":\"https:\\\/\\\/gohike.lv\\\/wp-content\\\/uploads\\\/2024\\\/07\\\/davanukarte_gohike.webp\",\"datePublished\":\"2024-07-10T09:26:04+00:00\",\"dateModified\":\"2025-02-24T16:46:13+00:00\",\"description\":\"Vai mekl\u0113jat \u012bpa\u0161u un noder\u012bgu d\u0101vanu, kas p\u0101rsteigs ikvienu? GoHike d\u0101vanu karte ir lieliska izv\u0113le, lai iepriecin\u0101tu draugus un \u0123imeni, neatkar\u012bgi no vi\u0146u interes\u0113m. D\u0101vanu karti ir iesp\u0113jams ieg\u0101d\u0101ties m\u016bsu veikal\u0101 Martas iel\u0101 9, R\u012bg\u0101.\",\"breadcrumb\":{\"@id\":\"https:\\\/\\\/gohike.lv\\\/en\\\/gift-card\\\/#breadcrumb\"},\"inLanguage\":\"en-US\",\"potentialAction\":[{\"@type\":\"ReadAction\",\"target\":[\"https:\\\/\\\/gohike.lv\\\/en\\\/gift-card\\\/\"]}]},{\"@type\":\"ImageObject\",\"inLanguage\":\"en-US\",\"@id\":\"https:\\\/\\\/gohike.lv\\\/en\\\/gift-card\\\/#primaryimage\",\"url\":\"https:\\\/\\\/gohike.lv\\\/wp-content\\\/uploads\\\/2024\\\/07\\\/davanukarte_gohike.webp\",\"contentUrl\":\"https:\\\/\\\/gohike.lv\\\/wp-content\\\/uploads\\\/2024\\\/07\\\/davanukarte_gohike.webp\",\"width\":976,\"height\":732,\"caption\":\"davanu_karte_gohike\"},{\"@type\":\"BreadcrumbList\",\"@id\":\"https:\\\/\\\/gohike.lv\\\/en\\\/gift-card\\\/#breadcrumb\",\"itemListElement\":[{\"@type\":\"ListItem\",\"position\":1,\"name\":\"Home\",\"item\":\"https:\\\/\\\/gohike.lv\\\/en\\\/\"},{\"@type\":\"ListItem\",\"position\":2,\"name\":\"Gift Card\"}]},{\"@type\":\"WebSite\",\"@id\":\"https:\\\/\\\/gohike.lv\\\/en\\\/#website\",\"url\":\"https:\\\/\\\/gohike.lv\\\/en\\\/\",\"name\":\"GoHike\",\"description\":\"\",\"publisher\":{\"@id\":\"https:\\\/\\\/gohike.lv\\\/en\\\/#organization\"},\"potentialAction\":[{\"@type\":\"SearchAction\",\"target\":{\"@type\":\"EntryPoint\",\"urlTemplate\":\"https:\\\/\\\/gohike.lv\\\/en\\\/?s={search_term_string}\"},\"query-input\":{\"@type\":\"PropertyValueSpecification\",\"valueRequired\":true,\"valueName\":\"search_term_string\"}}],\"inLanguage\":\"en-US\"},{\"@type\":\"Organization\",\"@id\":\"https:\\\/\\\/gohike.lv\\\/en\\\/#organization\",\"name\":\"GoHike\",\"url\":\"https:\\\/\\\/gohike.lv\\\/en\\\/\",\"logo\":{\"@type\":\"ImageObject\",\"inLanguage\":\"en-US\",\"@id\":\"https:\\\/\\\/gohike.lv\\\/en\\\/#\\\/schema\\\/logo\\\/image\\\/\",\"url\":\"https:\\\/\\\/gohike.lv\\\/wp-content\\\/uploads\\\/2023\\\/08\\\/Logo_GoHike.webp\",\"contentUrl\":\"https:\\\/\\\/gohike.lv\\\/wp-content\\\/uploads\\\/2023\\\/08\\\/Logo_GoHike.webp\",\"width\":512,\"height\":512,\"caption\":\"GoHike\"},\"image\":{\"@id\":\"https:\\\/\\\/gohike.lv\\\/en\\\/#\\\/schema\\\/logo\\\/image\\\/\"},\"sameAs\":[\"https:\\\/\\\/www.facebook.com\\\/gohike.shop\\\/\",\"https:\\\/\\\/www.instagram.com\\\/gohike.shop\\\/\"]}]}<\/script>\n<!-- \/ Yoast SEO plugin. -->","yoast_head_json":{"title":"Gift Card - GoHike","description":"Vai mekl\u0113jat \u012bpa\u0161u un noder\u012bgu d\u0101vanu, kas p\u0101rsteigs ikvienu? GoHike d\u0101vanu karte ir lieliska izv\u0113le, lai iepriecin\u0101tu draugus un \u0123imeni, neatkar\u012bgi no vi\u0146u interes\u0113m. D\u0101vanu karti ir iesp\u0113jams ieg\u0101d\u0101ties m\u016bsu veikal\u0101 Martas iel\u0101 9, R\u012bg\u0101.","robots":{"index":"index","follow":"follow","max-snippet":"max-snippet:-1","max-image-preview":"max-image-preview:large","max-video-preview":"max-video-preview:-1"},"canonical":"https:\/\/gohike.lv\/en\/gift-card\/","og_locale":"en_US","og_type":"article","og_title":"Gift Card - GoHike","og_description":"Vai mekl\u0113jat \u012bpa\u0161u un noder\u012bgu d\u0101vanu, kas p\u0101rsteigs ikvienu? GoHike d\u0101vanu karte ir lieliska izv\u0113le, lai iepriecin\u0101tu draugus un \u0123imeni, neatkar\u012bgi no vi\u0146u interes\u0113m. D\u0101vanu karti ir iesp\u0113jams ieg\u0101d\u0101ties m\u016bsu veikal\u0101 Martas iel\u0101 9, R\u012bg\u0101.","og_url":"https:\/\/gohike.lv\/en\/gift-card\/","og_site_name":"GoHike","article_publisher":"https:\/\/www.facebook.com\/gohike.shop\/","article_modified_time":"2025-02-24T16:46:13+00:00","og_image":[{"width":976,"height":732,"url":"https:\/\/gohike.lv\/wp-content\/uploads\/2024\/07\/davanukarte_gohike.webp","type":"image\/webp"}],"twitter_card":"summary_large_image","twitter_misc":{"Est. reading time":"2 minutes"},"schema":{"@context":"https:\/\/schema.org","@graph":[{"@type":"WebPage","@id":"https:\/\/gohike.lv\/en\/gift-card\/","url":"https:\/\/gohike.lv\/en\/gift-card\/","name":"Gift Card - GoHike","isPartOf":{"@id":"https:\/\/gohike.lv\/en\/#website"},"primaryImageOfPage":{"@id":"https:\/\/gohike.lv\/en\/gift-card\/#primaryimage"},"image":{"@id":"https:\/\/gohike.lv\/en\/gift-card\/#primaryimage"},"thumbnailUrl":"https:\/\/gohike.lv\/wp-content\/uploads\/2024\/07\/davanukarte_gohike.webp","datePublished":"2024-07-10T09:26:04+00:00","dateModified":"2025-02-24T16:46:13+00:00","description":"Vai mekl\u0113jat \u012bpa\u0161u un noder\u012bgu d\u0101vanu, kas p\u0101rsteigs ikvienu? GoHike d\u0101vanu karte ir lieliska izv\u0113le, lai iepriecin\u0101tu draugus un \u0123imeni, neatkar\u012bgi no vi\u0146u interes\u0113m. D\u0101vanu karti ir iesp\u0113jams ieg\u0101d\u0101ties m\u016bsu veikal\u0101 Martas iel\u0101 9, R\u012bg\u0101.","breadcrumb":{"@id":"https:\/\/gohike.lv\/en\/gift-card\/#breadcrumb"},"inLanguage":"en-US","potentialAction":[{"@type":"ReadAction","target":["https:\/\/gohike.lv\/en\/gift-card\/"]}]},{"@type":"ImageObject","inLanguage":"en-US","@id":"https:\/\/gohike.lv\/en\/gift-card\/#primaryimage","url":"https:\/\/gohike.lv\/wp-content\/uploads\/2024\/07\/davanukarte_gohike.webp","contentUrl":"https:\/\/gohike.lv\/wp-content\/uploads\/2024\/07\/davanukarte_gohike.webp","width":976,"height":732,"caption":"davanu_karte_gohike"},{"@type":"BreadcrumbList","@id":"https:\/\/gohike.lv\/en\/gift-card\/#breadcrumb","itemListElement":[{"@type":"ListItem","position":1,"name":"Home","item":"https:\/\/gohike.lv\/en\/"},{"@type":"ListItem","position":2,"name":"Gift Card"}]},{"@type":"WebSite","@id":"https:\/\/gohike.lv\/en\/#website","url":"https:\/\/gohike.lv\/en\/","name":"GoHike","description":"","publisher":{"@id":"https:\/\/gohike.lv\/en\/#organization"},"potentialAction":[{"@type":"SearchAction","target":{"@type":"EntryPoint","urlTemplate":"https:\/\/gohike.lv\/en\/?s={search_term_string}"},"query-input":{"@type":"PropertyValueSpecification","valueRequired":true,"valueName":"search_term_string"}}],"inLanguage":"en-US"},{"@type":"Organization","@id":"https:\/\/gohike.lv\/en\/#organization","name":"GoHike","url":"https:\/\/gohike.lv\/en\/","logo":{"@type":"ImageObject","inLanguage":"en-US","@id":"https:\/\/gohike.lv\/en\/#\/schema\/logo\/image\/","url":"https:\/\/gohike.lv\/wp-content\/uploads\/2023\/08\/Logo_GoHike.webp","contentUrl":"https:\/\/gohike.lv\/wp-content\/uploads\/2023\/08\/Logo_GoHike.webp","width":512,"height":512,"caption":"GoHike"},"image":{"@id":"https:\/\/gohike.lv\/en\/#\/schema\/logo\/image\/"},"sameAs":["https:\/\/www.facebook.com\/gohike.shop\/","https:\/\/www.instagram.com\/gohike.shop\/"]}]}},"jetpack_sharing_enabled":true,"_links":{"self":[{"href":"https:\/\/gohike.lv\/en\/wp-json\/wp\/v2\/pages\/68828","targetHints":{"allow":["GET"]}}],"collection":[{"href":"https:\/\/gohike.lv\/en\/wp-json\/wp\/v2\/pages"}],"about":[{"href":"https:\/\/gohike.lv\/en\/wp-json\/wp\/v2\/types\/page"}],"author":[{"embeddable":true,"href":"https:\/\/gohike.lv\/en\/wp-json\/wp\/v2\/users\/1"}],"replies":[{"embeddable":true,"href":"https:\/\/gohike.lv\/en\/wp-json\/wp\/v2\/comments?post=68828"}],"version-history":[{"count":0,"href":"https:\/\/gohike.lv\/en\/wp-json\/wp\/v2\/pages\/68828\/revisions"}],"wp:featuredmedia":[{"embeddable":true,"href":"https:\/\/gohike.lv\/en\/wp-json\/wp\/v2\/media\/60205"}],"wp:attachment":[{"href":"https:\/\/gohike.lv\/en\/wp-json\/wp\/v2\/media?parent=68828"}],"curies":[{"name":"wp","href":"https:\/\/api.w.org\/{rel}","templated":true}]}}